{"id":949,"date":"2022-09-23T14:24:18","date_gmt":"2022-09-23T14:24:18","guid":{"rendered":"https:\/\/www.enabags.es\/?post_type=product&#038;p=949"},"modified":"2023-04-13T16:04:14","modified_gmt":"2023-04-13T16:04:14","slug":"tote-bag-estampado-cuadros-blanco","status":"publish","type":"product","link":"https:\/\/www.enabags.es\/index.php\/producto\/tote-bag-estampado-cuadros-blanco\/","title":{"rendered":"BOLSO PRIMAVERA CUADROS BLANCO (Opci\u00f3n de personalizar)"},"content":{"rendered":"<p>Bolso estilo tote bag de color <strong>blanco<\/strong>, tama\u00f1o mediano. Material de piel sint\u00e9tica y estampado con detalles de cuadros. Cierre de cremallera. Bolsillo con cierre en su parte exterior trasera y dispone de varios departamentos en su interior. Tiene asas para la mano y dispone de una correa ajustable y extra\u00edble a modo bandolera.<\/p>\n<p><em>&#8220;Si tuviera que ponerle un nombre propio a este bolso ser\u00eda &#8220;Tommy el multiusos&#8221;, porque nunca hab\u00eda visto un bolso que quedara bien en invierno, verano, oto\u00f1o y primavera por igual; ni tampoco un bolso que quedara bien tanto en un outfit casual, como en uno elegante; o para quedadas de noche y de d\u00eda a la vez.&#8221;<\/em><\/p>\n<p>&nbsp;<\/p>\n","protected":false},"excerpt":{"rendered":"<p style=\"text-align: center;\">Bolso estilo tote bag de color <strong>blanco<\/strong>, tama\u00f1o mediano. Material de piel sint\u00e9tica y estampado con detalles de cuadros. Cierre de cremallera. Bolsillo con cierre en su parte exterior trasera y dispone de varios departamentos en su interior. Tiene asas para la mano y dispone de una correa ajustable y extra\u00edble a modo bandolera.<\/p>\n<p style=\"text-align: center;\"><strong>NO PERSONALIZABLE.<\/strong><\/p>\n<p style=\"text-align: center;\">GASTOS DE ENV\u00cdO INCLUIDOS EN EL PRECIO.<\/p>\n<p style=\"text-align: center;\">(Disponible en color rosa y blanco)<\/p>\n<p style=\"text-align: center;\">MEDIDAS: 26 CM ALTO X 33 LARGO X 6 ANCHO.<\/p>\n","protected":false},"featured_media":0,"comment_status":"open","ping_status":"closed","template":"","meta":[],"product_cat":[32,17],"product_tag":[],"class_list":["post-949","product","type-product","status-publish","hentry","product_cat-bolsos-grandes","product_cat-ver-todo"],"yoast_head":"<!-- This site is optimized with the Yoast SEO plugin v21.9.1 - https:\/\/yoast.com\/wordpress\/plugins\/seo\/ -->\n<title>BOLSO PRIMAVERA CUADROS BLANCO (Opci\u00f3n de personalizar) - Enabags<\/title>\n<meta name=\"robots\" content=\"index, follow, max-snippet:-1, max-image-preview:large, max-video-preview:-1\" \/>\n<link rel=\"canonical\" href=\"https:\/\/www.enabags.es\/index.php\/producto\/tote-bag-estampado-cuadros-blanco\/\" \/>\n<meta property=\"og:locale\" content=\"es_ES\" \/>\n<meta property=\"og:type\" content=\"article\" \/>\n<meta property=\"og:title\" content=\"BOLSO PRIMAVERA CUADROS BLANCO (Opci\u00f3n de personalizar) - Enabags\" \/>\n<meta property=\"og:description\" content=\"Bolso estilo tote bag de color blanco, tama\u00f1o mediano. Material de piel sint\u00e9tica y estampado con detalles de cuadros. Cierre de cremallera. Bolsillo con cierre en su parte exterior trasera y dispone de varios departamentos en su interior. Tiene asas para la mano y dispone de una correa ajustable y extra\u00edble a modo bandolera. NO PERSONALIZABLE. GASTOS DE ENV\u00cdO INCLUIDOS EN EL PRECIO. (Disponible en color rosa y blanco) MEDIDAS: 26 CM ALTO X 33 LARGO X 6 ANCHO.\" \/>\n<meta property=\"og:url\" content=\"https:\/\/www.enabags.es\/index.php\/producto\/tote-bag-estampado-cuadros-blanco\/\" \/>\n<meta property=\"og:site_name\" content=\"Enabags\" \/>\n<meta property=\"article:publisher\" content=\"https:\/\/www.facebook.com\/enabags.es\/\" \/>\n<meta property=\"article:modified_time\" content=\"2023-04-13T16:04:14+00:00\" \/>\n<meta property=\"og:image\" content=\"https:\/\/www.enabags.es\/wp-content\/uploads\/2022\/09\/BOLSO-CUADRADOS-PIEL-BEIG-2.jpg\" \/>\n\t<meta property=\"og:image:width\" content=\"180\" \/>\n\t<meta property=\"og:image:height\" content=\"240\" \/>\n\t<meta property=\"og:image:type\" content=\"image\/jpeg\" \/>\n<meta name=\"twitter:card\" content=\"summary_large_image\" \/>\n<meta name=\"twitter:label1\" content=\"Tiempo de lectura\" \/>\n\t<meta name=\"twitter:data1\" content=\"1 minuto\" \/>\n<script type=\"application\/ld+json\" class=\"yoast-schema-graph\">{\"@context\":\"https:\/\/schema.org\",\"@graph\":[{\"@type\":\"WebPage\",\"@id\":\"https:\/\/www.enabags.es\/index.php\/producto\/tote-bag-estampado-cuadros-blanco\/\",\"url\":\"https:\/\/www.enabags.es\/index.php\/producto\/tote-bag-estampado-cuadros-blanco\/\",\"name\":\"BOLSO PRIMAVERA CUADROS BLANCO (Opci\u00f3n de personalizar) - Enabags\",\"isPartOf\":{\"@id\":\"https:\/\/www.enabags.es\/#website\"},\"datePublished\":\"2022-09-23T14:24:18+00:00\",\"dateModified\":\"2023-04-13T16:04:14+00:00\",\"breadcrumb\":{\"@id\":\"https:\/\/www.enabags.es\/index.php\/producto\/tote-bag-estampado-cuadros-blanco\/#breadcrumb\"},\"inLanguage\":\"es\",\"potentialAction\":[{\"@type\":\"ReadAction\",\"target\":[\"https:\/\/www.enabags.es\/index.php\/producto\/tote-bag-estampado-cuadros-blanco\/\"]}]},{\"@type\":\"BreadcrumbList\",\"@id\":\"https:\/\/www.enabags.es\/index.php\/producto\/tote-bag-estampado-cuadros-blanco\/#breadcrumb\",\"itemListElement\":[{\"@type\":\"ListItem\",\"position\":1,\"name\":\"Portada\",\"item\":\"https:\/\/www.enabags.es\/\"},{\"@type\":\"ListItem\",\"position\":2,\"name\":\"Tienda\",\"item\":\"https:\/\/www.enabags.es\/index.php\/tienda\/\"},{\"@type\":\"ListItem\",\"position\":3,\"name\":\"BOLSO PRIMAVERA CUADROS BLANCO (Opci\u00f3n de personalizar)\"}]},{\"@type\":\"WebSite\",\"@id\":\"https:\/\/www.enabags.es\/#website\",\"url\":\"https:\/\/www.enabags.es\/\",\"name\":\"ENABAGS.ES\",\"description\":\"ENABAGS\",\"potentialAction\":[{\"@type\":\"SearchAction\",\"target\":{\"@type\":\"EntryPoint\",\"urlTemplate\":\"https:\/\/www.enabags.es\/?s={search_term_string}\"},\"query-input\":\"required name=search_term_string\"}],\"inLanguage\":\"es\"}]}<\/script>\n<!-- \/ Yoast SEO plugin. -->","yoast_head_json":{"title":"BOLSO PRIMAVERA CUADROS BLANCO (Opci\u00f3n de personalizar) - Enabags","robots":{"index":"index","follow":"follow","max-snippet":"max-snippet:-1","max-image-preview":"max-image-preview:large","max-video-preview":"max-video-preview:-1"},"canonical":"https:\/\/www.enabags.es\/index.php\/producto\/tote-bag-estampado-cuadros-blanco\/","og_locale":"es_ES","og_type":"article","og_title":"BOLSO PRIMAVERA CUADROS BLANCO (Opci\u00f3n de personalizar) - Enabags","og_description":"Bolso estilo tote bag de color blanco, tama\u00f1o mediano. Material de piel sint\u00e9tica y estampado con detalles de cuadros. Cierre de cremallera. Bolsillo con cierre en su parte exterior trasera y dispone de varios departamentos en su interior. Tiene asas para la mano y dispone de una correa ajustable y extra\u00edble a modo bandolera. NO PERSONALIZABLE. GASTOS DE ENV\u00cdO INCLUIDOS EN EL PRECIO. (Disponible en color rosa y blanco) MEDIDAS: 26 CM ALTO X 33 LARGO X 6 ANCHO.","og_url":"https:\/\/www.enabags.es\/index.php\/producto\/tote-bag-estampado-cuadros-blanco\/","og_site_name":"Enabags","article_publisher":"https:\/\/www.facebook.com\/enabags.es\/","article_modified_time":"2023-04-13T16:04:14+00:00","og_image":[{"width":180,"height":240,"url":"https:\/\/www.enabags.es\/wp-content\/uploads\/2022\/09\/BOLSO-CUADRADOS-PIEL-BEIG-2.jpg","type":"image\/jpeg"}],"twitter_card":"summary_large_image","twitter_misc":{"Tiempo de lectura":"1 minuto"},"schema":{"@context":"https:\/\/schema.org","@graph":[{"@type":"WebPage","@id":"https:\/\/www.enabags.es\/index.php\/producto\/tote-bag-estampado-cuadros-blanco\/","url":"https:\/\/www.enabags.es\/index.php\/producto\/tote-bag-estampado-cuadros-blanco\/","name":"BOLSO PRIMAVERA CUADROS BLANCO (Opci\u00f3n de personalizar) - Enabags","isPartOf":{"@id":"https:\/\/www.enabags.es\/#website"},"datePublished":"2022-09-23T14:24:18+00:00","dateModified":"2023-04-13T16:04:14+00:00","breadcrumb":{"@id":"https:\/\/www.enabags.es\/index.php\/producto\/tote-bag-estampado-cuadros-blanco\/#breadcrumb"},"inLanguage":"es","potentialAction":[{"@type":"ReadAction","target":["https:\/\/www.enabags.es\/index.php\/producto\/tote-bag-estampado-cuadros-blanco\/"]}]},{"@type":"BreadcrumbList","@id":"https:\/\/www.enabags.es\/index.php\/producto\/tote-bag-estampado-cuadros-blanco\/#breadcrumb","itemListElement":[{"@type":"ListItem","position":1,"name":"Portada","item":"https:\/\/www.enabags.es\/"},{"@type":"ListItem","position":2,"name":"Tienda","item":"https:\/\/www.enabags.es\/index.php\/tienda\/"},{"@type":"ListItem","position":3,"name":"BOLSO PRIMAVERA CUADROS BLANCO (Opci\u00f3n de personalizar)"}]},{"@type":"WebSite","@id":"https:\/\/www.enabags.es\/#website","url":"https:\/\/www.enabags.es\/","name":"ENABAGS.ES","description":"ENABAGS","potentialAction":[{"@type":"SearchAction","target":{"@type":"EntryPoint","urlTemplate":"https:\/\/www.enabags.es\/?s={search_term_string}"},"query-input":"required name=search_term_string"}],"inLanguage":"es"}]}},"_links":{"self":[{"href":"https:\/\/www.enabags.es\/index.php\/wp-json\/wp\/v2\/product\/949","targetHints":{"allow":["GET"]}}],"collection":[{"href":"https:\/\/www.enabags.es\/index.php\/wp-json\/wp\/v2\/product"}],"about":[{"href":"https:\/\/www.enabags.es\/index.php\/wp-json\/wp\/v2\/types\/product"}],"replies":[{"embeddable":true,"href":"https:\/\/www.enabags.es\/index.php\/wp-json\/wp\/v2\/comments?post=949"}],"wp:attachment":[{"href":"https:\/\/www.enabags.es\/index.php\/wp-json\/wp\/v2\/media?parent=949"}],"wp:term":[{"taxonomy":"product_cat","embeddable":true,"href":"https:\/\/www.enabags.es\/index.php\/wp-json\/wp\/v2\/product_cat?post=949"},{"taxonomy":"product_tag","embeddable":true,"href":"https:\/\/www.enabags.es\/index.php\/wp-json\/wp\/v2\/product_tag?post=949"}],"curies":[{"name":"wp","href":"https:\/\/api.w.org\/{rel}","templated":true}]}}