{"id":490,"date":"2022-09-15T08:04:28","date_gmt":"2022-09-15T08:04:28","guid":{"rendered":"https:\/\/www.enabags.es\/?post_type=product&#038;p=490"},"modified":"2022-10-26T08:55:23","modified_gmt":"2022-10-26T08:55:23","slug":"panuelo-estilo-rustico-beige","status":"publish","type":"product","link":"https:\/\/www.enabags.es\/index.php\/producto\/panuelo-estilo-rustico-beige\/","title":{"rendered":"PA\u00d1UELO R\u00daSTICO BEIGE"},"content":{"rendered":"<p>Pa\u00f1uelo con estampado estilo r\u00fastico. Combinando los colores beige y negro. Material: 50% algod\u00f3n, 50 % viscosa.<\/p>\n<p><em>&#8220;El \u00fanico motivo por el que preferir\u00eda el invierno en lugar del verano son los complementos que puedes acoplar a tus conjuntos de ropa. Si los outfits calentitos son mejores, se dice y punto.&#8221;<\/em><\/p>\n","protected":false},"excerpt":{"rendered":"<p style=\"text-align: center;\">Pa\u00f1uelo con estampado estilo r\u00fastico. Combinando los colores beige y negro. Material: 50% algod\u00f3n, 50 % viscosa.<\/p>\n<p style=\"text-align: center;\">Es una tela bastante caliente, ideal para el oto\u00f1o e invierno.<\/p>\n<p style=\"text-align: center;\">GASTOS DE ENV\u00cdO INCLUIDOS EN EL PRECIO.<\/p>\n<p style=\"text-align: center;\">(Disponible en m\u00e1s colores)<\/p>\n<p style=\"text-align: center;\">MEDIDAS: 65 x 180 cm.<\/p>\n","protected":false},"featured_media":0,"comment_status":"open","ping_status":"closed","template":"","meta":[],"product_cat":[17,94],"product_tag":[],"class_list":["post-490","product","type-product","status-publish","hentry","product_cat-ver-todo","product_cat-complementos"],"yoast_head":"<!-- This site is optimized with the Yoast SEO plugin v21.9.1 - https:\/\/yoast.com\/wordpress\/plugins\/seo\/ -->\n<title>PA\u00d1UELO R\u00daSTICO BEIGE - Enabags<\/title>\n<meta name=\"robots\" content=\"index, follow, max-snippet:-1, max-image-preview:large, max-video-preview:-1\" \/>\n<link rel=\"canonical\" href=\"https:\/\/www.enabags.es\/index.php\/producto\/panuelo-estilo-rustico-beige\/\" \/>\n<meta property=\"og:locale\" content=\"es_ES\" \/>\n<meta property=\"og:type\" content=\"article\" \/>\n<meta property=\"og:title\" content=\"PA\u00d1UELO R\u00daSTICO BEIGE - Enabags\" \/>\n<meta property=\"og:description\" content=\"Pa\u00f1uelo con estampado estilo r\u00fastico. Combinando los colores beige y negro. Material: 50% algod\u00f3n, 50 % viscosa. Es una tela bastante caliente, ideal para el oto\u00f1o e invierno. GASTOS DE ENV\u00cdO INCLUIDOS EN EL PRECIO. (Disponible en m\u00e1s colores) MEDIDAS: 65 x 180 cm.\" \/>\n<meta property=\"og:url\" content=\"https:\/\/www.enabags.es\/index.php\/producto\/panuelo-estilo-rustico-beige\/\" \/>\n<meta property=\"og:site_name\" content=\"Enabags\" \/>\n<meta property=\"article:publisher\" content=\"https:\/\/www.facebook.com\/enabags.es\/\" \/>\n<meta property=\"article:modified_time\" content=\"2022-10-26T08:55:23+00:00\" \/>\n<meta property=\"og:image\" content=\"https:\/\/www.enabags.es\/wp-content\/uploads\/2022\/09\/PAN\u0303UELO-MARRON-Y-NEGRO.jpg\" \/>\n\t<meta property=\"og:image:width\" content=\"240\" \/>\n\t<meta property=\"og:image:height\" content=\"180\" \/>\n\t<meta property=\"og:image:type\" content=\"image\/jpeg\" \/>\n<meta name=\"twitter:card\" content=\"summary_large_image\" \/>\n<script type=\"application\/ld+json\" class=\"yoast-schema-graph\">{\"@context\":\"https:\/\/schema.org\",\"@graph\":[{\"@type\":\"WebPage\",\"@id\":\"https:\/\/www.enabags.es\/index.php\/producto\/panuelo-estilo-rustico-beige\/\",\"url\":\"https:\/\/www.enabags.es\/index.php\/producto\/panuelo-estilo-rustico-beige\/\",\"name\":\"PA\u00d1UELO R\u00daSTICO BEIGE - Enabags\",\"isPartOf\":{\"@id\":\"https:\/\/www.enabags.es\/#website\"},\"datePublished\":\"2022-09-15T08:04:28+00:00\",\"dateModified\":\"2022-10-26T08:55:23+00:00\",\"breadcrumb\":{\"@id\":\"https:\/\/www.enabags.es\/index.php\/producto\/panuelo-estilo-rustico-beige\/#breadcrumb\"},\"inLanguage\":\"es\",\"potentialAction\":[{\"@type\":\"ReadAction\",\"target\":[\"https:\/\/www.enabags.es\/index.php\/producto\/panuelo-estilo-rustico-beige\/\"]}]},{\"@type\":\"BreadcrumbList\",\"@id\":\"https:\/\/www.enabags.es\/index.php\/producto\/panuelo-estilo-rustico-beige\/#breadcrumb\",\"itemListElement\":[{\"@type\":\"ListItem\",\"position\":1,\"name\":\"Portada\",\"item\":\"https:\/\/www.enabags.es\/\"},{\"@type\":\"ListItem\",\"position\":2,\"name\":\"Tienda\",\"item\":\"https:\/\/www.enabags.es\/index.php\/tienda\/\"},{\"@type\":\"ListItem\",\"position\":3,\"name\":\"PA\u00d1UELO R\u00daSTICO BEIGE\"}]},{\"@type\":\"WebSite\",\"@id\":\"https:\/\/www.enabags.es\/#website\",\"url\":\"https:\/\/www.enabags.es\/\",\"name\":\"ENABAGS.ES\",\"description\":\"ENABAGS\",\"potentialAction\":[{\"@type\":\"SearchAction\",\"target\":{\"@type\":\"EntryPoint\",\"urlTemplate\":\"https:\/\/www.enabags.es\/?s={search_term_string}\"},\"query-input\":\"required name=search_term_string\"}],\"inLanguage\":\"es\"}]}<\/script>\n<!-- \/ Yoast SEO plugin. -->","yoast_head_json":{"title":"PA\u00d1UELO R\u00daSTICO BEIGE - Enabags","robots":{"index":"index","follow":"follow","max-snippet":"max-snippet:-1","max-image-preview":"max-image-preview:large","max-video-preview":"max-video-preview:-1"},"canonical":"https:\/\/www.enabags.es\/index.php\/producto\/panuelo-estilo-rustico-beige\/","og_locale":"es_ES","og_type":"article","og_title":"PA\u00d1UELO R\u00daSTICO BEIGE - Enabags","og_description":"Pa\u00f1uelo con estampado estilo r\u00fastico. Combinando los colores beige y negro. Material: 50% algod\u00f3n, 50 % viscosa. Es una tela bastante caliente, ideal para el oto\u00f1o e invierno. GASTOS DE ENV\u00cdO INCLUIDOS EN EL PRECIO. (Disponible en m\u00e1s colores) MEDIDAS: 65 x 180 cm.","og_url":"https:\/\/www.enabags.es\/index.php\/producto\/panuelo-estilo-rustico-beige\/","og_site_name":"Enabags","article_publisher":"https:\/\/www.facebook.com\/enabags.es\/","article_modified_time":"2022-10-26T08:55:23+00:00","og_image":[{"width":240,"height":180,"url":"https:\/\/www.enabags.es\/wp-content\/uploads\/2022\/09\/PAN\u0303UELO-MARRON-Y-NEGRO.jpg","type":"image\/jpeg"}],"twitter_card":"summary_large_image","schema":{"@context":"https:\/\/schema.org","@graph":[{"@type":"WebPage","@id":"https:\/\/www.enabags.es\/index.php\/producto\/panuelo-estilo-rustico-beige\/","url":"https:\/\/www.enabags.es\/index.php\/producto\/panuelo-estilo-rustico-beige\/","name":"PA\u00d1UELO R\u00daSTICO BEIGE - Enabags","isPartOf":{"@id":"https:\/\/www.enabags.es\/#website"},"datePublished":"2022-09-15T08:04:28+00:00","dateModified":"2022-10-26T08:55:23+00:00","breadcrumb":{"@id":"https:\/\/www.enabags.es\/index.php\/producto\/panuelo-estilo-rustico-beige\/#breadcrumb"},"inLanguage":"es","potentialAction":[{"@type":"ReadAction","target":["https:\/\/www.enabags.es\/index.php\/producto\/panuelo-estilo-rustico-beige\/"]}]},{"@type":"BreadcrumbList","@id":"https:\/\/www.enabags.es\/index.php\/producto\/panuelo-estilo-rustico-beige\/#breadcrumb","itemListElement":[{"@type":"ListItem","position":1,"name":"Portada","item":"https:\/\/www.enabags.es\/"},{"@type":"ListItem","position":2,"name":"Tienda","item":"https:\/\/www.enabags.es\/index.php\/tienda\/"},{"@type":"ListItem","position":3,"name":"PA\u00d1UELO R\u00daSTICO BEIGE"}]},{"@type":"WebSite","@id":"https:\/\/www.enabags.es\/#website","url":"https:\/\/www.enabags.es\/","name":"ENABAGS.ES","description":"ENABAGS","potentialAction":[{"@type":"SearchAction","target":{"@type":"EntryPoint","urlTemplate":"https:\/\/www.enabags.es\/?s={search_term_string}"},"query-input":"required name=search_term_string"}],"inLanguage":"es"}]}},"_links":{"self":[{"href":"https:\/\/www.enabags.es\/index.php\/wp-json\/wp\/v2\/product\/490","targetHints":{"allow":["GET"]}}],"collection":[{"href":"https:\/\/www.enabags.es\/index.php\/wp-json\/wp\/v2\/product"}],"about":[{"href":"https:\/\/www.enabags.es\/index.php\/wp-json\/wp\/v2\/types\/product"}],"replies":[{"embeddable":true,"href":"https:\/\/www.enabags.es\/index.php\/wp-json\/wp\/v2\/comments?post=490"}],"wp:attachment":[{"href":"https:\/\/www.enabags.es\/index.php\/wp-json\/wp\/v2\/media?parent=490"}],"wp:term":[{"taxonomy":"product_cat","embeddable":true,"href":"https:\/\/www.enabags.es\/index.php\/wp-json\/wp\/v2\/product_cat?post=490"},{"taxonomy":"product_tag","embeddable":true,"href":"https:\/\/www.enabags.es\/index.php\/wp-json\/wp\/v2\/product_tag?post=490"}],"curies":[{"name":"wp","href":"https:\/\/api.w.org\/{rel}","templated":true}]}}