{"id":481,"date":"2022-09-15T07:20:10","date_gmt":"2022-09-15T07:20:10","guid":{"rendered":"https:\/\/www.enabags.es\/?post_type=product&#038;p=481"},"modified":"2024-02-19T16:42:50","modified_gmt":"2024-02-19T16:42:50","slug":"correa-para-bolso-ajustable","status":"publish","type":"product","link":"https:\/\/www.enabags.es\/index.php\/producto\/correa-para-bolso-ajustable\/","title":{"rendered":"CORREA PARA BOLSO AJUSTABLE ESTAMPADO R\u00daSTICO (amarillo\/beige)"},"content":{"rendered":"<p>Correa para hombro. Extra\u00edble y ajustable a tus bolsos favoritos.<\/p>\n<p>Medidas de longitud variables.<\/p>\n<p>De tela y con un estampado de estilo <strong>r\u00fastico<\/strong> con <strong>detalles amarillos y beige<\/strong>.<\/p>\n<p>\u00a1Comb\u00ednala con tus bolsos como m\u00e1s te guste!<\/p>\n<p>CORREA PARA BOLSO AJUSTABLE<\/p>\n","protected":false},"excerpt":{"rendered":"<p style=\"text-align: center;\">Correa extra\u00edble y ajustable para el hombro. Ad\u00e1ptala a tus bolsos favoritos. Medidas de longitud variables. De tela y con un estampado de estilo r\u00fastico con detalles amarillo y beige.<\/p>\n<p style=\"text-align: center;\">MEDIDAS: 5 CM ANCHO, 71 CM LONGITUD M\u00cdNIMA Y 125 CM LONGITUD M\u00c1XIMA.<\/p>\n<p style=\"text-align: center;\">GASTOS DE ENV\u00cdO INCLUIDOS EN EL PRECIO.<\/p>\n<p style=\"text-align: center;\">(Disponible en otros colores y estampados)<\/p>\n","protected":false},"featured_media":0,"comment_status":"open","ping_status":"closed","template":"","meta":[],"product_cat":[154,20,17],"product_tag":[],"class_list":["post-481","product","type-product","status-publish","hentry","product_cat-bolsos-coleccion-primavera-2024","product_cat-accessories","product_cat-ver-todo"],"yoast_head":"<!-- This site is optimized with the Yoast SEO plugin v21.9.1 - https:\/\/yoast.com\/wordpress\/plugins\/seo\/ -->\n<title>CORREA PARA BOLSO AJUSTABLE ESTAMPADO R\u00daSTICO (amarillo\/beige) - Enabags<\/title>\n<meta name=\"description\" content=\"CORREA PARA BOLSO AJUSTABLE ESTAMPADO R\u00daSTICO (amarillo\/beige) - env\u00edos siempre gratis CORREA PARA BOLSO AJUSTABLE ESTAMPADO R\u00daSTICO (amarillo\/beige)\" \/>\n<meta name=\"robots\" content=\"index, follow, max-snippet:-1, max-image-preview:large, max-video-preview:-1\" \/>\n<link rel=\"canonical\" href=\"https:\/\/www.enabags.es\/index.php\/producto\/correa-para-bolso-ajustable\/\" \/>\n<meta property=\"og:locale\" content=\"es_ES\" \/>\n<meta property=\"og:type\" content=\"article\" \/>\n<meta property=\"og:title\" content=\"CORREA PARA BOLSO AJUSTABLE ESTAMPADO R\u00daSTICO (amarillo\/beige) - Enabags\" \/>\n<meta property=\"og:description\" content=\"CORREA PARA BOLSO AJUSTABLE ESTAMPADO R\u00daSTICO (amarillo\/beige) - env\u00edos siempre gratis CORREA PARA BOLSO AJUSTABLE ESTAMPADO R\u00daSTICO (amarillo\/beige)\" \/>\n<meta property=\"og:url\" content=\"https:\/\/www.enabags.es\/index.php\/producto\/correa-para-bolso-ajustable\/\" \/>\n<meta property=\"og:site_name\" content=\"Enabags\" \/>\n<meta property=\"article:publisher\" content=\"https:\/\/www.facebook.com\/enabags.es\/\" \/>\n<meta property=\"article:modified_time\" content=\"2024-02-19T16:42:50+00:00\" \/>\n<meta property=\"og:image\" content=\"https:\/\/www.enabags.es\/wp-content\/uploads\/2022\/09\/IMG-9123-scaled.jpg\" \/>\n\t<meta property=\"og:image:width\" content=\"2560\" \/>\n\t<meta property=\"og:image:height\" content=\"1920\" \/>\n\t<meta property=\"og:image:type\" content=\"image\/jpeg\" \/>\n<meta name=\"twitter:card\" content=\"summary_large_image\" \/>\n<meta name=\"twitter:label1\" content=\"Tiempo de lectura\" \/>\n\t<meta name=\"twitter:data1\" content=\"1 minuto\" \/>\n<script type=\"application\/ld+json\" class=\"yoast-schema-graph\">{\"@context\":\"https:\/\/schema.org\",\"@graph\":[{\"@type\":\"WebPage\",\"@id\":\"https:\/\/www.enabags.es\/index.php\/producto\/correa-para-bolso-ajustable\/\",\"url\":\"https:\/\/www.enabags.es\/index.php\/producto\/correa-para-bolso-ajustable\/\",\"name\":\"CORREA PARA BOLSO AJUSTABLE ESTAMPADO R\u00daSTICO (amarillo\/beige) - Enabags\",\"isPartOf\":{\"@id\":\"https:\/\/www.enabags.es\/#website\"},\"datePublished\":\"2022-09-15T07:20:10+00:00\",\"dateModified\":\"2024-02-19T16:42:50+00:00\",\"description\":\"CORREA PARA BOLSO AJUSTABLE ESTAMPADO R\u00daSTICO (amarillo\/beige) - env\u00edos siempre gratis CORREA PARA BOLSO AJUSTABLE ESTAMPADO R\u00daSTICO (amarillo\/beige)\",\"breadcrumb\":{\"@id\":\"https:\/\/www.enabags.es\/index.php\/producto\/correa-para-bolso-ajustable\/#breadcrumb\"},\"inLanguage\":\"es\",\"potentialAction\":[{\"@type\":\"ReadAction\",\"target\":[\"https:\/\/www.enabags.es\/index.php\/producto\/correa-para-bolso-ajustable\/\"]}]},{\"@type\":\"BreadcrumbList\",\"@id\":\"https:\/\/www.enabags.es\/index.php\/producto\/correa-para-bolso-ajustable\/#breadcrumb\",\"itemListElement\":[{\"@type\":\"ListItem\",\"position\":1,\"name\":\"Portada\",\"item\":\"https:\/\/www.enabags.es\/\"},{\"@type\":\"ListItem\",\"position\":2,\"name\":\"Tienda\",\"item\":\"https:\/\/www.enabags.es\/index.php\/tienda\/\"},{\"@type\":\"ListItem\",\"position\":3,\"name\":\"CORREA PARA BOLSO AJUSTABLE ESTAMPADO R\u00daSTICO (amarillo\/beige)\"}]},{\"@type\":\"WebSite\",\"@id\":\"https:\/\/www.enabags.es\/#website\",\"url\":\"https:\/\/www.enabags.es\/\",\"name\":\"ENABAGS.ES\",\"description\":\"ENABAGS\",\"potentialAction\":[{\"@type\":\"SearchAction\",\"target\":{\"@type\":\"EntryPoint\",\"urlTemplate\":\"https:\/\/www.enabags.es\/?s={search_term_string}\"},\"query-input\":\"required name=search_term_string\"}],\"inLanguage\":\"es\"}]}<\/script>\n<!-- \/ Yoast SEO plugin. -->","yoast_head_json":{"title":"CORREA PARA BOLSO AJUSTABLE ESTAMPADO R\u00daSTICO (amarillo\/beige) - Enabags","description":"CORREA PARA BOLSO AJUSTABLE ESTAMPADO R\u00daSTICO (amarillo\/beige) - env\u00edos siempre gratis CORREA PARA BOLSO AJUSTABLE ESTAMPADO R\u00daSTICO (amarillo\/beige)","robots":{"index":"index","follow":"follow","max-snippet":"max-snippet:-1","max-image-preview":"max-image-preview:large","max-video-preview":"max-video-preview:-1"},"canonical":"https:\/\/www.enabags.es\/index.php\/producto\/correa-para-bolso-ajustable\/","og_locale":"es_ES","og_type":"article","og_title":"CORREA PARA BOLSO AJUSTABLE ESTAMPADO R\u00daSTICO (amarillo\/beige) - Enabags","og_description":"CORREA PARA BOLSO AJUSTABLE ESTAMPADO R\u00daSTICO (amarillo\/beige) - env\u00edos siempre gratis CORREA PARA BOLSO AJUSTABLE ESTAMPADO R\u00daSTICO (amarillo\/beige)","og_url":"https:\/\/www.enabags.es\/index.php\/producto\/correa-para-bolso-ajustable\/","og_site_name":"Enabags","article_publisher":"https:\/\/www.facebook.com\/enabags.es\/","article_modified_time":"2024-02-19T16:42:50+00:00","og_image":[{"width":2560,"height":1920,"url":"https:\/\/www.enabags.es\/wp-content\/uploads\/2022\/09\/IMG-9123-scaled.jpg","type":"image\/jpeg"}],"twitter_card":"summary_large_image","twitter_misc":{"Tiempo de lectura":"1 minuto"},"schema":{"@context":"https:\/\/schema.org","@graph":[{"@type":"WebPage","@id":"https:\/\/www.enabags.es\/index.php\/producto\/correa-para-bolso-ajustable\/","url":"https:\/\/www.enabags.es\/index.php\/producto\/correa-para-bolso-ajustable\/","name":"CORREA PARA BOLSO AJUSTABLE ESTAMPADO R\u00daSTICO (amarillo\/beige) - Enabags","isPartOf":{"@id":"https:\/\/www.enabags.es\/#website"},"datePublished":"2022-09-15T07:20:10+00:00","dateModified":"2024-02-19T16:42:50+00:00","description":"CORREA PARA BOLSO AJUSTABLE ESTAMPADO R\u00daSTICO (amarillo\/beige) - env\u00edos siempre gratis CORREA PARA BOLSO AJUSTABLE ESTAMPADO R\u00daSTICO (amarillo\/beige)","breadcrumb":{"@id":"https:\/\/www.enabags.es\/index.php\/producto\/correa-para-bolso-ajustable\/#breadcrumb"},"inLanguage":"es","potentialAction":[{"@type":"ReadAction","target":["https:\/\/www.enabags.es\/index.php\/producto\/correa-para-bolso-ajustable\/"]}]},{"@type":"BreadcrumbList","@id":"https:\/\/www.enabags.es\/index.php\/producto\/correa-para-bolso-ajustable\/#breadcrumb","itemListElement":[{"@type":"ListItem","position":1,"name":"Portada","item":"https:\/\/www.enabags.es\/"},{"@type":"ListItem","position":2,"name":"Tienda","item":"https:\/\/www.enabags.es\/index.php\/tienda\/"},{"@type":"ListItem","position":3,"name":"CORREA PARA BOLSO AJUSTABLE ESTAMPADO R\u00daSTICO (amarillo\/beige)"}]},{"@type":"WebSite","@id":"https:\/\/www.enabags.es\/#website","url":"https:\/\/www.enabags.es\/","name":"ENABAGS.ES","description":"ENABAGS","potentialAction":[{"@type":"SearchAction","target":{"@type":"EntryPoint","urlTemplate":"https:\/\/www.enabags.es\/?s={search_term_string}"},"query-input":"required name=search_term_string"}],"inLanguage":"es"}]}},"_links":{"self":[{"href":"https:\/\/www.enabags.es\/index.php\/wp-json\/wp\/v2\/product\/481","targetHints":{"allow":["GET"]}}],"collection":[{"href":"https:\/\/www.enabags.es\/index.php\/wp-json\/wp\/v2\/product"}],"about":[{"href":"https:\/\/www.enabags.es\/index.php\/wp-json\/wp\/v2\/types\/product"}],"replies":[{"embeddable":true,"href":"https:\/\/www.enabags.es\/index.php\/wp-json\/wp\/v2\/comments?post=481"}],"wp:attachment":[{"href":"https:\/\/www.enabags.es\/index.php\/wp-json\/wp\/v2\/media?parent=481"}],"wp:term":[{"taxonomy":"product_cat","embeddable":true,"href":"https:\/\/www.enabags.es\/index.php\/wp-json\/wp\/v2\/product_cat?post=481"},{"taxonomy":"product_tag","embeddable":true,"href":"https:\/\/www.enabags.es\/index.php\/wp-json\/wp\/v2\/product_tag?post=481"}],"curies":[{"name":"wp","href":"https:\/\/api.w.org\/{rel}","templated":true}]}}