{"id":480,"date":"2022-09-15T07:17:15","date_gmt":"2022-09-15T07:17:15","guid":{"rendered":"https:\/\/www.enabags.es\/?post_type=product&#038;p=480"},"modified":"2023-04-03T17:53:11","modified_gmt":"2023-04-03T17:53:11","slug":"correa-ajustable-estampado-rustico-rosa-azul","status":"publish","type":"product","link":"https:\/\/www.enabags.es\/index.php\/producto\/correa-ajustable-estampado-rustico-rosa-azul\/","title":{"rendered":"CORREA PARA BOLSO AJUSTABLE ESTAMPADO R\u00daSTICO (rosa\/azul)"},"content":{"rendered":"<p>Correa para hombro. Extra\u00edble y ajustable a tus bolsos favoritos. Medidas de longitud variables. De tela y con un estampado de estilo <strong>r\u00fastico<\/strong> con <strong>detalles rosa y azul<\/strong>.<\/p>\n<p>\u00a1Comb\u00ednala con tus bolsos como m\u00e1s te guste!<\/p>\n","protected":false},"excerpt":{"rendered":"<p style=\"text-align: center;\">Correa extra\u00edble y ajustable para el hombro. Ad\u00e1ptala a tus bolsos favoritos. Medidas de longitud variables. De tela y con un estampado de estilo r\u00fastico con detalles rosa y azul.<\/p>\n<p style=\"text-align: center;\">MEDIDAS: 5 CM ANCHO, 71 CM LONGITUD M\u00cdNIMA Y 125 CM LONGITUD M\u00c1XIMA.<\/p>\n<p style=\"text-align: center;\">GASTOS DE ENV\u00cdO INCLUIDOS EN EL PRECIO.<\/p>\n<p style=\"text-align: center;\">(Disponible en otros colores y estampados)<\/p>\n","protected":false},"featured_media":0,"comment_status":"open","ping_status":"closed","template":"","meta":[],"product_cat":[20,17],"product_tag":[],"class_list":["post-480","product","type-product","status-publish","hentry","product_cat-accessories","product_cat-ver-todo"],"yoast_head":"<!-- This site is optimized with the Yoast SEO plugin v21.9.1 - https:\/\/yoast.com\/wordpress\/plugins\/seo\/ -->\n<title>CORREA PARA BOLSO AJUSTABLE ESTAMPADO R\u00daSTICO (rosa\/azul) - Enabags<\/title>\n<meta name=\"robots\" content=\"index, follow, max-snippet:-1, max-image-preview:large, max-video-preview:-1\" \/>\n<link rel=\"canonical\" href=\"https:\/\/www.enabags.es\/index.php\/producto\/correa-ajustable-estampado-rustico-rosa-azul\/\" \/>\n<meta property=\"og:locale\" content=\"es_ES\" \/>\n<meta property=\"og:type\" content=\"article\" \/>\n<meta property=\"og:title\" content=\"CORREA PARA BOLSO AJUSTABLE ESTAMPADO R\u00daSTICO (rosa\/azul) - Enabags\" \/>\n<meta property=\"og:description\" content=\"Correa extra\u00edble y ajustable para el hombro. Ad\u00e1ptala a tus bolsos favoritos. Medidas de longitud variables. De tela y con un estampado de estilo r\u00fastico con detalles rosa y azul. MEDIDAS: 5 CM ANCHO, 71 CM LONGITUD M\u00cdNIMA Y 125 CM LONGITUD M\u00c1XIMA. GASTOS DE ENV\u00cdO INCLUIDOS EN EL PRECIO. (Disponible en otros colores y estampados)\" \/>\n<meta property=\"og:url\" content=\"https:\/\/www.enabags.es\/index.php\/producto\/correa-ajustable-estampado-rustico-rosa-azul\/\" \/>\n<meta property=\"og:site_name\" content=\"Enabags\" \/>\n<meta property=\"article:publisher\" content=\"https:\/\/www.facebook.com\/enabags.es\/\" \/>\n<meta property=\"article:modified_time\" content=\"2023-04-03T17:53:11+00:00\" \/>\n<meta property=\"og:image\" content=\"https:\/\/www.enabags.es\/wp-content\/uploads\/2022\/09\/IMG-9131-scaled.jpg\" \/>\n\t<meta property=\"og:image:width\" content=\"2560\" \/>\n\t<meta property=\"og:image:height\" content=\"1920\" \/>\n\t<meta property=\"og:image:type\" content=\"image\/jpeg\" \/>\n<meta name=\"twitter:card\" content=\"summary_large_image\" \/>\n<script type=\"application\/ld+json\" class=\"yoast-schema-graph\">{\"@context\":\"https:\/\/schema.org\",\"@graph\":[{\"@type\":\"WebPage\",\"@id\":\"https:\/\/www.enabags.es\/index.php\/producto\/correa-ajustable-estampado-rustico-rosa-azul\/\",\"url\":\"https:\/\/www.enabags.es\/index.php\/producto\/correa-ajustable-estampado-rustico-rosa-azul\/\",\"name\":\"CORREA PARA BOLSO AJUSTABLE ESTAMPADO R\u00daSTICO (rosa\/azul) - Enabags\",\"isPartOf\":{\"@id\":\"https:\/\/www.enabags.es\/#website\"},\"datePublished\":\"2022-09-15T07:17:15+00:00\",\"dateModified\":\"2023-04-03T17:53:11+00:00\",\"breadcrumb\":{\"@id\":\"https:\/\/www.enabags.es\/index.php\/producto\/correa-ajustable-estampado-rustico-rosa-azul\/#breadcrumb\"},\"inLanguage\":\"es\",\"potentialAction\":[{\"@type\":\"ReadAction\",\"target\":[\"https:\/\/www.enabags.es\/index.php\/producto\/correa-ajustable-estampado-rustico-rosa-azul\/\"]}]},{\"@type\":\"BreadcrumbList\",\"@id\":\"https:\/\/www.enabags.es\/index.php\/producto\/correa-ajustable-estampado-rustico-rosa-azul\/#breadcrumb\",\"itemListElement\":[{\"@type\":\"ListItem\",\"position\":1,\"name\":\"Portada\",\"item\":\"https:\/\/www.enabags.es\/\"},{\"@type\":\"ListItem\",\"position\":2,\"name\":\"Tienda\",\"item\":\"https:\/\/www.enabags.es\/index.php\/tienda\/\"},{\"@type\":\"ListItem\",\"position\":3,\"name\":\"CORREA PARA BOLSO AJUSTABLE ESTAMPADO R\u00daSTICO (rosa\/azul)\"}]},{\"@type\":\"WebSite\",\"@id\":\"https:\/\/www.enabags.es\/#website\",\"url\":\"https:\/\/www.enabags.es\/\",\"name\":\"ENABAGS.ES\",\"description\":\"ENABAGS\",\"potentialAction\":[{\"@type\":\"SearchAction\",\"target\":{\"@type\":\"EntryPoint\",\"urlTemplate\":\"https:\/\/www.enabags.es\/?s={search_term_string}\"},\"query-input\":\"required name=search_term_string\"}],\"inLanguage\":\"es\"}]}<\/script>\n<!-- \/ Yoast SEO plugin. -->","yoast_head_json":{"title":"CORREA PARA BOLSO AJUSTABLE ESTAMPADO R\u00daSTICO (rosa\/azul) - Enabags","robots":{"index":"index","follow":"follow","max-snippet":"max-snippet:-1","max-image-preview":"max-image-preview:large","max-video-preview":"max-video-preview:-1"},"canonical":"https:\/\/www.enabags.es\/index.php\/producto\/correa-ajustable-estampado-rustico-rosa-azul\/","og_locale":"es_ES","og_type":"article","og_title":"CORREA PARA BOLSO AJUSTABLE ESTAMPADO R\u00daSTICO (rosa\/azul) - Enabags","og_description":"Correa extra\u00edble y ajustable para el hombro. Ad\u00e1ptala a tus bolsos favoritos. Medidas de longitud variables. De tela y con un estampado de estilo r\u00fastico con detalles rosa y azul. MEDIDAS: 5 CM ANCHO, 71 CM LONGITUD M\u00cdNIMA Y 125 CM LONGITUD M\u00c1XIMA. GASTOS DE ENV\u00cdO INCLUIDOS EN EL PRECIO. (Disponible en otros colores y estampados)","og_url":"https:\/\/www.enabags.es\/index.php\/producto\/correa-ajustable-estampado-rustico-rosa-azul\/","og_site_name":"Enabags","article_publisher":"https:\/\/www.facebook.com\/enabags.es\/","article_modified_time":"2023-04-03T17:53:11+00:00","og_image":[{"width":2560,"height":1920,"url":"https:\/\/www.enabags.es\/wp-content\/uploads\/2022\/09\/IMG-9131-scaled.jpg","type":"image\/jpeg"}],"twitter_card":"summary_large_image","schema":{"@context":"https:\/\/schema.org","@graph":[{"@type":"WebPage","@id":"https:\/\/www.enabags.es\/index.php\/producto\/correa-ajustable-estampado-rustico-rosa-azul\/","url":"https:\/\/www.enabags.es\/index.php\/producto\/correa-ajustable-estampado-rustico-rosa-azul\/","name":"CORREA PARA BOLSO AJUSTABLE ESTAMPADO R\u00daSTICO (rosa\/azul) - Enabags","isPartOf":{"@id":"https:\/\/www.enabags.es\/#website"},"datePublished":"2022-09-15T07:17:15+00:00","dateModified":"2023-04-03T17:53:11+00:00","breadcrumb":{"@id":"https:\/\/www.enabags.es\/index.php\/producto\/correa-ajustable-estampado-rustico-rosa-azul\/#breadcrumb"},"inLanguage":"es","potentialAction":[{"@type":"ReadAction","target":["https:\/\/www.enabags.es\/index.php\/producto\/correa-ajustable-estampado-rustico-rosa-azul\/"]}]},{"@type":"BreadcrumbList","@id":"https:\/\/www.enabags.es\/index.php\/producto\/correa-ajustable-estampado-rustico-rosa-azul\/#breadcrumb","itemListElement":[{"@type":"ListItem","position":1,"name":"Portada","item":"https:\/\/www.enabags.es\/"},{"@type":"ListItem","position":2,"name":"Tienda","item":"https:\/\/www.enabags.es\/index.php\/tienda\/"},{"@type":"ListItem","position":3,"name":"CORREA PARA BOLSO AJUSTABLE ESTAMPADO R\u00daSTICO (rosa\/azul)"}]},{"@type":"WebSite","@id":"https:\/\/www.enabags.es\/#website","url":"https:\/\/www.enabags.es\/","name":"ENABAGS.ES","description":"ENABAGS","potentialAction":[{"@type":"SearchAction","target":{"@type":"EntryPoint","urlTemplate":"https:\/\/www.enabags.es\/?s={search_term_string}"},"query-input":"required name=search_term_string"}],"inLanguage":"es"}]}},"_links":{"self":[{"href":"https:\/\/www.enabags.es\/index.php\/wp-json\/wp\/v2\/product\/480","targetHints":{"allow":["GET"]}}],"collection":[{"href":"https:\/\/www.enabags.es\/index.php\/wp-json\/wp\/v2\/product"}],"about":[{"href":"https:\/\/www.enabags.es\/index.php\/wp-json\/wp\/v2\/types\/product"}],"replies":[{"embeddable":true,"href":"https:\/\/www.enabags.es\/index.php\/wp-json\/wp\/v2\/comments?post=480"}],"wp:attachment":[{"href":"https:\/\/www.enabags.es\/index.php\/wp-json\/wp\/v2\/media?parent=480"}],"wp:term":[{"taxonomy":"product_cat","embeddable":true,"href":"https:\/\/www.enabags.es\/index.php\/wp-json\/wp\/v2\/product_cat?post=480"},{"taxonomy":"product_tag","embeddable":true,"href":"https:\/\/www.enabags.es\/index.php\/wp-json\/wp\/v2\/product_tag?post=480"}],"curies":[{"name":"wp","href":"https:\/\/api.w.org\/{rel}","templated":true}]}}