{"id":3218,"date":"2024-03-30T09:21:48","date_gmt":"2024-03-30T09:21:48","guid":{"rendered":"https:\/\/www.enabags.es\/?post_type=product&#038;p=3218"},"modified":"2024-08-10T09:43:53","modified_gmt":"2024-08-10T09:43:53","slug":"bolso-capazo-elegante-copia","status":"publish","type":"product","link":"https:\/\/www.enabags.es\/index.php\/producto\/bolso-capazo-elegante-copia\/","title":{"rendered":"BOLSO CAPAZO ELEGANTE"},"content":{"rendered":"<p>BOLSO CAPAZO ELEGANTE<\/p>\n<p>BOLSO MANO Y HOMBRO MIMBRE Y PIEL.<\/p>\n<p>NUEVA COLECCI\u00d3N DE BOLSOS PARA LA PRIMAVERA 2024:<\/p>\n<p>&nbsp;<\/p>\n<p>YA PUEDES DISFRUTAR DE LOS PRIMERAS D\u00cdAS DE SOL DE ESTA PRIMAVERA CON LOS NUEVOS BOLSOS CAPAZOS.<\/p>\n<p>IDEALES\u00a0PARA PASEOS POR LA TARDE, PARA IR A TRABAJAR, PARA SALIR CON TUS AMIGAS.<\/p>\n<p>TU PONES TUS GANAS DE SALIR Y DISFRUTAS Y NOSOTROS TE PONEMOS TUS COMPLEMENTOS, PARA QUE VAYAS GUAPA TODO EL A\u00d1O.<\/p>\n<p>PUEDES PERSONALIZARLO CON TUS INICIALES, NOMBRE O LA IMAGEN QUE QUIERAS.<\/p>\n<p>SI TIENES ALGUNA DUDA PUEDES CONTACTAR POR TEL\u00c9FONO, WHATSAPP O DEJANOS UNA NOTA EN EL PEDIDO.<\/p>\n<p>NUEVOS BOLSOS DE MANO Y DE HOMBRO, CON COLORES VIVOS Y BONITOS PARA COMBINAR ESTA PRIMAVERA CON TU ROPA.<\/p>\n<p>TAMBI\u00c9N PUEDES ENCONTRAR EN NUESTRA WEB: MOCHILAS DE DEPORTE, PORTA ALIMENTOS T\u00c9RMICOS, PERCHAS PERSONALIZADAS, BOLSOS VERANO, BOLSOS DE PLAYA, ETC.<\/p>\n<p>LL\u00c1MANOS AL 601.99.07.54<\/p>\n<p>EL PASADOR ES DE PIEL LO QUE LO HACE EL CAPAZO IDEAL PARA USAR TODOS LOS D\u00cdAS.<\/p>\n<p>GRANDE Y CON GRAN CAPACIDAD PARA QUE LO LLEVES TODO.<\/p>\n<p>ASA ANCHA PARA UNA MAYOR COMODIDAD.<\/p>\n<ul>\n<li>Capazo realizado de forma artesanal. Cierre de tela mediante tiras (Al estar realizado de forma artesana puede variar el tama\u00f1o y peque\u00f1as imperfecciones, la piel puede variar el tono as\u00ed como tener peque\u00f1as imperfecciones)<\/li>\n<li>Medidas orientativas: 50 x 35 x 17 cm \/ 45 x 28 x 14 cm<\/li>\n<li>Material: Palma Natural y Piel.<\/li>\n<\/ul>\n<p>BOLSOS COLECCI\u00d3N PRIMAVERA 2024<\/p>\n<p>BOLSO PEQUE\u00d1O CAPAZO DE VERANO, TE DAMOS UNA OPCI\u00d3N M\u00c1S PEQUE\u00d1A:<\/p>\n<p><a href=\"https:\/\/www.enabags.es\/index.php\/producto\/capazo-pequeno-colores-madera-beig-con-adornos\/\">https:\/\/www.enabags.es\/index.php\/producto\/capazo-pequeno-colores-madera-beig-con-adornos\/<\/a><\/p>\n<p>BOLSO CAPAZO ELEGANTE<\/p>\n","protected":false},"excerpt":{"rendered":"<p>BOLSO MANO Y HOMBRO CON LAZO COLOR AZUL<\/p>\n<p>NUEVA COLECCI\u00d3N DE BOLSOS PARA LA PRIMAVERA 2024.<\/p>\n<p>&nbsp;<\/p>\n<p>YA PUEDES DISFRUTAR DE LOS PRIMERAS D\u00cdAS DE SOL DE ESTA PRIMAVERA CON LOS NUEVOS BOLSOS DE COLORES.<\/p>\n<p>IDEALES\u00a0PARA PASEOS POR LA TARDE, PARA IR A TRABAJAR, PARA SALIR CON TUS AMIGAS.<\/p>\n<p>TU PONES TUS GANAS DE SALIR Y DISFRUTAS Y NOSOTROS TE PONEMOS TUS COMPLEMENTOS, PARA QUE VAYAS GUAPA TODO EL A\u00d1O.<\/p>\n<p>PUEDES PERSONALIZARLO CON TUS INICIALES, NOMBRE O LA IMAGEN QUE QUIERAS.<\/p>\n<p>SI TIENES ALGUNA DUDA PUEDES CONTACTAR POR TEL\u00c9FONO, WHATSAPP O DEJANOS UNA NOTA EN EL PEDIDO.<\/p>\n<p>NUEVOS BOLSOS DE MANO Y DE HOMBRO, CON COLORES VIVOS Y BONITOS PARA COMBINAR ESTA PRIMAVERA CON TU ROPA.<\/p>\n<p>LLEVA UN LAZO DE ADORNO QUE HACE DE PASADOR. TAMBI\u00c9N LLEVAS UNA CREMALLERA.<\/p>\n<p>ASA ANCHA PARA UNA MAYOR COMODIDAD.<\/p>\n<p>TIENES VARIOS COLORES A ELEGIR: MORADO, BLANCO ROTO, DORADO, NEGRO, MARR\u00d3N, AZUL CELESTE, AMARILLO, ROJO, BLANCO, ETC.<\/p>\n<p>MEDIDAS 26 X 20 X 9 CM.<\/p>\n<p>FABRICADO EN POLIPIEL.<\/p>\n<p>BOLSOS COLECCI\u00d3N PRIMAVERA 2024<\/p>\n<p>BOLSO MANO Y HOMBRO CON LAZO COLOR AZUL. TAMBI\u00c9N DISPONIBLE EN M\u00c1S COLORES.<\/p>\n","protected":false},"featured_media":0,"comment_status":"open","ping_status":"closed","template":"","meta":[],"product_cat":[154,113,33,17,86],"product_tag":[165],"class_list":["post-3218","product","type-product","status-publish","hentry","product_cat-bolsos-coleccion-primavera-2024","product_cat-mujer","product_cat-bolsos-pequenos","product_cat-ver-todo","product_cat-bolsos-personalizables-con-letras-grabadas","product_tag-bolso-mano-con-lazo-de-adorno"],"yoast_head":"<!-- This site is optimized with the Yoast SEO plugin v21.9.1 - https:\/\/yoast.com\/wordpress\/plugins\/seo\/ -->\n<title>BOLSO CAPAZO ELEGANTE<\/title>\n<meta name=\"description\" content=\"BOLSO CAPAZO ELEGANTE Enabags BOLSO CAPAZO ELEGANTE . PUEDE PERSONALIZARSE. - Capazo realizado de forma artesanal. Cierre de tela mediante tiras.\" \/>\n<meta name=\"robots\" content=\"index, follow, max-snippet:-1, max-image-preview:large, max-video-preview:-1\" \/>\n<link rel=\"canonical\" href=\"https:\/\/www.enabags.es\/index.php\/producto\/bolso-capazo-elegante-copia\/\" \/>\n<meta property=\"og:locale\" content=\"es_ES\" \/>\n<meta property=\"og:type\" content=\"article\" \/>\n<meta property=\"og:title\" content=\"BOLSO CAPAZO ELEGANTE\" \/>\n<meta property=\"og:description\" content=\"BOLSO CAPAZO ELEGANTE Enabags BOLSO CAPAZO ELEGANTE . PUEDE PERSONALIZARSE. - Capazo realizado de forma artesanal. Cierre de tela mediante tiras.\" \/>\n<meta property=\"og:url\" content=\"https:\/\/www.enabags.es\/index.php\/producto\/bolso-capazo-elegante-copia\/\" \/>\n<meta property=\"og:site_name\" content=\"Enabags\" \/>\n<meta property=\"article:publisher\" content=\"https:\/\/www.facebook.com\/enabags.es\/\" \/>\n<meta property=\"article:modified_time\" content=\"2024-08-10T09:43:53+00:00\" \/>\n<meta property=\"og:image\" content=\"https:\/\/www.enabags.es\/wp-content\/uploads\/2024\/03\/CESTA.jpg\" \/>\n\t<meta property=\"og:image:width\" content=\"1536\" \/>\n\t<meta property=\"og:image:height\" content=\"2040\" \/>\n\t<meta property=\"og:image:type\" content=\"image\/jpeg\" \/>\n<meta name=\"twitter:card\" content=\"summary_large_image\" \/>\n<meta name=\"twitter:label1\" content=\"Tiempo de lectura\" \/>\n\t<meta name=\"twitter:data1\" content=\"2 minutos\" \/>\n<script type=\"application\/ld+json\" class=\"yoast-schema-graph\">{\"@context\":\"https:\/\/schema.org\",\"@graph\":[{\"@type\":\"WebPage\",\"@id\":\"https:\/\/www.enabags.es\/index.php\/producto\/bolso-capazo-elegante-copia\/\",\"url\":\"https:\/\/www.enabags.es\/index.php\/producto\/bolso-capazo-elegante-copia\/\",\"name\":\"BOLSO CAPAZO ELEGANTE\",\"isPartOf\":{\"@id\":\"https:\/\/www.enabags.es\/#website\"},\"datePublished\":\"2024-03-30T09:21:48+00:00\",\"dateModified\":\"2024-08-10T09:43:53+00:00\",\"description\":\"BOLSO CAPAZO ELEGANTE Enabags BOLSO CAPAZO ELEGANTE . PUEDE PERSONALIZARSE. - Capazo realizado de forma artesanal. Cierre de tela mediante tiras.\",\"breadcrumb\":{\"@id\":\"https:\/\/www.enabags.es\/index.php\/producto\/bolso-capazo-elegante-copia\/#breadcrumb\"},\"inLanguage\":\"es\",\"potentialAction\":[{\"@type\":\"ReadAction\",\"target\":[\"https:\/\/www.enabags.es\/index.php\/producto\/bolso-capazo-elegante-copia\/\"]}]},{\"@type\":\"BreadcrumbList\",\"@id\":\"https:\/\/www.enabags.es\/index.php\/producto\/bolso-capazo-elegante-copia\/#breadcrumb\",\"itemListElement\":[{\"@type\":\"ListItem\",\"position\":1,\"name\":\"Portada\",\"item\":\"https:\/\/www.enabags.es\/\"},{\"@type\":\"ListItem\",\"position\":2,\"name\":\"Tienda\",\"item\":\"https:\/\/www.enabags.es\/index.php\/tienda\/\"},{\"@type\":\"ListItem\",\"position\":3,\"name\":\"BOLSO CAPAZO ELEGANTE\"}]},{\"@type\":\"WebSite\",\"@id\":\"https:\/\/www.enabags.es\/#website\",\"url\":\"https:\/\/www.enabags.es\/\",\"name\":\"ENABAGS.ES\",\"description\":\"ENABAGS\",\"potentialAction\":[{\"@type\":\"SearchAction\",\"target\":{\"@type\":\"EntryPoint\",\"urlTemplate\":\"https:\/\/www.enabags.es\/?s={search_term_string}\"},\"query-input\":\"required name=search_term_string\"}],\"inLanguage\":\"es\"}]}<\/script>\n<!-- \/ Yoast SEO plugin. -->","yoast_head_json":{"title":"BOLSO CAPAZO ELEGANTE","description":"BOLSO CAPAZO ELEGANTE Enabags BOLSO CAPAZO ELEGANTE . PUEDE PERSONALIZARSE. - Capazo realizado de forma artesanal. Cierre de tela mediante tiras.","robots":{"index":"index","follow":"follow","max-snippet":"max-snippet:-1","max-image-preview":"max-image-preview:large","max-video-preview":"max-video-preview:-1"},"canonical":"https:\/\/www.enabags.es\/index.php\/producto\/bolso-capazo-elegante-copia\/","og_locale":"es_ES","og_type":"article","og_title":"BOLSO CAPAZO ELEGANTE","og_description":"BOLSO CAPAZO ELEGANTE Enabags BOLSO CAPAZO ELEGANTE . PUEDE PERSONALIZARSE. - Capazo realizado de forma artesanal. Cierre de tela mediante tiras.","og_url":"https:\/\/www.enabags.es\/index.php\/producto\/bolso-capazo-elegante-copia\/","og_site_name":"Enabags","article_publisher":"https:\/\/www.facebook.com\/enabags.es\/","article_modified_time":"2024-08-10T09:43:53+00:00","og_image":[{"width":1536,"height":2040,"url":"https:\/\/www.enabags.es\/wp-content\/uploads\/2024\/03\/CESTA.jpg","type":"image\/jpeg"}],"twitter_card":"summary_large_image","twitter_misc":{"Tiempo de lectura":"2 minutos"},"schema":{"@context":"https:\/\/schema.org","@graph":[{"@type":"WebPage","@id":"https:\/\/www.enabags.es\/index.php\/producto\/bolso-capazo-elegante-copia\/","url":"https:\/\/www.enabags.es\/index.php\/producto\/bolso-capazo-elegante-copia\/","name":"BOLSO CAPAZO ELEGANTE","isPartOf":{"@id":"https:\/\/www.enabags.es\/#website"},"datePublished":"2024-03-30T09:21:48+00:00","dateModified":"2024-08-10T09:43:53+00:00","description":"BOLSO CAPAZO ELEGANTE Enabags BOLSO CAPAZO ELEGANTE . PUEDE PERSONALIZARSE. - Capazo realizado de forma artesanal. Cierre de tela mediante tiras.","breadcrumb":{"@id":"https:\/\/www.enabags.es\/index.php\/producto\/bolso-capazo-elegante-copia\/#breadcrumb"},"inLanguage":"es","potentialAction":[{"@type":"ReadAction","target":["https:\/\/www.enabags.es\/index.php\/producto\/bolso-capazo-elegante-copia\/"]}]},{"@type":"BreadcrumbList","@id":"https:\/\/www.enabags.es\/index.php\/producto\/bolso-capazo-elegante-copia\/#breadcrumb","itemListElement":[{"@type":"ListItem","position":1,"name":"Portada","item":"https:\/\/www.enabags.es\/"},{"@type":"ListItem","position":2,"name":"Tienda","item":"https:\/\/www.enabags.es\/index.php\/tienda\/"},{"@type":"ListItem","position":3,"name":"BOLSO CAPAZO ELEGANTE"}]},{"@type":"WebSite","@id":"https:\/\/www.enabags.es\/#website","url":"https:\/\/www.enabags.es\/","name":"ENABAGS.ES","description":"ENABAGS","potentialAction":[{"@type":"SearchAction","target":{"@type":"EntryPoint","urlTemplate":"https:\/\/www.enabags.es\/?s={search_term_string}"},"query-input":"required name=search_term_string"}],"inLanguage":"es"}]}},"_links":{"self":[{"href":"https:\/\/www.enabags.es\/index.php\/wp-json\/wp\/v2\/product\/3218","targetHints":{"allow":["GET"]}}],"collection":[{"href":"https:\/\/www.enabags.es\/index.php\/wp-json\/wp\/v2\/product"}],"about":[{"href":"https:\/\/www.enabags.es\/index.php\/wp-json\/wp\/v2\/types\/product"}],"replies":[{"embeddable":true,"href":"https:\/\/www.enabags.es\/index.php\/wp-json\/wp\/v2\/comments?post=3218"}],"wp:attachment":[{"href":"https:\/\/www.enabags.es\/index.php\/wp-json\/wp\/v2\/media?parent=3218"}],"wp:term":[{"taxonomy":"product_cat","embeddable":true,"href":"https:\/\/www.enabags.es\/index.php\/wp-json\/wp\/v2\/product_cat?post=3218"},{"taxonomy":"product_tag","embeddable":true,"href":"https:\/\/www.enabags.es\/index.php\/wp-json\/wp\/v2\/product_tag?post=3218"}],"curies":[{"name":"wp","href":"https:\/\/api.w.org\/{rel}","templated":true}]}}