{"id":3127,"date":"2024-02-22T11:21:24","date_gmt":"2024-02-22T11:21:24","guid":{"rendered":"https:\/\/www.enabags.es\/?post_type=product&#038;p=3127"},"modified":"2024-02-22T11:39:35","modified_gmt":"2024-02-22T11:39:35","slug":"bolsa-deporte-xl-gris-negra","status":"publish","type":"product","link":"https:\/\/www.enabags.es\/index.php\/producto\/bolsa-deporte-xl-gris-negra\/","title":{"rendered":"BOLSA DEPORTE XL GRIS NEGRA"},"content":{"rendered":"<p>BOLSA DEPORTE XL NEGRA<\/p>\n<p>Bolso grande estilo deportivo y de viaje color NEGRA<\/p>\n<p>Con cremallera. De NYLON. Con asas y correa ajustable y extra\u00edble para el hombro.<\/p>\n<p>Bolsillo peque\u00f1o exterior con cremallera.<\/p>\n<p>Varios departamentos en su interior. INCLUYE BOLSILLO PARA ZAPATILLAS.<\/p>\n<p>Detalle de letras escritas.<\/p>\n<p><em>&#8220;Algo en lo que se parece el deporte y viajar es en que siempre es buen momento para hacerlo. El deporte genera endorfinas (hormona de la felicidad), previene enfermedades, enfortalece, alarga la vida&#8230; Viajar te proporciona mucho aprendizaje, abres la mente a nuevas oportunidades y ampl\u00edas tu horizonte, reduce el miedo&#8230; Deber\u00edamos hacerlo con una frecuencia bastante alta entonces, \u00bfno? &#8220;<\/em><\/p>\n<p><strong>Mochila de Deporte Grande en Color NEGRA &#8211; Espaciosa y Resistente para el Atleta Activo<\/strong><\/p>\n<p>Prep\u00e1rate para llevar todo tu equipo deportivo con estilo y comodidad con nuestra mochila de deporte grande en color burdeos. Este vers\u00e1til accesorio est\u00e1 dise\u00f1ado para ofrecerte la m\u00e1xima capacidad y durabilidad, asegurando que tus pertenencias est\u00e9n seguras y organizadas, ya sea para ir al gimnasio, un partido o una aventura al aire libre.<\/p>\n<p>Con unas dimensiones generosas, esta mochila est\u00e1 confeccionada con materiales robustos que resisten el uso diario intensivo. Su tejido de alta calidad no solo es visualmente atractivo con su tonalidad burdeos profunda y detalles en negro, sino tambi\u00e9n pr\u00e1ctico, resistente al desgaste y f\u00e1cil de limpiar.<\/p>\n<p>Los m\u00faltiples compartimentos est\u00e1n dise\u00f1ados pensando en la funcionalidad, incluyendo bolsillos exteriores de f\u00e1cil acceso para objetos peque\u00f1os y un amplio compartimento principal para ropa, calzado y equipamiento deportivo. Las correas ajustables y el asa reforzada ofrecen varias opciones de transporte, mientras que el acolchado garantiza una comodidad excepcional incluso cuando la mochila est\u00e1 completamente cargada.<\/p>\n<p>Caracter\u00edsticas clave:<\/p>\n<ul>\n<li>Color burdeos elegante con detalles en negro, ideal para cualquier estilo.<\/li>\n<li>Materiales de alta durabilidad, perfectos para uso intensivo.<\/li>\n<li>Espacioso compartimento principal con bolsillos adicionales para una organizaci\u00f3n \u00f3ptima.<\/li>\n<li>Correas ajustables y asa reforzada para un transporte c\u00f3modo y seguro.<\/li>\n<\/ul>\n<p>Ya sea que est\u00e9s buscando una mochila para el uso diario o una compa\u00f1era resistente para tus actividades deportivas, nuestra mochila de deporte grande es la elecci\u00f3n perfecta. \u00a1Hazte con la tuya hoy y lleva tu rendimiento y tu estilo al siguiente nivel!<\/p>\n<p>En este enlace puedes verlas todas las mochilas deportivas:<\/p>\n<p><a href=\"https:\/\/www.enabags.es\/index.php\/categoria-producto\/deporte\/\">https:\/\/www.enabags.es\/index.php\/categoria-producto\/deporte\/<\/a><\/p>\n<p>\u00bfEres deportista y necesitas suplementos de proteinas? Entra a nuestra p\u00e1gina amiga y podr\u00e1s adquirir m\u00e1s productos:<\/p>\n<p><a href=\"https:\/\/tfyb.es\/?post_type=product\">https:\/\/tfyb.es\/?post_type=product<\/a><\/p>\n","protected":false},"excerpt":{"rendered":"<p>BOLSA DEPORTE XL NEGRA<\/p>\n<p>Bolso grande estilo deportivo y de viaje color NEGRA<\/p>\n<p>Con cremallera. De NYLON. Con asas y correa ajustable y extra\u00edble para el hombro.<\/p>\n<p>Bolsillo peque\u00f1o exterior con cremallera.<\/p>\n<p>Varios departamentos en su interior. INCLUYE BOLSILLO PARA ZAPATILLAS.<\/p>\n<p>Detalle de letras escritas.<\/p>\n<p><em>&#8220;Algo en lo que se parece el deporte y viajar es en que siempre es buen momento para hacerlo. El deporte genera endorfinas (hormona de la felicidad), previene enfermedades, enfortalece, alarga la vida&#8230; Viajar te proporciona mucho aprendizaje, abres la mente a nuevas oportunidades y ampl\u00edas tu horizonte, reduce el miedo&#8230; Deber\u00edamos hacerlo con una frecuencia bastante alta entonces, \u00bfno? &#8220;<\/em><\/p>\n<p><strong>Mochila de Deporte Grande en Color NEGRA &#8211; Espaciosa y Resistente para el Atleta Activo<\/strong><\/p>\n<p>Prep\u00e1rate para llevar todo tu equipo deportivo con estilo y comodidad con nuestra mochila de deporte grande en color burdeos. Este vers\u00e1til accesorio est\u00e1 dise\u00f1ado para ofrecerte la m\u00e1xima capacidad y durabilidad, asegurando que tus pertenencias est\u00e9n seguras y organizadas, ya sea para ir al gimnasio, un partido o una aventura al aire libre.<\/p>\n<p>Con unas dimensiones generosas, esta mochila est\u00e1 confeccionada con materiales robustos que resisten el uso diario intensivo. Su tejido de alta calidad no solo es visualmente atractivo con su tonalidad burdeos profunda y detalles en negro, sino tambi\u00e9n pr\u00e1ctico, resistente al desgaste y f\u00e1cil de limpiar.<\/p>\n<p>Los m\u00faltiples compartimentos est\u00e1n dise\u00f1ados pensando en la funcionalidad, incluyendo bolsillos exteriores de f\u00e1cil acceso para objetos peque\u00f1os y un amplio compartimento principal para ropa, calzado y equipamiento deportivo. Las correas ajustables y el asa reforzada ofrecen varias opciones de transporte, mientras que el acolchado garantiza una comodidad excepcional incluso cuando la mochila est\u00e1 completamente cargada.<\/p>\n<p>Caracter\u00edsticas clave:<\/p>\n<ul>\n<li>Color burdeos elegante con detalles en negro, ideal para cualquier estilo.<\/li>\n<li>Materiales de alta durabilidad, perfectos para uso intensivo.<\/li>\n<li>Espacioso compartimento principal con bolsillos adicionales para una organizaci\u00f3n \u00f3ptima.<\/li>\n<li>Correas ajustables y asa reforzada para un transporte c\u00f3modo y seguro.<\/li>\n<\/ul>\n<p>Ya sea que est\u00e9s buscando una mochila para el uso diario o una compa\u00f1era resistente para tus actividades deportivas, nuestra mochila de deporte grande es la elecci\u00f3n perfecta. \u00a1Hazte con la tuya hoy y lleva tu rendimiento y tu estilo al siguiente nivel!<\/p>\n<p>En este enlace puedes verlas todas las mochilas deportivas:<\/p>\n<p><a href=\"https:\/\/www.enabags.es\/index.php\/categoria-producto\/deporte\/\">https:\/\/www.enabags.es\/index.php\/categoria-producto\/deporte\/<\/a><\/p>\n<p>\u00bfEres deportista y necesitas suplementos de proteinas? Entra a nuestra p\u00e1gina amiga y podr\u00e1s adquirir m\u00e1s productos:<\/p>\n<p><a href=\"https:\/\/tfyb.es\/?post_type=product\">https:\/\/tfyb.es\/?post_type=product<\/a><\/p>\n","protected":false},"featured_media":0,"comment_status":"open","ping_status":"closed","template":"","meta":[],"product_cat":[110,123,108,111,113,37,17,86],"product_tag":[],"class_list":["post-3127","product","type-product","status-publish","hentry","product_cat-mochilas-viaje","product_cat-deporte","product_cat-hombre","product_cat-bolsas-deporte","product_cat-mujer","product_cat-bolsos-de-viaje","product_cat-ver-todo","product_cat-bolsos-personalizables-con-letras-grabadas"],"yoast_head":"<!-- This site is optimized with the Yoast SEO plugin v21.9.1 - https:\/\/yoast.com\/wordpress\/plugins\/seo\/ -->\n<title>BOLSA DEPORTE XL GRIS NEGRA - Enabags<\/title>\n<meta name=\"description\" content=\"BOLSA DEPORTE XL NEGRA - ENV\u00cdOS SIEMPRE GRATIS -\" \/>\n<meta name=\"robots\" content=\"index, follow, max-snippet:-1, max-image-preview:large, max-video-preview:-1\" \/>\n<link rel=\"canonical\" href=\"https:\/\/www.enabags.es\/index.php\/producto\/bolsa-deporte-xl-gris-negra\/\" \/>\n<meta property=\"og:locale\" content=\"es_ES\" \/>\n<meta property=\"og:type\" content=\"article\" \/>\n<meta property=\"og:title\" content=\"BOLSA DEPORTE XL GRIS NEGRA - Enabags\" \/>\n<meta property=\"og:description\" content=\"BOLSA DEPORTE XL NEGRA - ENV\u00cdOS SIEMPRE GRATIS -\" \/>\n<meta property=\"og:url\" content=\"https:\/\/www.enabags.es\/index.php\/producto\/bolsa-deporte-xl-gris-negra\/\" \/>\n<meta property=\"og:site_name\" content=\"Enabags\" \/>\n<meta property=\"article:publisher\" content=\"https:\/\/www.facebook.com\/enabags.es\/\" \/>\n<meta property=\"article:modified_time\" content=\"2024-02-22T11:39:35+00:00\" \/>\n<meta property=\"og:image\" content=\"https:\/\/www.enabags.es\/wp-content\/uploads\/2024\/02\/MOCHILA-NYLON-NEGRA.jpg\" \/>\n\t<meta property=\"og:image:width\" content=\"2040\" \/>\n\t<meta property=\"og:image:height\" content=\"1148\" \/>\n\t<meta property=\"og:image:type\" content=\"image\/jpeg\" \/>\n<meta name=\"twitter:card\" content=\"summary_large_image\" \/>\n<meta name=\"twitter:label1\" content=\"Tiempo de lectura\" \/>\n\t<meta name=\"twitter:data1\" content=\"2 minutos\" \/>\n<script type=\"application\/ld+json\" class=\"yoast-schema-graph\">{\"@context\":\"https:\/\/schema.org\",\"@graph\":[{\"@type\":\"WebPage\",\"@id\":\"https:\/\/www.enabags.es\/index.php\/producto\/bolsa-deporte-xl-gris-negra\/\",\"url\":\"https:\/\/www.enabags.es\/index.php\/producto\/bolsa-deporte-xl-gris-negra\/\",\"name\":\"BOLSA DEPORTE XL GRIS NEGRA - Enabags\",\"isPartOf\":{\"@id\":\"https:\/\/www.enabags.es\/#website\"},\"datePublished\":\"2024-02-22T11:21:24+00:00\",\"dateModified\":\"2024-02-22T11:39:35+00:00\",\"description\":\"BOLSA DEPORTE XL NEGRA - ENV\u00cdOS SIEMPRE GRATIS -\",\"breadcrumb\":{\"@id\":\"https:\/\/www.enabags.es\/index.php\/producto\/bolsa-deporte-xl-gris-negra\/#breadcrumb\"},\"inLanguage\":\"es\",\"potentialAction\":[{\"@type\":\"ReadAction\",\"target\":[\"https:\/\/www.enabags.es\/index.php\/producto\/bolsa-deporte-xl-gris-negra\/\"]}]},{\"@type\":\"BreadcrumbList\",\"@id\":\"https:\/\/www.enabags.es\/index.php\/producto\/bolsa-deporte-xl-gris-negra\/#breadcrumb\",\"itemListElement\":[{\"@type\":\"ListItem\",\"position\":1,\"name\":\"Portada\",\"item\":\"https:\/\/www.enabags.es\/\"},{\"@type\":\"ListItem\",\"position\":2,\"name\":\"Tienda\",\"item\":\"https:\/\/www.enabags.es\/index.php\/tienda\/\"},{\"@type\":\"ListItem\",\"position\":3,\"name\":\"BOLSA DEPORTE XL GRIS NEGRA\"}]},{\"@type\":\"WebSite\",\"@id\":\"https:\/\/www.enabags.es\/#website\",\"url\":\"https:\/\/www.enabags.es\/\",\"name\":\"ENABAGS.ES\",\"description\":\"ENABAGS\",\"potentialAction\":[{\"@type\":\"SearchAction\",\"target\":{\"@type\":\"EntryPoint\",\"urlTemplate\":\"https:\/\/www.enabags.es\/?s={search_term_string}\"},\"query-input\":\"required name=search_term_string\"}],\"inLanguage\":\"es\"}]}<\/script>\n<!-- \/ Yoast SEO plugin. -->","yoast_head_json":{"title":"BOLSA DEPORTE XL GRIS NEGRA - Enabags","description":"BOLSA DEPORTE XL NEGRA - ENV\u00cdOS SIEMPRE GRATIS -","robots":{"index":"index","follow":"follow","max-snippet":"max-snippet:-1","max-image-preview":"max-image-preview:large","max-video-preview":"max-video-preview:-1"},"canonical":"https:\/\/www.enabags.es\/index.php\/producto\/bolsa-deporte-xl-gris-negra\/","og_locale":"es_ES","og_type":"article","og_title":"BOLSA DEPORTE XL GRIS NEGRA - Enabags","og_description":"BOLSA DEPORTE XL NEGRA - ENV\u00cdOS SIEMPRE GRATIS -","og_url":"https:\/\/www.enabags.es\/index.php\/producto\/bolsa-deporte-xl-gris-negra\/","og_site_name":"Enabags","article_publisher":"https:\/\/www.facebook.com\/enabags.es\/","article_modified_time":"2024-02-22T11:39:35+00:00","og_image":[{"width":2040,"height":1148,"url":"https:\/\/www.enabags.es\/wp-content\/uploads\/2024\/02\/MOCHILA-NYLON-NEGRA.jpg","type":"image\/jpeg"}],"twitter_card":"summary_large_image","twitter_misc":{"Tiempo de lectura":"2 minutos"},"schema":{"@context":"https:\/\/schema.org","@graph":[{"@type":"WebPage","@id":"https:\/\/www.enabags.es\/index.php\/producto\/bolsa-deporte-xl-gris-negra\/","url":"https:\/\/www.enabags.es\/index.php\/producto\/bolsa-deporte-xl-gris-negra\/","name":"BOLSA DEPORTE XL GRIS NEGRA - Enabags","isPartOf":{"@id":"https:\/\/www.enabags.es\/#website"},"datePublished":"2024-02-22T11:21:24+00:00","dateModified":"2024-02-22T11:39:35+00:00","description":"BOLSA DEPORTE XL NEGRA - ENV\u00cdOS SIEMPRE GRATIS -","breadcrumb":{"@id":"https:\/\/www.enabags.es\/index.php\/producto\/bolsa-deporte-xl-gris-negra\/#breadcrumb"},"inLanguage":"es","potentialAction":[{"@type":"ReadAction","target":["https:\/\/www.enabags.es\/index.php\/producto\/bolsa-deporte-xl-gris-negra\/"]}]},{"@type":"BreadcrumbList","@id":"https:\/\/www.enabags.es\/index.php\/producto\/bolsa-deporte-xl-gris-negra\/#breadcrumb","itemListElement":[{"@type":"ListItem","position":1,"name":"Portada","item":"https:\/\/www.enabags.es\/"},{"@type":"ListItem","position":2,"name":"Tienda","item":"https:\/\/www.enabags.es\/index.php\/tienda\/"},{"@type":"ListItem","position":3,"name":"BOLSA DEPORTE XL GRIS NEGRA"}]},{"@type":"WebSite","@id":"https:\/\/www.enabags.es\/#website","url":"https:\/\/www.enabags.es\/","name":"ENABAGS.ES","description":"ENABAGS","potentialAction":[{"@type":"SearchAction","target":{"@type":"EntryPoint","urlTemplate":"https:\/\/www.enabags.es\/?s={search_term_string}"},"query-input":"required name=search_term_string"}],"inLanguage":"es"}]}},"_links":{"self":[{"href":"https:\/\/www.enabags.es\/index.php\/wp-json\/wp\/v2\/product\/3127","targetHints":{"allow":["GET"]}}],"collection":[{"href":"https:\/\/www.enabags.es\/index.php\/wp-json\/wp\/v2\/product"}],"about":[{"href":"https:\/\/www.enabags.es\/index.php\/wp-json\/wp\/v2\/types\/product"}],"replies":[{"embeddable":true,"href":"https:\/\/www.enabags.es\/index.php\/wp-json\/wp\/v2\/comments?post=3127"}],"wp:attachment":[{"href":"https:\/\/www.enabags.es\/index.php\/wp-json\/wp\/v2\/media?parent=3127"}],"wp:term":[{"taxonomy":"product_cat","embeddable":true,"href":"https:\/\/www.enabags.es\/index.php\/wp-json\/wp\/v2\/product_cat?post=3127"},{"taxonomy":"product_tag","embeddable":true,"href":"https:\/\/www.enabags.es\/index.php\/wp-json\/wp\/v2\/product_tag?post=3127"}],"curies":[{"name":"wp","href":"https:\/\/api.w.org\/{rel}","templated":true}]}}