{"id":2902,"date":"2024-02-12T14:52:57","date_gmt":"2024-02-12T14:52:57","guid":{"rendered":"https:\/\/www.enabags.es\/?post_type=product&#038;p=2902"},"modified":"2025-06-02T00:58:02","modified_gmt":"2025-06-02T00:58:02","slug":"cartera-mujer-polipiel-marron","status":"publish","type":"product","link":"https:\/\/www.enabags.es\/index.php\/producto\/cartera-mujer-polipiel-marron\/","title":{"rendered":"CARTERA MUJER POLIPIEL MARR\u00d3N"},"content":{"rendered":"<p>CARTERA MUJER\u00a0 POLIPIEL MARR\u00d3N<\/p>\n<p>&#8220;Descubre c\u00f3mo la cartera de mujer cuadrada de piel se convierte en el accesorio estrella del momento, ofreciendo elegancia, variedad de colores y opciones de personalizaci\u00f3n para reflejar tu estilo \u00fanico.&#8221;<\/p>\n<p>En un mundo donde la moda y la funcionalidad a menudo se encuentran en distintas esquinas del ring, emerge un accesorio capaz de unirlos con una elegancia sin esfuerzo: la cartera de mujer cuadrada de piel.<\/p>\n<p>No es solo un objeto donde guardar tus esenciales; es una declaraci\u00f3n de estilo, una extensi\u00f3n de tu personalidad y, sobre todo, un lienzo en blanco esperando ser personalizado.<\/p>\n<p>Con una variedad de colores para elegir y la opci\u00f3n de hacerla \u00fanica con tus propias personalizaciones, esta cartera no es solo un accesorio, sino un compa\u00f1ero imprescindible en tu d\u00eda a d\u00eda.<\/p>\n<p>Si buscas combinar elegancia con un toque personal, sigue leyendo para descubrir por qu\u00e9 esta cartera deber\u00eda ser tu pr\u00f3xima adquisici\u00f3n.<\/p>\n<p>Puedes encontrarla en estos colores: MARRON, NEGRA, GRIS, ROSA, AMARILLO P\u00c1LIDO Y VERDE.<\/p>\n<p>PUEDES PERSONALIZARLA, CON TU NOMBRE COMPLETO O UNA O DOS INICIALES.<\/p>\n<p>Sus medidas son: 12 cm de ancho x 9 cm de alta.<\/p>\n<p>Tiene dos compartimentos principales:<\/p>\n<p>La cremallera cierra la parte donde va el monedero para que no pierdas nada.<\/p>\n<p>En el segundo compartimento, puedes encontrar la zona de las tarjetas y billetes, este compartimento se cierra con un boton clip imantado.<\/p>\n<p>En las fotos puedes ver sus imagenes.<\/p>\n<p>Si tienes alguna duda para personalizarla o necesitas m\u00e1s informaci\u00f3n, puedes ponerte en contacto con nosotros en:<\/p>\n<p>admin@enabags.es o por tel\u00e9fono al 601.99.07.54, tambi\u00e9n por whatsapp.<\/p>\n<h3><strong>C\u00f3mo Elegir Tu Compa\u00f1era Perfecta<\/strong><\/h3>\n<ul>\n<li><strong>Considera el Color:<\/strong> Piensa en tu guardarropa. \u00bfBuscas un complemento vers\u00e1til o un punto de contraste?<\/li>\n<li><strong>Personalizaci\u00f3n:<\/strong> Decide qu\u00e9 nivel de personalizaci\u00f3n refleja mejor tu personalidad. Desde sutiles grabados hasta opciones m\u00e1s audaces, haz que sea tuya.<\/li>\n<li><strong>Funcionalidad:<\/strong> Eval\u00faa lo que necesitas llevar contigo a diario y aseg\u00farate de que la cartera elegida pueda acomodarlo sin problemas.<\/li>\n<li><strong>Calidad sobre Cantidad:<\/strong> Una buena cartera de piel es una inversi\u00f3n. Prefiere calidad que asegure durabilidad y estilo atemporal.<\/li>\n<\/ul>\n","protected":false},"excerpt":{"rendered":"<p>CARTERA MUJER CUADRADA PIEL<\/p>\n<p>&#8220;Descubre c\u00f3mo la cartera de mujer cuadrada de piel se convierte en el accesorio estrella del momento, ofreciendo elegancia, variedad de colores y opciones de personalizaci\u00f3n para reflejar tu estilo \u00fanico.&#8221;<\/p>\n<p>En un mundo donde la moda y la funcionalidad a menudo se encuentran en distintas esquinas del ring, emerge un accesorio capaz de unirlos con una elegancia sin esfuerzo: la cartera de mujer cuadrada de piel.<\/p>\n<p>No es solo un objeto donde guardar tus esenciales; es una declaraci\u00f3n de estilo, una extensi\u00f3n de tu personalidad y, sobre todo, un lienzo en blanco esperando ser personalizado.<\/p>\n<p>Con una variedad de colores para elegir y la opci\u00f3n de hacerla \u00fanica con tus propias personalizaciones, esta cartera no es solo un accesorio, sino un compa\u00f1ero imprescindible en tu d\u00eda a d\u00eda.<\/p>\n<p>Si buscas combinar elegancia con un toque personal, sigue leyendo para descubrir por qu\u00e9 esta cartera deber\u00eda ser tu pr\u00f3xima adquisici\u00f3n.<\/p>\n<p>Puedes encontrarla en estos colores: MARRON, NEGRA, GRIS, ROSA, AZUL P\u00c1LIDO, AMARILLO P\u00c1LIDO Y VERDE.<\/p>\n<p>PUEDES PERSONALIZARLA, CON TU NOMBRE COMPLETO O UNA O DOS INICIALES.<\/p>\n<p>Sus medidas son: 12 cm de ancho x 9 cm de alta.<\/p>\n<p>Tiene dos compartimentos principales:<\/p>\n<p>La cremallera cierra la parte donde va el monedero para que no pierdas nada.<\/p>\n<p>En el segundo compartimento, puedes encontrar la zona de las tarjetas y billetes, este compartimento se cierra con un boton clip imantado.<\/p>\n<p>En las fotos puedes ver sus imagenes.<\/p>\n<p>Si tienes alguna duda para personalizarla o necesitas m\u00e1s informaci\u00f3n, puedes ponerte en contacto con nosotros en:<\/p>\n<p>admin@enabags.es o por tel\u00e9fono al 601.99.07.54, tambi\u00e9n por whatsapp.<\/p>\n","protected":false},"featured_media":0,"comment_status":"open","ping_status":"closed","template":"","meta":[],"product_cat":[154,168,138,113,127,34,86],"product_tag":[],"class_list":["post-2902","product","type-product","status-publish","hentry","product_cat-bolsos-coleccion-primavera-2024","product_cat-carteras-de-mujer","product_cat-regalos-y-productos-personalizados","product_cat-mujer","product_cat-complementos-mujer","product_cat-carteras","product_cat-bolsos-personalizables-con-letras-grabadas"],"yoast_head":"<!-- This site is optimized with the Yoast SEO plugin v21.9.1 - https:\/\/yoast.com\/wordpress\/plugins\/seo\/ -->\n<title>CARTERA MUJER POLIPIEL MARR\u00d3N - Enabags<\/title>\n<meta name=\"description\" content=\"CARTERA MUJER AMARILLO CLARO - ENV\u00cdOS SIEMPRE GRATIS - Cartera de Mujer Cuadrada de Piel Personalizable - Elegancia y Estilo\" \/>\n<meta name=\"robots\" content=\"index, follow, max-snippet:-1, max-image-preview:large, max-video-preview:-1\" \/>\n<link rel=\"canonical\" href=\"https:\/\/www.enabags.es\/index.php\/producto\/cartera-mujer-polipiel-marron\/\" \/>\n<meta property=\"og:locale\" content=\"es_ES\" \/>\n<meta property=\"og:type\" content=\"article\" \/>\n<meta property=\"og:title\" content=\"CARTERA MUJER POLIPIEL MARR\u00d3N - Enabags\" \/>\n<meta property=\"og:description\" content=\"CARTERA MUJER AMARILLO CLARO - ENV\u00cdOS SIEMPRE GRATIS - Cartera de Mujer Cuadrada de Piel Personalizable - Elegancia y Estilo\" \/>\n<meta property=\"og:url\" content=\"https:\/\/www.enabags.es\/index.php\/producto\/cartera-mujer-polipiel-marron\/\" \/>\n<meta property=\"og:site_name\" content=\"Enabags\" \/>\n<meta property=\"article:publisher\" content=\"https:\/\/www.facebook.com\/enabags.es\/\" \/>\n<meta property=\"article:modified_time\" content=\"2025-06-02T00:58:02+00:00\" \/>\n<meta property=\"og:image\" content=\"https:\/\/www.enabags.es\/wp-content\/uploads\/2024\/02\/CARTERA-MARRON1.jpg\" \/>\n\t<meta property=\"og:image:width\" content=\"1536\" \/>\n\t<meta property=\"og:image:height\" content=\"2040\" \/>\n\t<meta property=\"og:image:type\" content=\"image\/jpeg\" \/>\n<meta name=\"twitter:card\" content=\"summary_large_image\" \/>\n<meta name=\"twitter:label1\" content=\"Tiempo de lectura\" \/>\n\t<meta name=\"twitter:data1\" content=\"2 minutos\" \/>\n<script type=\"application\/ld+json\" class=\"yoast-schema-graph\">{\"@context\":\"https:\/\/schema.org\",\"@graph\":[{\"@type\":\"WebPage\",\"@id\":\"https:\/\/www.enabags.es\/index.php\/producto\/cartera-mujer-polipiel-marron\/\",\"url\":\"https:\/\/www.enabags.es\/index.php\/producto\/cartera-mujer-polipiel-marron\/\",\"name\":\"CARTERA MUJER POLIPIEL MARR\u00d3N - Enabags\",\"isPartOf\":{\"@id\":\"https:\/\/www.enabags.es\/#website\"},\"datePublished\":\"2024-02-12T14:52:57+00:00\",\"dateModified\":\"2025-06-02T00:58:02+00:00\",\"description\":\"CARTERA MUJER AMARILLO CLARO - ENV\u00cdOS SIEMPRE GRATIS - Cartera de Mujer Cuadrada de Piel Personalizable - Elegancia y Estilo\",\"breadcrumb\":{\"@id\":\"https:\/\/www.enabags.es\/index.php\/producto\/cartera-mujer-polipiel-marron\/#breadcrumb\"},\"inLanguage\":\"es\",\"potentialAction\":[{\"@type\":\"ReadAction\",\"target\":[\"https:\/\/www.enabags.es\/index.php\/producto\/cartera-mujer-polipiel-marron\/\"]}]},{\"@type\":\"BreadcrumbList\",\"@id\":\"https:\/\/www.enabags.es\/index.php\/producto\/cartera-mujer-polipiel-marron\/#breadcrumb\",\"itemListElement\":[{\"@type\":\"ListItem\",\"position\":1,\"name\":\"Portada\",\"item\":\"https:\/\/www.enabags.es\/\"},{\"@type\":\"ListItem\",\"position\":2,\"name\":\"Tienda\",\"item\":\"https:\/\/www.enabags.es\/index.php\/tienda\/\"},{\"@type\":\"ListItem\",\"position\":3,\"name\":\"CARTERA MUJER POLIPIEL MARR\u00d3N\"}]},{\"@type\":\"WebSite\",\"@id\":\"https:\/\/www.enabags.es\/#website\",\"url\":\"https:\/\/www.enabags.es\/\",\"name\":\"ENABAGS.ES\",\"description\":\"ENABAGS\",\"potentialAction\":[{\"@type\":\"SearchAction\",\"target\":{\"@type\":\"EntryPoint\",\"urlTemplate\":\"https:\/\/www.enabags.es\/?s={search_term_string}\"},\"query-input\":\"required name=search_term_string\"}],\"inLanguage\":\"es\"}]}<\/script>\n<!-- \/ Yoast SEO plugin. -->","yoast_head_json":{"title":"CARTERA MUJER POLIPIEL MARR\u00d3N - Enabags","description":"CARTERA MUJER AMARILLO CLARO - ENV\u00cdOS SIEMPRE GRATIS - Cartera de Mujer Cuadrada de Piel Personalizable - Elegancia y Estilo","robots":{"index":"index","follow":"follow","max-snippet":"max-snippet:-1","max-image-preview":"max-image-preview:large","max-video-preview":"max-video-preview:-1"},"canonical":"https:\/\/www.enabags.es\/index.php\/producto\/cartera-mujer-polipiel-marron\/","og_locale":"es_ES","og_type":"article","og_title":"CARTERA MUJER POLIPIEL MARR\u00d3N - Enabags","og_description":"CARTERA MUJER AMARILLO CLARO - ENV\u00cdOS SIEMPRE GRATIS - Cartera de Mujer Cuadrada de Piel Personalizable - Elegancia y Estilo","og_url":"https:\/\/www.enabags.es\/index.php\/producto\/cartera-mujer-polipiel-marron\/","og_site_name":"Enabags","article_publisher":"https:\/\/www.facebook.com\/enabags.es\/","article_modified_time":"2025-06-02T00:58:02+00:00","og_image":[{"width":1536,"height":2040,"url":"https:\/\/www.enabags.es\/wp-content\/uploads\/2024\/02\/CARTERA-MARRON1.jpg","type":"image\/jpeg"}],"twitter_card":"summary_large_image","twitter_misc":{"Tiempo de lectura":"2 minutos"},"schema":{"@context":"https:\/\/schema.org","@graph":[{"@type":"WebPage","@id":"https:\/\/www.enabags.es\/index.php\/producto\/cartera-mujer-polipiel-marron\/","url":"https:\/\/www.enabags.es\/index.php\/producto\/cartera-mujer-polipiel-marron\/","name":"CARTERA MUJER POLIPIEL MARR\u00d3N - Enabags","isPartOf":{"@id":"https:\/\/www.enabags.es\/#website"},"datePublished":"2024-02-12T14:52:57+00:00","dateModified":"2025-06-02T00:58:02+00:00","description":"CARTERA MUJER AMARILLO CLARO - ENV\u00cdOS SIEMPRE GRATIS - Cartera de Mujer Cuadrada de Piel Personalizable - Elegancia y Estilo","breadcrumb":{"@id":"https:\/\/www.enabags.es\/index.php\/producto\/cartera-mujer-polipiel-marron\/#breadcrumb"},"inLanguage":"es","potentialAction":[{"@type":"ReadAction","target":["https:\/\/www.enabags.es\/index.php\/producto\/cartera-mujer-polipiel-marron\/"]}]},{"@type":"BreadcrumbList","@id":"https:\/\/www.enabags.es\/index.php\/producto\/cartera-mujer-polipiel-marron\/#breadcrumb","itemListElement":[{"@type":"ListItem","position":1,"name":"Portada","item":"https:\/\/www.enabags.es\/"},{"@type":"ListItem","position":2,"name":"Tienda","item":"https:\/\/www.enabags.es\/index.php\/tienda\/"},{"@type":"ListItem","position":3,"name":"CARTERA MUJER POLIPIEL MARR\u00d3N"}]},{"@type":"WebSite","@id":"https:\/\/www.enabags.es\/#website","url":"https:\/\/www.enabags.es\/","name":"ENABAGS.ES","description":"ENABAGS","potentialAction":[{"@type":"SearchAction","target":{"@type":"EntryPoint","urlTemplate":"https:\/\/www.enabags.es\/?s={search_term_string}"},"query-input":"required name=search_term_string"}],"inLanguage":"es"}]}},"_links":{"self":[{"href":"https:\/\/www.enabags.es\/index.php\/wp-json\/wp\/v2\/product\/2902","targetHints":{"allow":["GET"]}}],"collection":[{"href":"https:\/\/www.enabags.es\/index.php\/wp-json\/wp\/v2\/product"}],"about":[{"href":"https:\/\/www.enabags.es\/index.php\/wp-json\/wp\/v2\/types\/product"}],"replies":[{"embeddable":true,"href":"https:\/\/www.enabags.es\/index.php\/wp-json\/wp\/v2\/comments?post=2902"}],"wp:attachment":[{"href":"https:\/\/www.enabags.es\/index.php\/wp-json\/wp\/v2\/media?parent=2902"}],"wp:term":[{"taxonomy":"product_cat","embeddable":true,"href":"https:\/\/www.enabags.es\/index.php\/wp-json\/wp\/v2\/product_cat?post=2902"},{"taxonomy":"product_tag","embeddable":true,"href":"https:\/\/www.enabags.es\/index.php\/wp-json\/wp\/v2\/product_tag?post=2902"}],"curies":[{"name":"wp","href":"https:\/\/api.w.org\/{rel}","templated":true}]}}