{"id":2877,"date":"2024-02-04T11:58:36","date_gmt":"2024-02-04T11:58:36","guid":{"rendered":"https:\/\/www.enabags.es\/?post_type=product&#038;p=2877"},"modified":"2024-08-10T09:45:40","modified_gmt":"2024-08-10T09:45:40","slug":"machila-vaquera-negra-denim","status":"publish","type":"product","link":"https:\/\/www.enabags.es\/index.php\/producto\/machila-vaquera-negra-denim\/","title":{"rendered":"MOCHILA VAQUERA NEGRA DENIM"},"content":{"rendered":"<p>MOCHILA VAQUERA NEGRA DENIM<\/p>\n<p>\u00bfEres de las que siempre va con vaqueros? Pues aqu\u00ed tienes tu bolso perfecto para todos los d\u00edas.<\/p>\n<p>Mochila grande vaquera, con bolsillos, el bajo es r\u00edgido y se queda apoyada, asas para colgar detras, asa de mano.<\/p>\n<p>Modelo anti robo.<\/p>\n<p>Detalles en peque\u00f1os puntos plateados que le dan un aire para ir m\u00e1s arreglada y con vaqueros.<\/p>\n<p>Tienes dos opciones: con piel marr\u00f3n o piel negra, para que elijas.<\/p>\n<p>El pasador es de boton imantado, pero a la parte central llevas una cremallera.<\/p>\n<p>Interior con bolsillos de cremallera.<\/p>\n<p>Bolsillo peque\u00f1o en la parte exterior.<\/p>\n<ul>\n<li>Medidas: 30 x 32 x 10 cm<\/li>\n<li>Material: sint\u00e9tico<\/li>\n<\/ul>\n<p>Tambi\u00e9n tenemos disponible la opci\u00f3n de bandolera, es un poco m\u00e1s peque\u00f1a, pero se puede colgar de lateral y de esa forma tambi\u00e9n vas con las manos libres, adem\u00e1s podr\u00e1s acceder a todo lo que lleves en el interior de tu bolso, sin tener que quit\u00e1rtelo.<\/p>\n<h1 class=\"product_title entry-title\">Colecci\u00f3n Denim \u2013 Mochila Cuadrada<\/h1>\n<div>Nuestra Mochila Vaquera es la perfecta de estilo urbano y funcionalidad. Confeccionada con tela vaquera reutilizada, esta mochila combina la durabilidad que necesitas con un toque de moda \u00fanico.<\/div>\n<div><\/div>\n<div>Ideal para llevar tus cosas de manera organizada y c\u00f3moda, nuestra Mochila Vaquera se convertir\u00e1 en tu compa\u00f1era inseparable en todas tus aventuras.<\/div>\n<div><\/div>\n<div><span lang=\"ES-TRAD\">Mochila vaquera, con bolsillos exteriores, forrada con tela lisa o estampada y cremallera. Lleva un regulador de tirantes.\u00a0<\/span><\/div>\n<p>MOCHILA VAQUERA NEGRA DENIM<\/p>\n<p><a href=\"https:\/\/www.enabags.es\/index.php\/categoria-producto\/bolsos-coleccion-primavera-2024\/\">https:\/\/www.enabags.es\/index.php\/categoria-producto\/bolsos-coleccion-primavera-2024\/<\/a><\/p>\n","protected":false},"excerpt":{"rendered":"<p>MOCHILA VAQUERA NEGRA DENIM \u00bfEres de las que siempre va con vaqueros? Pues aqu\u00ed tienes tu bolso perfecto para todos los d\u00edas. Mochila grande vaquera, con bolsillos, el bajo es [&hellip;]<\/p>\n","protected":false},"featured_media":0,"comment_status":"open","ping_status":"closed","template":"","meta":[],"product_cat":[154,113,35,17],"product_tag":[],"class_list":["post-2877","product","type-product","status-publish","hentry","product_cat-bolsos-coleccion-primavera-2024","product_cat-mujer","product_cat-mochilas","product_cat-ver-todo"],"yoast_head":"<!-- This site is optimized with the Yoast SEO plugin v21.9.1 - https:\/\/yoast.com\/wordpress\/plugins\/seo\/ -->\n<title>MOCHILA VAQUERA NEGRA DENIM - Enabags<\/title>\n<meta name=\"description\" content=\"MOCHILA VAQUERA GRANDE DENIM - MOCHILAS MUJER - MOCHILA PRIMAVERA VERANO 2024 - Enabags MOCHILA VAQUERA NEGRA DENIM GASTOS DE ENV\u00cdO GRATIS\" \/>\n<meta name=\"robots\" content=\"index, follow, max-snippet:-1, max-image-preview:large, max-video-preview:-1\" \/>\n<link rel=\"canonical\" href=\"https:\/\/www.enabags.es\/index.php\/producto\/machila-vaquera-negra-denim\/\" \/>\n<meta property=\"og:locale\" content=\"es_ES\" \/>\n<meta property=\"og:type\" content=\"article\" \/>\n<meta property=\"og:title\" content=\"MOCHILA VAQUERA NEGRA DENIM - Enabags\" \/>\n<meta property=\"og:description\" content=\"MOCHILA VAQUERA GRANDE DENIM - MOCHILAS MUJER - MOCHILA PRIMAVERA VERANO 2024 - Enabags MOCHILA VAQUERA NEGRA DENIM GASTOS DE ENV\u00cdO GRATIS\" \/>\n<meta property=\"og:url\" content=\"https:\/\/www.enabags.es\/index.php\/producto\/machila-vaquera-negra-denim\/\" \/>\n<meta property=\"og:site_name\" content=\"Enabags\" \/>\n<meta property=\"article:publisher\" content=\"https:\/\/www.facebook.com\/enabags.es\/\" \/>\n<meta property=\"article:modified_time\" content=\"2024-08-10T09:45:40+00:00\" \/>\n<meta property=\"og:image\" content=\"https:\/\/www.enabags.es\/wp-content\/uploads\/2024\/02\/MOCHILA-VAQUERA-AZUL.jpeg\" \/>\n\t<meta property=\"og:image:width\" content=\"1206\" \/>\n\t<meta property=\"og:image:height\" content=\"1512\" \/>\n\t<meta property=\"og:image:type\" content=\"image\/jpeg\" \/>\n<meta name=\"twitter:card\" content=\"summary_large_image\" \/>\n<meta name=\"twitter:label1\" content=\"Tiempo de lectura\" \/>\n\t<meta name=\"twitter:data1\" content=\"2 minutos\" \/>\n<script type=\"application\/ld+json\" class=\"yoast-schema-graph\">{\"@context\":\"https:\/\/schema.org\",\"@graph\":[{\"@type\":\"WebPage\",\"@id\":\"https:\/\/www.enabags.es\/index.php\/producto\/machila-vaquera-negra-denim\/\",\"url\":\"https:\/\/www.enabags.es\/index.php\/producto\/machila-vaquera-negra-denim\/\",\"name\":\"MOCHILA VAQUERA NEGRA DENIM - Enabags\",\"isPartOf\":{\"@id\":\"https:\/\/www.enabags.es\/#website\"},\"datePublished\":\"2024-02-04T11:58:36+00:00\",\"dateModified\":\"2024-08-10T09:45:40+00:00\",\"description\":\"MOCHILA VAQUERA GRANDE DENIM - MOCHILAS MUJER - MOCHILA PRIMAVERA VERANO 2024 - Enabags MOCHILA VAQUERA NEGRA DENIM GASTOS DE ENV\u00cdO GRATIS\",\"breadcrumb\":{\"@id\":\"https:\/\/www.enabags.es\/index.php\/producto\/machila-vaquera-negra-denim\/#breadcrumb\"},\"inLanguage\":\"es\",\"potentialAction\":[{\"@type\":\"ReadAction\",\"target\":[\"https:\/\/www.enabags.es\/index.php\/producto\/machila-vaquera-negra-denim\/\"]}]},{\"@type\":\"BreadcrumbList\",\"@id\":\"https:\/\/www.enabags.es\/index.php\/producto\/machila-vaquera-negra-denim\/#breadcrumb\",\"itemListElement\":[{\"@type\":\"ListItem\",\"position\":1,\"name\":\"Portada\",\"item\":\"https:\/\/www.enabags.es\/\"},{\"@type\":\"ListItem\",\"position\":2,\"name\":\"Tienda\",\"item\":\"https:\/\/www.enabags.es\/index.php\/tienda\/\"},{\"@type\":\"ListItem\",\"position\":3,\"name\":\"MOCHILA VAQUERA NEGRA DENIM\"}]},{\"@type\":\"WebSite\",\"@id\":\"https:\/\/www.enabags.es\/#website\",\"url\":\"https:\/\/www.enabags.es\/\",\"name\":\"ENABAGS.ES\",\"description\":\"ENABAGS\",\"potentialAction\":[{\"@type\":\"SearchAction\",\"target\":{\"@type\":\"EntryPoint\",\"urlTemplate\":\"https:\/\/www.enabags.es\/?s={search_term_string}\"},\"query-input\":\"required name=search_term_string\"}],\"inLanguage\":\"es\"}]}<\/script>\n<!-- \/ Yoast SEO plugin. -->","yoast_head_json":{"title":"MOCHILA VAQUERA NEGRA DENIM - Enabags","description":"MOCHILA VAQUERA GRANDE DENIM - MOCHILAS MUJER - MOCHILA PRIMAVERA VERANO 2024 - Enabags MOCHILA VAQUERA NEGRA DENIM GASTOS DE ENV\u00cdO GRATIS","robots":{"index":"index","follow":"follow","max-snippet":"max-snippet:-1","max-image-preview":"max-image-preview:large","max-video-preview":"max-video-preview:-1"},"canonical":"https:\/\/www.enabags.es\/index.php\/producto\/machila-vaquera-negra-denim\/","og_locale":"es_ES","og_type":"article","og_title":"MOCHILA VAQUERA NEGRA DENIM - Enabags","og_description":"MOCHILA VAQUERA GRANDE DENIM - MOCHILAS MUJER - MOCHILA PRIMAVERA VERANO 2024 - Enabags MOCHILA VAQUERA NEGRA DENIM GASTOS DE ENV\u00cdO GRATIS","og_url":"https:\/\/www.enabags.es\/index.php\/producto\/machila-vaquera-negra-denim\/","og_site_name":"Enabags","article_publisher":"https:\/\/www.facebook.com\/enabags.es\/","article_modified_time":"2024-08-10T09:45:40+00:00","og_image":[{"width":1206,"height":1512,"url":"https:\/\/www.enabags.es\/wp-content\/uploads\/2024\/02\/MOCHILA-VAQUERA-AZUL.jpeg","type":"image\/jpeg"}],"twitter_card":"summary_large_image","twitter_misc":{"Tiempo de lectura":"2 minutos"},"schema":{"@context":"https:\/\/schema.org","@graph":[{"@type":"WebPage","@id":"https:\/\/www.enabags.es\/index.php\/producto\/machila-vaquera-negra-denim\/","url":"https:\/\/www.enabags.es\/index.php\/producto\/machila-vaquera-negra-denim\/","name":"MOCHILA VAQUERA NEGRA DENIM - Enabags","isPartOf":{"@id":"https:\/\/www.enabags.es\/#website"},"datePublished":"2024-02-04T11:58:36+00:00","dateModified":"2024-08-10T09:45:40+00:00","description":"MOCHILA VAQUERA GRANDE DENIM - MOCHILAS MUJER - MOCHILA PRIMAVERA VERANO 2024 - Enabags MOCHILA VAQUERA NEGRA DENIM GASTOS DE ENV\u00cdO GRATIS","breadcrumb":{"@id":"https:\/\/www.enabags.es\/index.php\/producto\/machila-vaquera-negra-denim\/#breadcrumb"},"inLanguage":"es","potentialAction":[{"@type":"ReadAction","target":["https:\/\/www.enabags.es\/index.php\/producto\/machila-vaquera-negra-denim\/"]}]},{"@type":"BreadcrumbList","@id":"https:\/\/www.enabags.es\/index.php\/producto\/machila-vaquera-negra-denim\/#breadcrumb","itemListElement":[{"@type":"ListItem","position":1,"name":"Portada","item":"https:\/\/www.enabags.es\/"},{"@type":"ListItem","position":2,"name":"Tienda","item":"https:\/\/www.enabags.es\/index.php\/tienda\/"},{"@type":"ListItem","position":3,"name":"MOCHILA VAQUERA NEGRA DENIM"}]},{"@type":"WebSite","@id":"https:\/\/www.enabags.es\/#website","url":"https:\/\/www.enabags.es\/","name":"ENABAGS.ES","description":"ENABAGS","potentialAction":[{"@type":"SearchAction","target":{"@type":"EntryPoint","urlTemplate":"https:\/\/www.enabags.es\/?s={search_term_string}"},"query-input":"required name=search_term_string"}],"inLanguage":"es"}]}},"_links":{"self":[{"href":"https:\/\/www.enabags.es\/index.php\/wp-json\/wp\/v2\/product\/2877","targetHints":{"allow":["GET"]}}],"collection":[{"href":"https:\/\/www.enabags.es\/index.php\/wp-json\/wp\/v2\/product"}],"about":[{"href":"https:\/\/www.enabags.es\/index.php\/wp-json\/wp\/v2\/types\/product"}],"replies":[{"embeddable":true,"href":"https:\/\/www.enabags.es\/index.php\/wp-json\/wp\/v2\/comments?post=2877"}],"wp:attachment":[{"href":"https:\/\/www.enabags.es\/index.php\/wp-json\/wp\/v2\/media?parent=2877"}],"wp:term":[{"taxonomy":"product_cat","embeddable":true,"href":"https:\/\/www.enabags.es\/index.php\/wp-json\/wp\/v2\/product_cat?post=2877"},{"taxonomy":"product_tag","embeddable":true,"href":"https:\/\/www.enabags.es\/index.php\/wp-json\/wp\/v2\/product_tag?post=2877"}],"curies":[{"name":"wp","href":"https:\/\/api.w.org\/{rel}","templated":true}]}}