{"id":2782,"date":"2023-11-21T15:24:47","date_gmt":"2023-11-21T15:24:47","guid":{"rendered":"https:\/\/www.enabags.es\/?post_type=product&#038;p=2782"},"modified":"2023-11-28T18:45:33","modified_gmt":"2023-11-28T18:45:33","slug":"totebag-polipiel-azul","status":"publish","type":"product","link":"https:\/\/www.enabags.es\/index.php\/producto\/totebag-polipiel-azul\/","title":{"rendered":"TOTEBAG POLIPIEL AZUL"},"content":{"rendered":"<p>Bolso de polipiel, tama\u00f1o mediano. Con asas de cadena y cierre de cremallera. Tapa extra con bot\u00f3n. Color AZUL MARINO y estampado liso. Con bolsillo interior y exterior con cremallera. Dispone de una asa extra\u00edble a modo bandolera.<\/p>\n<p>&#8220;Nos parece ideal para salir de fiesta en d\u00edas de noviembre o enero, estos colores son s\u00faper combinables en el oto\u00f1o y el invierno. Sin duda son la mejor elecci\u00f3n para un outfit elegante.&#8221;<\/p>\n","protected":false},"excerpt":{"rendered":"<p style=\"text-align: center;\">Bolso de polipiel, tama\u00f1o mediano. Con asas de cadena y cierre de cremallera. Tapa extra con bot\u00f3n. Color <strong>AZUL MARINO<\/strong> y estampado liso. Con bolsillo interior y exterior con cremallera. Dispone de una asa extra\u00edble a modo bandolera.<\/p>\n<p style=\"text-align: center;\">MEDIDAS: 21 CM ALTO X 29 DE ANCHO X 8 CM PROFUNDIDAD.<\/p>\n<p style=\"text-align: center;\">NO PERSONALIZABLE.<\/p>\n<p style=\"text-align: center;\">GASTOS DE ENV\u00cdO INCLUIDOS EN EL PRECIO.<\/p>\n","protected":false},"featured_media":0,"comment_status":"open","ping_status":"closed","template":"","meta":[],"product_cat":[154,64,33,17,86],"product_tag":[],"class_list":["post-2782","product","type-product","status-publish","hentry","product_cat-bolsos-coleccion-primavera-2024","product_cat-bandoleras-y-bolsos-de-hombro","product_cat-bolsos-pequenos","product_cat-ver-todo","product_cat-bolsos-personalizables-con-letras-grabadas","fb_product_set-otono-invierno-23-24"],"yoast_head":"<!-- This site is optimized with the Yoast SEO plugin v21.9.1 - https:\/\/yoast.com\/wordpress\/plugins\/seo\/ -->\n<title>TOTEBAG POLIPIEL AZUL - Enabags<\/title>\n<meta name=\"robots\" content=\"index, follow, max-snippet:-1, max-image-preview:large, max-video-preview:-1\" \/>\n<link rel=\"canonical\" href=\"https:\/\/www.enabags.es\/index.php\/producto\/totebag-polipiel-azul\/\" \/>\n<meta property=\"og:locale\" content=\"es_ES\" \/>\n<meta property=\"og:type\" content=\"article\" \/>\n<meta property=\"og:title\" content=\"TOTEBAG POLIPIEL AZUL - Enabags\" \/>\n<meta property=\"og:description\" content=\"Bolso de polipiel, tama\u00f1o mediano. Con asas de cadena y cierre de cremallera. Tapa extra con bot\u00f3n. Color AZUL MARINO y estampado liso. Con bolsillo interior y exterior con cremallera. Dispone de una asa extra\u00edble a modo bandolera. MEDIDAS: 21 CM ALTO X 29 DE ANCHO X 8 CM PROFUNDIDAD. NO PERSONALIZABLE. GASTOS DE ENV\u00cdO INCLUIDOS EN EL PRECIO.\" \/>\n<meta property=\"og:url\" content=\"https:\/\/www.enabags.es\/index.php\/producto\/totebag-polipiel-azul\/\" \/>\n<meta property=\"og:site_name\" content=\"Enabags\" \/>\n<meta property=\"article:publisher\" content=\"https:\/\/www.facebook.com\/enabags.es\/\" \/>\n<meta property=\"article:modified_time\" content=\"2023-11-28T18:45:33+00:00\" \/>\n<meta property=\"og:image\" content=\"https:\/\/www.enabags.es\/wp-content\/uploads\/2023\/11\/AZUL-DESABROCHADO.jpeg\" \/>\n\t<meta property=\"og:image:width\" content=\"1536\" \/>\n\t<meta property=\"og:image:height\" content=\"2040\" \/>\n\t<meta property=\"og:image:type\" content=\"image\/jpeg\" \/>\n<meta name=\"twitter:card\" content=\"summary_large_image\" \/>\n<script type=\"application\/ld+json\" class=\"yoast-schema-graph\">{\"@context\":\"https:\/\/schema.org\",\"@graph\":[{\"@type\":\"WebPage\",\"@id\":\"https:\/\/www.enabags.es\/index.php\/producto\/totebag-polipiel-azul\/\",\"url\":\"https:\/\/www.enabags.es\/index.php\/producto\/totebag-polipiel-azul\/\",\"name\":\"TOTEBAG POLIPIEL AZUL - Enabags\",\"isPartOf\":{\"@id\":\"https:\/\/www.enabags.es\/#website\"},\"datePublished\":\"2023-11-21T15:24:47+00:00\",\"dateModified\":\"2023-11-28T18:45:33+00:00\",\"breadcrumb\":{\"@id\":\"https:\/\/www.enabags.es\/index.php\/producto\/totebag-polipiel-azul\/#breadcrumb\"},\"inLanguage\":\"es\",\"potentialAction\":[{\"@type\":\"ReadAction\",\"target\":[\"https:\/\/www.enabags.es\/index.php\/producto\/totebag-polipiel-azul\/\"]}]},{\"@type\":\"BreadcrumbList\",\"@id\":\"https:\/\/www.enabags.es\/index.php\/producto\/totebag-polipiel-azul\/#breadcrumb\",\"itemListElement\":[{\"@type\":\"ListItem\",\"position\":1,\"name\":\"Portada\",\"item\":\"https:\/\/www.enabags.es\/\"},{\"@type\":\"ListItem\",\"position\":2,\"name\":\"Tienda\",\"item\":\"https:\/\/www.enabags.es\/index.php\/tienda\/\"},{\"@type\":\"ListItem\",\"position\":3,\"name\":\"TOTEBAG POLIPIEL AZUL\"}]},{\"@type\":\"WebSite\",\"@id\":\"https:\/\/www.enabags.es\/#website\",\"url\":\"https:\/\/www.enabags.es\/\",\"name\":\"ENABAGS.ES\",\"description\":\"ENABAGS\",\"potentialAction\":[{\"@type\":\"SearchAction\",\"target\":{\"@type\":\"EntryPoint\",\"urlTemplate\":\"https:\/\/www.enabags.es\/?s={search_term_string}\"},\"query-input\":\"required name=search_term_string\"}],\"inLanguage\":\"es\"}]}<\/script>\n<!-- \/ Yoast SEO plugin. -->","yoast_head_json":{"title":"TOTEBAG POLIPIEL AZUL - Enabags","robots":{"index":"index","follow":"follow","max-snippet":"max-snippet:-1","max-image-preview":"max-image-preview:large","max-video-preview":"max-video-preview:-1"},"canonical":"https:\/\/www.enabags.es\/index.php\/producto\/totebag-polipiel-azul\/","og_locale":"es_ES","og_type":"article","og_title":"TOTEBAG POLIPIEL AZUL - Enabags","og_description":"Bolso de polipiel, tama\u00f1o mediano. Con asas de cadena y cierre de cremallera. Tapa extra con bot\u00f3n. Color AZUL MARINO y estampado liso. Con bolsillo interior y exterior con cremallera. Dispone de una asa extra\u00edble a modo bandolera. MEDIDAS: 21 CM ALTO X 29 DE ANCHO X 8 CM PROFUNDIDAD. NO PERSONALIZABLE. GASTOS DE ENV\u00cdO INCLUIDOS EN EL PRECIO.","og_url":"https:\/\/www.enabags.es\/index.php\/producto\/totebag-polipiel-azul\/","og_site_name":"Enabags","article_publisher":"https:\/\/www.facebook.com\/enabags.es\/","article_modified_time":"2023-11-28T18:45:33+00:00","og_image":[{"width":1536,"height":2040,"url":"https:\/\/www.enabags.es\/wp-content\/uploads\/2023\/11\/AZUL-DESABROCHADO.jpeg","type":"image\/jpeg"}],"twitter_card":"summary_large_image","schema":{"@context":"https:\/\/schema.org","@graph":[{"@type":"WebPage","@id":"https:\/\/www.enabags.es\/index.php\/producto\/totebag-polipiel-azul\/","url":"https:\/\/www.enabags.es\/index.php\/producto\/totebag-polipiel-azul\/","name":"TOTEBAG POLIPIEL AZUL - Enabags","isPartOf":{"@id":"https:\/\/www.enabags.es\/#website"},"datePublished":"2023-11-21T15:24:47+00:00","dateModified":"2023-11-28T18:45:33+00:00","breadcrumb":{"@id":"https:\/\/www.enabags.es\/index.php\/producto\/totebag-polipiel-azul\/#breadcrumb"},"inLanguage":"es","potentialAction":[{"@type":"ReadAction","target":["https:\/\/www.enabags.es\/index.php\/producto\/totebag-polipiel-azul\/"]}]},{"@type":"BreadcrumbList","@id":"https:\/\/www.enabags.es\/index.php\/producto\/totebag-polipiel-azul\/#breadcrumb","itemListElement":[{"@type":"ListItem","position":1,"name":"Portada","item":"https:\/\/www.enabags.es\/"},{"@type":"ListItem","position":2,"name":"Tienda","item":"https:\/\/www.enabags.es\/index.php\/tienda\/"},{"@type":"ListItem","position":3,"name":"TOTEBAG POLIPIEL AZUL"}]},{"@type":"WebSite","@id":"https:\/\/www.enabags.es\/#website","url":"https:\/\/www.enabags.es\/","name":"ENABAGS.ES","description":"ENABAGS","potentialAction":[{"@type":"SearchAction","target":{"@type":"EntryPoint","urlTemplate":"https:\/\/www.enabags.es\/?s={search_term_string}"},"query-input":"required name=search_term_string"}],"inLanguage":"es"}]}},"_links":{"self":[{"href":"https:\/\/www.enabags.es\/index.php\/wp-json\/wp\/v2\/product\/2782","targetHints":{"allow":["GET"]}}],"collection":[{"href":"https:\/\/www.enabags.es\/index.php\/wp-json\/wp\/v2\/product"}],"about":[{"href":"https:\/\/www.enabags.es\/index.php\/wp-json\/wp\/v2\/types\/product"}],"replies":[{"embeddable":true,"href":"https:\/\/www.enabags.es\/index.php\/wp-json\/wp\/v2\/comments?post=2782"}],"wp:attachment":[{"href":"https:\/\/www.enabags.es\/index.php\/wp-json\/wp\/v2\/media?parent=2782"}],"wp:term":[{"taxonomy":"product_cat","embeddable":true,"href":"https:\/\/www.enabags.es\/index.php\/wp-json\/wp\/v2\/product_cat?post=2782"},{"taxonomy":"product_tag","embeddable":true,"href":"https:\/\/www.enabags.es\/index.php\/wp-json\/wp\/v2\/product_tag?post=2782"}],"curies":[{"name":"wp","href":"https:\/\/api.w.org\/{rel}","templated":true}]}}