{"id":2648,"date":"2023-10-01T11:02:57","date_gmt":"2023-10-01T11:02:57","guid":{"rendered":"https:\/\/www.enabags.es\/?post_type=product&#038;p=2648"},"modified":"2023-12-18T11:07:48","modified_gmt":"2023-12-18T11:07:48","slug":"joyero-personalizado-rectangular-mediano-color-rojo","status":"publish","type":"product","link":"https:\/\/www.enabags.es\/index.php\/producto\/joyero-personalizado-rectangular-mediano-color-rojo\/","title":{"rendered":"JOYERO PERSONALIZADO RECTANGULAR MEDIANO Color: ROJO"},"content":{"rendered":"<p>Joyero, forma rectangular cantos redondeados,<\/p>\n<p>tama\u00f1o: 16 CM X 10 CM X 6 CM.<\/p>\n<p>3 pisos para poner joyas.<\/p>\n<p>Puedes comprarlo as\u00ed o personalizarlo.<\/p>\n<p>Color ROJO<\/p>\n<p>Env\u00edo gratis.<\/p>\n","protected":false},"excerpt":{"rendered":"<p>Joyero, forma rectangular cantos redondeados,<\/p>\n<p>tama\u00f1o: 16 CM X 10 CM X 6 CM.<\/p>\n<p>3 pisos para poner joyas.<\/p>\n<p>Puedes comprarlo as\u00ed o personalizarlo.<\/p>\n<p>Color ROJO<\/p>\n<p>Env\u00edo gratis.<\/p>\n","protected":false},"featured_media":0,"comment_status":"open","ping_status":"closed","template":"","meta":[],"product_cat":[154,157,138,17,86],"product_tag":[158,160,159],"class_list":["post-2648","product","type-product","status-publish","hentry","product_cat-bolsos-coleccion-primavera-2024","product_cat-joyeros-personalizados","product_cat-regalos-y-productos-personalizados","product_cat-ver-todo","product_cat-bolsos-personalizables-con-letras-grabadas","product_tag-joyero","product_tag-joyero-chica","product_tag-joyero-personalizado"],"yoast_head":"<!-- This site is optimized with the Yoast SEO plugin v21.9.1 - https:\/\/yoast.com\/wordpress\/plugins\/seo\/ -->\n<title>JOYERO PERSONALIZADO RECTANGULAR MEDIANO Color: ROJO - Enabags<\/title>\n<meta name=\"robots\" content=\"index, follow, max-snippet:-1, max-image-preview:large, max-video-preview:-1\" \/>\n<link rel=\"canonical\" href=\"https:\/\/www.enabags.es\/index.php\/producto\/joyero-personalizado-rectangular-mediano-color-rojo\/\" \/>\n<meta property=\"og:locale\" content=\"es_ES\" \/>\n<meta property=\"og:type\" content=\"article\" \/>\n<meta property=\"og:title\" content=\"JOYERO PERSONALIZADO RECTANGULAR MEDIANO Color: ROJO - Enabags\" \/>\n<meta property=\"og:description\" content=\"Joyero, forma rectangular cantos redondeados,  tama\u00f1o: 16 CM X 10 CM X 6 CM.  3 pisos para poner joyas.  Puedes comprarlo as\u00ed o personalizarlo.  Color ROJO  Env\u00edo gratis.\" \/>\n<meta property=\"og:url\" content=\"https:\/\/www.enabags.es\/index.php\/producto\/joyero-personalizado-rectangular-mediano-color-rojo\/\" \/>\n<meta property=\"og:site_name\" content=\"Enabags\" \/>\n<meta property=\"article:publisher\" content=\"https:\/\/www.facebook.com\/enabags.es\/\" \/>\n<meta property=\"article:modified_time\" content=\"2023-12-18T11:07:48+00:00\" \/>\n<meta property=\"og:image\" content=\"https:\/\/www.enabags.es\/wp-content\/uploads\/2023\/10\/JOYERO-MEDIANO-ROJO1.jpg\" \/>\n\t<meta property=\"og:image:width\" content=\"1204\" \/>\n\t<meta property=\"og:image:height\" content=\"1600\" \/>\n\t<meta property=\"og:image:type\" content=\"image\/jpeg\" \/>\n<meta name=\"twitter:card\" content=\"summary_large_image\" \/>\n<script type=\"application\/ld+json\" class=\"yoast-schema-graph\">{\"@context\":\"https:\/\/schema.org\",\"@graph\":[{\"@type\":\"WebPage\",\"@id\":\"https:\/\/www.enabags.es\/index.php\/producto\/joyero-personalizado-rectangular-mediano-color-rojo\/\",\"url\":\"https:\/\/www.enabags.es\/index.php\/producto\/joyero-personalizado-rectangular-mediano-color-rojo\/\",\"name\":\"JOYERO PERSONALIZADO RECTANGULAR MEDIANO Color: ROJO - Enabags\",\"isPartOf\":{\"@id\":\"https:\/\/www.enabags.es\/#website\"},\"datePublished\":\"2023-10-01T11:02:57+00:00\",\"dateModified\":\"2023-12-18T11:07:48+00:00\",\"breadcrumb\":{\"@id\":\"https:\/\/www.enabags.es\/index.php\/producto\/joyero-personalizado-rectangular-mediano-color-rojo\/#breadcrumb\"},\"inLanguage\":\"es\",\"potentialAction\":[{\"@type\":\"ReadAction\",\"target\":[\"https:\/\/www.enabags.es\/index.php\/producto\/joyero-personalizado-rectangular-mediano-color-rojo\/\"]}]},{\"@type\":\"BreadcrumbList\",\"@id\":\"https:\/\/www.enabags.es\/index.php\/producto\/joyero-personalizado-rectangular-mediano-color-rojo\/#breadcrumb\",\"itemListElement\":[{\"@type\":\"ListItem\",\"position\":1,\"name\":\"Portada\",\"item\":\"https:\/\/www.enabags.es\/\"},{\"@type\":\"ListItem\",\"position\":2,\"name\":\"Tienda\",\"item\":\"https:\/\/www.enabags.es\/index.php\/tienda\/\"},{\"@type\":\"ListItem\",\"position\":3,\"name\":\"JOYERO PERSONALIZADO RECTANGULAR MEDIANO Color: ROJO\"}]},{\"@type\":\"WebSite\",\"@id\":\"https:\/\/www.enabags.es\/#website\",\"url\":\"https:\/\/www.enabags.es\/\",\"name\":\"ENABAGS.ES\",\"description\":\"ENABAGS\",\"potentialAction\":[{\"@type\":\"SearchAction\",\"target\":{\"@type\":\"EntryPoint\",\"urlTemplate\":\"https:\/\/www.enabags.es\/?s={search_term_string}\"},\"query-input\":\"required name=search_term_string\"}],\"inLanguage\":\"es\"}]}<\/script>\n<!-- \/ Yoast SEO plugin. -->","yoast_head_json":{"title":"JOYERO PERSONALIZADO RECTANGULAR MEDIANO Color: ROJO - Enabags","robots":{"index":"index","follow":"follow","max-snippet":"max-snippet:-1","max-image-preview":"max-image-preview:large","max-video-preview":"max-video-preview:-1"},"canonical":"https:\/\/www.enabags.es\/index.php\/producto\/joyero-personalizado-rectangular-mediano-color-rojo\/","og_locale":"es_ES","og_type":"article","og_title":"JOYERO PERSONALIZADO RECTANGULAR MEDIANO Color: ROJO - Enabags","og_description":"Joyero, forma rectangular cantos redondeados,  tama\u00f1o: 16 CM X 10 CM X 6 CM.  3 pisos para poner joyas.  Puedes comprarlo as\u00ed o personalizarlo.  Color ROJO  Env\u00edo gratis.","og_url":"https:\/\/www.enabags.es\/index.php\/producto\/joyero-personalizado-rectangular-mediano-color-rojo\/","og_site_name":"Enabags","article_publisher":"https:\/\/www.facebook.com\/enabags.es\/","article_modified_time":"2023-12-18T11:07:48+00:00","og_image":[{"width":1204,"height":1600,"url":"https:\/\/www.enabags.es\/wp-content\/uploads\/2023\/10\/JOYERO-MEDIANO-ROJO1.jpg","type":"image\/jpeg"}],"twitter_card":"summary_large_image","schema":{"@context":"https:\/\/schema.org","@graph":[{"@type":"WebPage","@id":"https:\/\/www.enabags.es\/index.php\/producto\/joyero-personalizado-rectangular-mediano-color-rojo\/","url":"https:\/\/www.enabags.es\/index.php\/producto\/joyero-personalizado-rectangular-mediano-color-rojo\/","name":"JOYERO PERSONALIZADO RECTANGULAR MEDIANO Color: ROJO - Enabags","isPartOf":{"@id":"https:\/\/www.enabags.es\/#website"},"datePublished":"2023-10-01T11:02:57+00:00","dateModified":"2023-12-18T11:07:48+00:00","breadcrumb":{"@id":"https:\/\/www.enabags.es\/index.php\/producto\/joyero-personalizado-rectangular-mediano-color-rojo\/#breadcrumb"},"inLanguage":"es","potentialAction":[{"@type":"ReadAction","target":["https:\/\/www.enabags.es\/index.php\/producto\/joyero-personalizado-rectangular-mediano-color-rojo\/"]}]},{"@type":"BreadcrumbList","@id":"https:\/\/www.enabags.es\/index.php\/producto\/joyero-personalizado-rectangular-mediano-color-rojo\/#breadcrumb","itemListElement":[{"@type":"ListItem","position":1,"name":"Portada","item":"https:\/\/www.enabags.es\/"},{"@type":"ListItem","position":2,"name":"Tienda","item":"https:\/\/www.enabags.es\/index.php\/tienda\/"},{"@type":"ListItem","position":3,"name":"JOYERO PERSONALIZADO RECTANGULAR MEDIANO Color: ROJO"}]},{"@type":"WebSite","@id":"https:\/\/www.enabags.es\/#website","url":"https:\/\/www.enabags.es\/","name":"ENABAGS.ES","description":"ENABAGS","potentialAction":[{"@type":"SearchAction","target":{"@type":"EntryPoint","urlTemplate":"https:\/\/www.enabags.es\/?s={search_term_string}"},"query-input":"required name=search_term_string"}],"inLanguage":"es"}]}},"_links":{"self":[{"href":"https:\/\/www.enabags.es\/index.php\/wp-json\/wp\/v2\/product\/2648","targetHints":{"allow":["GET"]}}],"collection":[{"href":"https:\/\/www.enabags.es\/index.php\/wp-json\/wp\/v2\/product"}],"about":[{"href":"https:\/\/www.enabags.es\/index.php\/wp-json\/wp\/v2\/types\/product"}],"replies":[{"embeddable":true,"href":"https:\/\/www.enabags.es\/index.php\/wp-json\/wp\/v2\/comments?post=2648"}],"wp:attachment":[{"href":"https:\/\/www.enabags.es\/index.php\/wp-json\/wp\/v2\/media?parent=2648"}],"wp:term":[{"taxonomy":"product_cat","embeddable":true,"href":"https:\/\/www.enabags.es\/index.php\/wp-json\/wp\/v2\/product_cat?post=2648"},{"taxonomy":"product_tag","embeddable":true,"href":"https:\/\/www.enabags.es\/index.php\/wp-json\/wp\/v2\/product_tag?post=2648"}],"curies":[{"name":"wp","href":"https:\/\/api.w.org\/{rel}","templated":true}]}}