{"id":2456,"date":"2023-08-29T18:02:55","date_gmt":"2023-08-29T18:02:55","guid":{"rendered":"https:\/\/www.enabags.es\/?post_type=product&#038;p=2456"},"modified":"2023-11-04T09:45:11","modified_gmt":"2023-11-04T09:45:11","slug":"perchas-personalizadas-tamano-adulto-madera-conjunto-de-dos-lazo-blanco-y-lazo-rosa-envio-gratis","status":"publish","type":"product","link":"https:\/\/www.enabags.es\/index.php\/producto\/perchas-personalizadas-tamano-adulto-madera-conjunto-de-dos-lazo-blanco-y-lazo-rosa-envio-gratis\/","title":{"rendered":"CONJUNTO 2 PERCHAS PERSONALIZADAS TAMA\u00d1O ADULTO MADERA MADERA LAZO BLANCO + LAZO ROSA (Env\u00edo gratis)"},"content":{"rendered":"<p>Regalo \u00fanico y personalizado, para celebrar cualquier fecha o evento: cumplea\u00f1os, bodas, aniversarios, etc.<\/p>\n<p>Conjunto de 2 Perchas de madera de tama\u00f1o adulto, personalizadas con nombre, fecha y lazo.<\/p>\n<p>Medidas de la percha: 45 cm de ancha x 22 cm de alta y 1 cm de grosor.<\/p>\n<p>Color madera natural.<\/p>\n<p>Lazo Color BLANCO Y ROSA.<\/p>\n<p>Inscripci\u00f3n de nombre y fecha: ind\u00edcanos el nombre y la fecha que quieres que pongamos en la nota del pedido.<\/p>\n<p>ENV\u00cdOS GRATIS.<\/p>\n<p>Plazo estimado de entrega: 4-5 d\u00edas laborables a trav\u00e9s de Correos Express.<\/p>\n<p>Puedes hacernos cualquier consulta en el tel\u00e9fono: 601.99.07.54.<\/p>\n<p>&nbsp;<\/p>\n","protected":false},"excerpt":{"rendered":"<p>Regalo \u00fanico y personalizado, para celebrar cualquier fecha o evento: cumplea\u00f1os, bodas, aniversarios, etc.<\/p>\n<p>Conjunto de 2 Perchas de madera de tama\u00f1o adulto, personalizadas con nombre, fecha y lazo.<\/p>\n<p>Medidas de la percha: 45 cm de ancha x 22 cm de alta y 1 cm de grosor.<\/p>\n<p>Color madera natural.<\/p>\n<p>Lazo Color BLANCO Y ROSA.<\/p>\n<p>Inscripci\u00f3n de nombre y fecha: ind\u00edcanos el nombre y la fecha que quieres que pongamos en la nota del pedido.<\/p>\n<p>ENV\u00cdOS GRATIS.<\/p>\n<p>Plazo estimado de entrega: 4-5 d\u00edas laborables a trav\u00e9s de Correos Express.<\/p>\n<p>Puedes hacernos cualquier consulta en el tel\u00e9fono: 601.99.07.54.<\/p>\n<p>&nbsp;<\/p>\n","protected":false},"featured_media":0,"comment_status":"open","ping_status":"closed","template":"","meta":[],"product_cat":[138,146,148],"product_tag":[142,144,145,143],"class_list":["post-2456","product","type-product","status-publish","hentry","product_cat-regalos-y-productos-personalizados","product_cat-perchas-personalizadas","product_cat-perchas-personalizadas-adulto","product_tag-percha-personalizada-infantil-bebe","product_tag-regalos-bebe","product_tag-regalos-nacimiento","product_tag-regalos-personalizados"],"yoast_head":"<!-- This site is optimized with the Yoast SEO plugin v21.9.1 - https:\/\/yoast.com\/wordpress\/plugins\/seo\/ -->\n<title>CONJUNTO 2 PERCHAS PERSONALIZADAS TAMA\u00d1O ADULTO MADERA MADERA LAZO BLANCO + LAZO ROSA (Env\u00edo gratis) - Enabags<\/title>\n<meta name=\"robots\" content=\"index, follow, max-snippet:-1, max-image-preview:large, max-video-preview:-1\" \/>\n<link rel=\"canonical\" href=\"https:\/\/www.enabags.es\/index.php\/producto\/perchas-personalizadas-tamano-adulto-madera-conjunto-de-dos-lazo-blanco-y-lazo-rosa-envio-gratis\/\" \/>\n<meta property=\"og:locale\" content=\"es_ES\" \/>\n<meta property=\"og:type\" content=\"article\" \/>\n<meta property=\"og:title\" content=\"CONJUNTO 2 PERCHAS PERSONALIZADAS TAMA\u00d1O ADULTO MADERA MADERA LAZO BLANCO + LAZO ROSA (Env\u00edo gratis) - Enabags\" \/>\n<meta property=\"og:description\" content=\"Regalo \u00fanico y personalizado, para celebrar cualquier fecha o evento: cumplea\u00f1os, bodas, aniversarios, etc.  Conjunto de 2 Perchas de madera de tama\u00f1o adulto, personalizadas con nombre, fecha y lazo.  Medidas de la percha: 45 cm de ancha x 22 cm de alta y 1 cm de grosor.  Color madera natural.  Lazo Color BLANCO Y ROSA.  Inscripci\u00f3n de nombre y fecha: ind\u00edcanos el nombre y la fecha que quieres que pongamos en la nota del pedido.  ENV\u00cdOS GRATIS.  Plazo estimado de entrega: 4-5 d\u00edas laborables a trav\u00e9s de Correos Express.  Puedes hacernos cualquier consulta en el tel\u00e9fono: 601.99.07.54.  &nbsp;\" \/>\n<meta property=\"og:url\" content=\"https:\/\/www.enabags.es\/index.php\/producto\/perchas-personalizadas-tamano-adulto-madera-conjunto-de-dos-lazo-blanco-y-lazo-rosa-envio-gratis\/\" \/>\n<meta property=\"og:site_name\" content=\"Enabags\" \/>\n<meta property=\"article:publisher\" content=\"https:\/\/www.facebook.com\/enabags.es\/\" \/>\n<meta property=\"article:modified_time\" content=\"2023-11-04T09:45:11+00:00\" \/>\n<meta property=\"og:image\" content=\"https:\/\/www.enabags.es\/wp-content\/uploads\/2023\/08\/PERCHAS-MADERA-BLANCO-Y-ROSA-NOMBRE-1.png\" \/>\n\t<meta property=\"og:image:width\" content=\"1000\" \/>\n\t<meta property=\"og:image:height\" content=\"1000\" \/>\n\t<meta property=\"og:image:type\" content=\"image\/png\" \/>\n<meta name=\"twitter:card\" content=\"summary_large_image\" \/>\n<meta name=\"twitter:label1\" content=\"Tiempo de lectura\" \/>\n\t<meta name=\"twitter:data1\" content=\"1 minuto\" \/>\n<script type=\"application\/ld+json\" class=\"yoast-schema-graph\">{\"@context\":\"https:\/\/schema.org\",\"@graph\":[{\"@type\":\"WebPage\",\"@id\":\"https:\/\/www.enabags.es\/index.php\/producto\/perchas-personalizadas-tamano-adulto-madera-conjunto-de-dos-lazo-blanco-y-lazo-rosa-envio-gratis\/\",\"url\":\"https:\/\/www.enabags.es\/index.php\/producto\/perchas-personalizadas-tamano-adulto-madera-conjunto-de-dos-lazo-blanco-y-lazo-rosa-envio-gratis\/\",\"name\":\"CONJUNTO 2 PERCHAS PERSONALIZADAS TAMA\u00d1O ADULTO MADERA MADERA LAZO BLANCO + LAZO ROSA (Env\u00edo gratis) - Enabags\",\"isPartOf\":{\"@id\":\"https:\/\/www.enabags.es\/#website\"},\"datePublished\":\"2023-08-29T18:02:55+00:00\",\"dateModified\":\"2023-11-04T09:45:11+00:00\",\"breadcrumb\":{\"@id\":\"https:\/\/www.enabags.es\/index.php\/producto\/perchas-personalizadas-tamano-adulto-madera-conjunto-de-dos-lazo-blanco-y-lazo-rosa-envio-gratis\/#breadcrumb\"},\"inLanguage\":\"es\",\"potentialAction\":[{\"@type\":\"ReadAction\",\"target\":[\"https:\/\/www.enabags.es\/index.php\/producto\/perchas-personalizadas-tamano-adulto-madera-conjunto-de-dos-lazo-blanco-y-lazo-rosa-envio-gratis\/\"]}]},{\"@type\":\"BreadcrumbList\",\"@id\":\"https:\/\/www.enabags.es\/index.php\/producto\/perchas-personalizadas-tamano-adulto-madera-conjunto-de-dos-lazo-blanco-y-lazo-rosa-envio-gratis\/#breadcrumb\",\"itemListElement\":[{\"@type\":\"ListItem\",\"position\":1,\"name\":\"Portada\",\"item\":\"https:\/\/www.enabags.es\/\"},{\"@type\":\"ListItem\",\"position\":2,\"name\":\"Tienda\",\"item\":\"https:\/\/www.enabags.es\/index.php\/tienda\/\"},{\"@type\":\"ListItem\",\"position\":3,\"name\":\"CONJUNTO 2 PERCHAS PERSONALIZADAS TAMA\u00d1O ADULTO MADERA MADERA LAZO BLANCO + LAZO ROSA (Env\u00edo gratis)\"}]},{\"@type\":\"WebSite\",\"@id\":\"https:\/\/www.enabags.es\/#website\",\"url\":\"https:\/\/www.enabags.es\/\",\"name\":\"ENABAGS.ES\",\"description\":\"ENABAGS\",\"potentialAction\":[{\"@type\":\"SearchAction\",\"target\":{\"@type\":\"EntryPoint\",\"urlTemplate\":\"https:\/\/www.enabags.es\/?s={search_term_string}\"},\"query-input\":\"required name=search_term_string\"}],\"inLanguage\":\"es\"}]}<\/script>\n<!-- \/ Yoast SEO plugin. -->","yoast_head_json":{"title":"CONJUNTO 2 PERCHAS PERSONALIZADAS TAMA\u00d1O ADULTO MADERA MADERA LAZO BLANCO + LAZO ROSA (Env\u00edo gratis) - Enabags","robots":{"index":"index","follow":"follow","max-snippet":"max-snippet:-1","max-image-preview":"max-image-preview:large","max-video-preview":"max-video-preview:-1"},"canonical":"https:\/\/www.enabags.es\/index.php\/producto\/perchas-personalizadas-tamano-adulto-madera-conjunto-de-dos-lazo-blanco-y-lazo-rosa-envio-gratis\/","og_locale":"es_ES","og_type":"article","og_title":"CONJUNTO 2 PERCHAS PERSONALIZADAS TAMA\u00d1O ADULTO MADERA MADERA LAZO BLANCO + LAZO ROSA (Env\u00edo gratis) - Enabags","og_description":"Regalo \u00fanico y personalizado, para celebrar cualquier fecha o evento: cumplea\u00f1os, bodas, aniversarios, etc.  Conjunto de 2 Perchas de madera de tama\u00f1o adulto, personalizadas con nombre, fecha y lazo.  Medidas de la percha: 45 cm de ancha x 22 cm de alta y 1 cm de grosor.  Color madera natural.  Lazo Color BLANCO Y ROSA.  Inscripci\u00f3n de nombre y fecha: ind\u00edcanos el nombre y la fecha que quieres que pongamos en la nota del pedido.  ENV\u00cdOS GRATIS.  Plazo estimado de entrega: 4-5 d\u00edas laborables a trav\u00e9s de Correos Express.  Puedes hacernos cualquier consulta en el tel\u00e9fono: 601.99.07.54.  &nbsp;","og_url":"https:\/\/www.enabags.es\/index.php\/producto\/perchas-personalizadas-tamano-adulto-madera-conjunto-de-dos-lazo-blanco-y-lazo-rosa-envio-gratis\/","og_site_name":"Enabags","article_publisher":"https:\/\/www.facebook.com\/enabags.es\/","article_modified_time":"2023-11-04T09:45:11+00:00","og_image":[{"width":1000,"height":1000,"url":"https:\/\/www.enabags.es\/wp-content\/uploads\/2023\/08\/PERCHAS-MADERA-BLANCO-Y-ROSA-NOMBRE-1.png","type":"image\/png"}],"twitter_card":"summary_large_image","twitter_misc":{"Tiempo de lectura":"1 minuto"},"schema":{"@context":"https:\/\/schema.org","@graph":[{"@type":"WebPage","@id":"https:\/\/www.enabags.es\/index.php\/producto\/perchas-personalizadas-tamano-adulto-madera-conjunto-de-dos-lazo-blanco-y-lazo-rosa-envio-gratis\/","url":"https:\/\/www.enabags.es\/index.php\/producto\/perchas-personalizadas-tamano-adulto-madera-conjunto-de-dos-lazo-blanco-y-lazo-rosa-envio-gratis\/","name":"CONJUNTO 2 PERCHAS PERSONALIZADAS TAMA\u00d1O ADULTO MADERA MADERA LAZO BLANCO + LAZO ROSA (Env\u00edo gratis) - Enabags","isPartOf":{"@id":"https:\/\/www.enabags.es\/#website"},"datePublished":"2023-08-29T18:02:55+00:00","dateModified":"2023-11-04T09:45:11+00:00","breadcrumb":{"@id":"https:\/\/www.enabags.es\/index.php\/producto\/perchas-personalizadas-tamano-adulto-madera-conjunto-de-dos-lazo-blanco-y-lazo-rosa-envio-gratis\/#breadcrumb"},"inLanguage":"es","potentialAction":[{"@type":"ReadAction","target":["https:\/\/www.enabags.es\/index.php\/producto\/perchas-personalizadas-tamano-adulto-madera-conjunto-de-dos-lazo-blanco-y-lazo-rosa-envio-gratis\/"]}]},{"@type":"BreadcrumbList","@id":"https:\/\/www.enabags.es\/index.php\/producto\/perchas-personalizadas-tamano-adulto-madera-conjunto-de-dos-lazo-blanco-y-lazo-rosa-envio-gratis\/#breadcrumb","itemListElement":[{"@type":"ListItem","position":1,"name":"Portada","item":"https:\/\/www.enabags.es\/"},{"@type":"ListItem","position":2,"name":"Tienda","item":"https:\/\/www.enabags.es\/index.php\/tienda\/"},{"@type":"ListItem","position":3,"name":"CONJUNTO 2 PERCHAS PERSONALIZADAS TAMA\u00d1O ADULTO MADERA MADERA LAZO BLANCO + LAZO ROSA (Env\u00edo gratis)"}]},{"@type":"WebSite","@id":"https:\/\/www.enabags.es\/#website","url":"https:\/\/www.enabags.es\/","name":"ENABAGS.ES","description":"ENABAGS","potentialAction":[{"@type":"SearchAction","target":{"@type":"EntryPoint","urlTemplate":"https:\/\/www.enabags.es\/?s={search_term_string}"},"query-input":"required name=search_term_string"}],"inLanguage":"es"}]}},"_links":{"self":[{"href":"https:\/\/www.enabags.es\/index.php\/wp-json\/wp\/v2\/product\/2456","targetHints":{"allow":["GET"]}}],"collection":[{"href":"https:\/\/www.enabags.es\/index.php\/wp-json\/wp\/v2\/product"}],"about":[{"href":"https:\/\/www.enabags.es\/index.php\/wp-json\/wp\/v2\/types\/product"}],"replies":[{"embeddable":true,"href":"https:\/\/www.enabags.es\/index.php\/wp-json\/wp\/v2\/comments?post=2456"}],"wp:attachment":[{"href":"https:\/\/www.enabags.es\/index.php\/wp-json\/wp\/v2\/media?parent=2456"}],"wp:term":[{"taxonomy":"product_cat","embeddable":true,"href":"https:\/\/www.enabags.es\/index.php\/wp-json\/wp\/v2\/product_cat?post=2456"},{"taxonomy":"product_tag","embeddable":true,"href":"https:\/\/www.enabags.es\/index.php\/wp-json\/wp\/v2\/product_tag?post=2456"}],"curies":[{"name":"wp","href":"https:\/\/api.w.org\/{rel}","templated":true}]}}