{"id":2335,"date":"2023-08-22T09:12:49","date_gmt":"2023-08-22T09:12:49","guid":{"rendered":"https:\/\/www.enabags.es\/?post_type=product&#038;p=2335"},"modified":"2025-06-01T21:31:37","modified_gmt":"2025-06-01T21:31:37","slug":"abanicos-de-madera-de-23-cm-colores-y-madera-personalizados","status":"publish","type":"product","link":"https:\/\/www.enabags.es\/index.php\/producto\/abanicos-de-madera-de-23-cm-colores-y-madera-personalizados\/","title":{"rendered":"ABANICOS DE MADERA DE 23 CM COLORES Y MADERA PERSONALIZADOS"},"content":{"rendered":"<p>El detalle perfecto para los d\u00edas de verano, un abanico personalizado, con el color preferido tuyo.<\/p>\n<p>Ideal para hacer un regalo a tu ser m\u00e1s querido.<\/p>\n<p>Puede personalizarse como se quiera: nombres, frases, dibujos,etc.<\/p>\n<p>Se puede colocar el nombre o la imagen en cualquier parte del abanico, en las fotos mostramos algunos ejemplos.<\/p>\n<p>Cuando hagas el pedido, escribe en la nota del pedido que quieres que te pongamos, por ejemplo: &#8220;Marta&#8221;, poner el nombre en el centro o &#8220;Elena&#8221; (poner en el nombre en la parte exterior peque\u00f1a del abanico).<\/p>\n<p>Ind\u00edcanos tambi\u00e9n que color de abanico quieres: color madera, color rojo, color rosa claro&#8230;..<\/p>\n<p>Si tenemos alguna duda, nos pondremos en contacto contigo o tambi\u00e9n puedes enviarnos un whatsapp o un correo electr\u00f3nico a admin@enabags.es<\/p>\n","protected":false},"excerpt":{"rendered":"<p>El detalle perfecto para los d\u00edas de verano, un abanico personalizado, con el color preferido tuyo.<\/p>\n<p>Ideal para hacer un regalo a tu ser m\u00e1s querido.<\/p>\n<p>Puede personalizarse como se quiera: nombres, frases, dibujos,etc.<\/p>\n<p>Se puede colocar el nombre o la imagen en cualquier parte del abanico, en las fotos mostramos algunos ejemplos.<\/p>\n<p>Cuando hagas el pedido, escribe en la nota del pedido que quieres que te pongamos, por ejemplo: &#8220;Marta&#8221;, poner el nombre en el centro o &#8220;Elena&#8221; (poner en el nombre en la parte exterior peque\u00f1a del abanico).<\/p>\n<p>Ind\u00edcanos tambi\u00e9n que color de abanico quieres: color madera, color rojo, color rosa claro&#8230;..<\/p>\n<p>Colores disponibles:<\/p>\n<p>Color Madera<\/p>\n<p>Blanco<\/p>\n<p>Negro (no se personaliza)<\/p>\n<p>Violeta<\/p>\n<p>Azul<\/p>\n<p>Verde<\/p>\n<p>Amarillo<\/p>\n<p>Rojo<\/p>\n<p>Rosa<\/p>\n<p>Si tenemos alguna duda, nos pondremos en contacto contigo o tambi\u00e9n puedes enviarnos un whatsapp o un correo electr\u00f3nico a admin@enabags.es<\/p>\n","protected":false},"featured_media":0,"comment_status":"open","ping_status":"closed","template":"","meta":[],"product_cat":[150,138],"product_tag":[140,139,141],"class_list":["post-2335","product","type-product","status-publish","hentry","product_cat-abanicos-personalizados-madera","product_cat-regalos-y-productos-personalizados","product_tag-abancios-de-madera","product_tag-abanicos-personalizados","product_tag-regalo-abanico-personalizado"],"yoast_head":"<!-- This site is optimized with the Yoast SEO plugin v21.9.1 - https:\/\/yoast.com\/wordpress\/plugins\/seo\/ -->\n<title>ABANICOS DE MADERA DE 23 CM COLORES Y MADERA PERSONALIZADOS - Enabags<\/title>\n<meta name=\"robots\" content=\"index, follow, max-snippet:-1, max-image-preview:large, max-video-preview:-1\" \/>\n<link rel=\"canonical\" href=\"https:\/\/www.enabags.es\/index.php\/producto\/abanicos-de-madera-de-23-cm-colores-y-madera-personalizados\/\" \/>\n<meta property=\"og:locale\" content=\"es_ES\" \/>\n<meta property=\"og:type\" content=\"article\" \/>\n<meta property=\"og:title\" content=\"ABANICOS DE MADERA DE 23 CM COLORES Y MADERA PERSONALIZADOS - Enabags\" \/>\n<meta property=\"og:description\" content=\"El detalle perfecto para los d\u00edas de verano, un abanico personalizado, con el color preferido tuyo.  Ideal para hacer un regalo a tu ser m\u00e1s querido.  Puede personalizarse como se quiera: nombres, frases, dibujos,etc.  Se puede colocar el nombre o la imagen en cualquier parte del abanico, en las fotos mostramos algunos ejemplos.  Cuando hagas el pedido, escribe en la nota del pedido que quieres que te pongamos, por ejemplo: &quot;Marta&quot;, poner el nombre en el centro o &quot;Elena&quot; (poner en el nombre en la parte exterior peque\u00f1a del abanico).  Ind\u00edcanos tambi\u00e9n que color de abanico quieres: color madera, color rojo, color rosa claro.....  Colores disponibles:  Color Madera  Blanco  Negro (no se personaliza)  Violeta  Azul  Verde  Amarillo  Rojo  Rosa  Si tenemos alguna duda, nos pondremos en contacto contigo o tambi\u00e9n puedes enviarnos un whatsapp o un correo electr\u00f3nico a admin@enabags.es\" \/>\n<meta property=\"og:url\" content=\"https:\/\/www.enabags.es\/index.php\/producto\/abanicos-de-madera-de-23-cm-colores-y-madera-personalizados\/\" \/>\n<meta property=\"og:site_name\" content=\"Enabags\" \/>\n<meta property=\"article:publisher\" content=\"https:\/\/www.facebook.com\/enabags.es\/\" \/>\n<meta property=\"article:modified_time\" content=\"2025-06-01T21:31:37+00:00\" \/>\n<meta property=\"og:image\" content=\"https:\/\/www.enabags.es\/wp-content\/uploads\/2023\/08\/FOTOS-PALMITOS.jpg\" \/>\n\t<meta property=\"og:image:width\" content=\"1080\" \/>\n\t<meta property=\"og:image:height\" content=\"1920\" \/>\n\t<meta property=\"og:image:type\" content=\"image\/jpeg\" \/>\n<meta name=\"twitter:card\" content=\"summary_large_image\" \/>\n<meta name=\"twitter:label1\" content=\"Tiempo de lectura\" \/>\n\t<meta name=\"twitter:data1\" content=\"1 minuto\" \/>\n<script type=\"application\/ld+json\" class=\"yoast-schema-graph\">{\"@context\":\"https:\/\/schema.org\",\"@graph\":[{\"@type\":\"WebPage\",\"@id\":\"https:\/\/www.enabags.es\/index.php\/producto\/abanicos-de-madera-de-23-cm-colores-y-madera-personalizados\/\",\"url\":\"https:\/\/www.enabags.es\/index.php\/producto\/abanicos-de-madera-de-23-cm-colores-y-madera-personalizados\/\",\"name\":\"ABANICOS DE MADERA DE 23 CM COLORES Y MADERA PERSONALIZADOS - Enabags\",\"isPartOf\":{\"@id\":\"https:\/\/www.enabags.es\/#website\"},\"datePublished\":\"2023-08-22T09:12:49+00:00\",\"dateModified\":\"2025-06-01T21:31:37+00:00\",\"breadcrumb\":{\"@id\":\"https:\/\/www.enabags.es\/index.php\/producto\/abanicos-de-madera-de-23-cm-colores-y-madera-personalizados\/#breadcrumb\"},\"inLanguage\":\"es\",\"potentialAction\":[{\"@type\":\"ReadAction\",\"target\":[\"https:\/\/www.enabags.es\/index.php\/producto\/abanicos-de-madera-de-23-cm-colores-y-madera-personalizados\/\"]}]},{\"@type\":\"BreadcrumbList\",\"@id\":\"https:\/\/www.enabags.es\/index.php\/producto\/abanicos-de-madera-de-23-cm-colores-y-madera-personalizados\/#breadcrumb\",\"itemListElement\":[{\"@type\":\"ListItem\",\"position\":1,\"name\":\"Portada\",\"item\":\"https:\/\/www.enabags.es\/\"},{\"@type\":\"ListItem\",\"position\":2,\"name\":\"Tienda\",\"item\":\"https:\/\/www.enabags.es\/index.php\/tienda\/\"},{\"@type\":\"ListItem\",\"position\":3,\"name\":\"ABANICOS DE MADERA DE 23 CM COLORES Y MADERA PERSONALIZADOS\"}]},{\"@type\":\"WebSite\",\"@id\":\"https:\/\/www.enabags.es\/#website\",\"url\":\"https:\/\/www.enabags.es\/\",\"name\":\"ENABAGS.ES\",\"description\":\"ENABAGS\",\"potentialAction\":[{\"@type\":\"SearchAction\",\"target\":{\"@type\":\"EntryPoint\",\"urlTemplate\":\"https:\/\/www.enabags.es\/?s={search_term_string}\"},\"query-input\":\"required name=search_term_string\"}],\"inLanguage\":\"es\"}]}<\/script>\n<!-- \/ Yoast SEO plugin. -->","yoast_head_json":{"title":"ABANICOS DE MADERA DE 23 CM COLORES Y MADERA PERSONALIZADOS - Enabags","robots":{"index":"index","follow":"follow","max-snippet":"max-snippet:-1","max-image-preview":"max-image-preview:large","max-video-preview":"max-video-preview:-1"},"canonical":"https:\/\/www.enabags.es\/index.php\/producto\/abanicos-de-madera-de-23-cm-colores-y-madera-personalizados\/","og_locale":"es_ES","og_type":"article","og_title":"ABANICOS DE MADERA DE 23 CM COLORES Y MADERA PERSONALIZADOS - Enabags","og_description":"El detalle perfecto para los d\u00edas de verano, un abanico personalizado, con el color preferido tuyo.  Ideal para hacer un regalo a tu ser m\u00e1s querido.  Puede personalizarse como se quiera: nombres, frases, dibujos,etc.  Se puede colocar el nombre o la imagen en cualquier parte del abanico, en las fotos mostramos algunos ejemplos.  Cuando hagas el pedido, escribe en la nota del pedido que quieres que te pongamos, por ejemplo: \"Marta\", poner el nombre en el centro o \"Elena\" (poner en el nombre en la parte exterior peque\u00f1a del abanico).  Ind\u00edcanos tambi\u00e9n que color de abanico quieres: color madera, color rojo, color rosa claro.....  Colores disponibles:  Color Madera  Blanco  Negro (no se personaliza)  Violeta  Azul  Verde  Amarillo  Rojo  Rosa  Si tenemos alguna duda, nos pondremos en contacto contigo o tambi\u00e9n puedes enviarnos un whatsapp o un correo electr\u00f3nico a admin@enabags.es","og_url":"https:\/\/www.enabags.es\/index.php\/producto\/abanicos-de-madera-de-23-cm-colores-y-madera-personalizados\/","og_site_name":"Enabags","article_publisher":"https:\/\/www.facebook.com\/enabags.es\/","article_modified_time":"2025-06-01T21:31:37+00:00","og_image":[{"width":1080,"height":1920,"url":"https:\/\/www.enabags.es\/wp-content\/uploads\/2023\/08\/FOTOS-PALMITOS.jpg","type":"image\/jpeg"}],"twitter_card":"summary_large_image","twitter_misc":{"Tiempo de lectura":"1 minuto"},"schema":{"@context":"https:\/\/schema.org","@graph":[{"@type":"WebPage","@id":"https:\/\/www.enabags.es\/index.php\/producto\/abanicos-de-madera-de-23-cm-colores-y-madera-personalizados\/","url":"https:\/\/www.enabags.es\/index.php\/producto\/abanicos-de-madera-de-23-cm-colores-y-madera-personalizados\/","name":"ABANICOS DE MADERA DE 23 CM COLORES Y MADERA PERSONALIZADOS - Enabags","isPartOf":{"@id":"https:\/\/www.enabags.es\/#website"},"datePublished":"2023-08-22T09:12:49+00:00","dateModified":"2025-06-01T21:31:37+00:00","breadcrumb":{"@id":"https:\/\/www.enabags.es\/index.php\/producto\/abanicos-de-madera-de-23-cm-colores-y-madera-personalizados\/#breadcrumb"},"inLanguage":"es","potentialAction":[{"@type":"ReadAction","target":["https:\/\/www.enabags.es\/index.php\/producto\/abanicos-de-madera-de-23-cm-colores-y-madera-personalizados\/"]}]},{"@type":"BreadcrumbList","@id":"https:\/\/www.enabags.es\/index.php\/producto\/abanicos-de-madera-de-23-cm-colores-y-madera-personalizados\/#breadcrumb","itemListElement":[{"@type":"ListItem","position":1,"name":"Portada","item":"https:\/\/www.enabags.es\/"},{"@type":"ListItem","position":2,"name":"Tienda","item":"https:\/\/www.enabags.es\/index.php\/tienda\/"},{"@type":"ListItem","position":3,"name":"ABANICOS DE MADERA DE 23 CM COLORES Y MADERA PERSONALIZADOS"}]},{"@type":"WebSite","@id":"https:\/\/www.enabags.es\/#website","url":"https:\/\/www.enabags.es\/","name":"ENABAGS.ES","description":"ENABAGS","potentialAction":[{"@type":"SearchAction","target":{"@type":"EntryPoint","urlTemplate":"https:\/\/www.enabags.es\/?s={search_term_string}"},"query-input":"required name=search_term_string"}],"inLanguage":"es"}]}},"_links":{"self":[{"href":"https:\/\/www.enabags.es\/index.php\/wp-json\/wp\/v2\/product\/2335","targetHints":{"allow":["GET"]}}],"collection":[{"href":"https:\/\/www.enabags.es\/index.php\/wp-json\/wp\/v2\/product"}],"about":[{"href":"https:\/\/www.enabags.es\/index.php\/wp-json\/wp\/v2\/types\/product"}],"replies":[{"embeddable":true,"href":"https:\/\/www.enabags.es\/index.php\/wp-json\/wp\/v2\/comments?post=2335"}],"wp:attachment":[{"href":"https:\/\/www.enabags.es\/index.php\/wp-json\/wp\/v2\/media?parent=2335"}],"wp:term":[{"taxonomy":"product_cat","embeddable":true,"href":"https:\/\/www.enabags.es\/index.php\/wp-json\/wp\/v2\/product_cat?post=2335"},{"taxonomy":"product_tag","embeddable":true,"href":"https:\/\/www.enabags.es\/index.php\/wp-json\/wp\/v2\/product_tag?post=2335"}],"curies":[{"name":"wp","href":"https:\/\/api.w.org\/{rel}","templated":true}]}}