{"id":2325,"date":"2023-08-17T08:07:25","date_gmt":"2023-08-17T08:07:25","guid":{"rendered":"https:\/\/www.enabags.es\/?post_type=product&#038;p=2325"},"modified":"2023-11-04T09:48:14","modified_gmt":"2023-11-04T09:48:14","slug":"carro-para-mochilas-escolares-color-negro","status":"publish","type":"product","link":"https:\/\/www.enabags.es\/index.php\/producto\/carro-para-mochilas-escolares-color-negro\/","title":{"rendered":"CARRO PARA MOCHILAS ESCOLARES COLOR NEGRO"},"content":{"rendered":"<ul class=\"list-group\">\n<li class=\"list-group-item\"><strong class=\"s-titulo\">Marca:<\/strong>\u00a0Roll Road<\/li>\n<li class=\"list-group-item\"><strong class=\"s-titulo\">Medidas:<\/strong>\u00a058.00 x 27.50 x 22.00 cm<\/li>\n<li class=\"list-group-item\"><strong class=\"s-titulo\">Capacidad:<\/strong><\/li>\n<li class=\"list-group-item\"><strong class=\"s-titulo\">Material:<\/strong>\u00a0Polipropileno<\/li>\n<li class=\"list-group-item\"><strong class=\"s-titulo\">Color:<\/strong>\u00a0Negro<\/li>\n<\/ul>\n<h5>Descripcion<\/h5>\n<ul class=\"list-group\">\n<li class=\"list-group-item\">Carro escolar de 84,5 cm de alto (extendido) fabricado en Polipropileno para aportarle resistencia y ligereza.<\/li>\n<li class=\"list-group-item\">Perfecto para transportar mochilas de 38 cm a 45 cm de alto y hasta 20 cm de profundo.<\/li>\n<li class=\"list-group-item\">Sistema de fijaci\u00f3n Magic Fix y soporte en la parte superior para asegurar la sujeci\u00f3n de la mochila al carro.<\/li>\n<\/ul>\n<p>Env\u00edo gratis.<\/p>\n<p>&nbsp;<\/p>\n<p>&nbsp;<\/p>\n<p>&nbsp;<\/p>\n","protected":false},"excerpt":{"rendered":"<ul class=\"list-group\">\n<li class=\"list-group-item\"><strong class=\"s-titulo\">Marca:<\/strong>\u00a0Roll Road<\/li>\n<li class=\"list-group-item\"><strong class=\"s-titulo\">Medidas:<\/strong>\u00a058.00 x 27.50 x 22.00 cm<\/li>\n<li class=\"list-group-item\"><strong class=\"s-titulo\">Capacidad:<\/strong><\/li>\n<li class=\"list-group-item\"><strong class=\"s-titulo\">Material:<\/strong>\u00a0Polipropileno<\/li>\n<li class=\"list-group-item\"><strong class=\"s-titulo\">Color:<\/strong>\u00a0Negro<\/li>\n<\/ul>\n<h5>Descripcion<\/h5>\n<ul class=\"list-group\">\n<li class=\"list-group-item\">Carro escolar de 84,5 cm de alto (extendido) fabricado en Polipropileno para aportarle resistencia y ligereza.<\/li>\n<li class=\"list-group-item\">Perfecto para transportar mochilas de 38 cm a 45 cm de alto y hasta 20 cm de profundo.<\/li>\n<li class=\"list-group-item\">Sistema de fijaci\u00f3n Magic Fix y soporte en la parte superior para asegurar la sujeci\u00f3n de la mochila al carro.<\/li>\n<\/ul>\n<p>Env\u00edo gratis.<\/p>\n<p>Env\u00edo gratis.<\/p>\n<p>&nbsp;<\/p>\n<p style=\"text-align: center;\">\n","protected":false},"featured_media":0,"comment_status":"open","ping_status":"closed","template":"","meta":[],"product_cat":[128],"product_tag":[133,132,130,131],"class_list":["post-2325","product","type-product","status-publish","hentry","product_cat-mochilas-escolares-nins","product_tag-conjunto-mochila-escolar-3-piezas","product_tag-mochila-escolar","product_tag-mochila-escolar-verde-militar","product_tag-mochila-ninos"],"yoast_head":"<!-- This site is optimized with the Yoast SEO plugin v21.9.1 - https:\/\/yoast.com\/wordpress\/plugins\/seo\/ -->\n<title>CARRO PARA MOCHILAS ESCOLARES COLOR NEGRO - Enabags<\/title>\n<meta name=\"robots\" content=\"index, follow, max-snippet:-1, max-image-preview:large, max-video-preview:-1\" \/>\n<link rel=\"canonical\" href=\"https:\/\/www.enabags.es\/index.php\/producto\/carro-para-mochilas-escolares-color-negro\/\" \/>\n<meta property=\"og:locale\" content=\"es_ES\" \/>\n<meta property=\"og:type\" content=\"article\" \/>\n<meta property=\"og:title\" content=\"CARRO PARA MOCHILAS ESCOLARES COLOR NEGRO - Enabags\" \/>\n<meta property=\"og:description\" content=\"Marca:\u00a0Roll Road  Medidas:\u00a058.00 x 27.50 x 22.00 cm  Capacidad:  Material:\u00a0Polipropileno  Color:\u00a0Negro  Descripcion   Carro escolar de 84,5 cm de alto (extendido) fabricado en Polipropileno para aportarle resistencia y ligereza.  Perfecto para transportar mochilas de 38 cm a 45 cm de alto y hasta 20 cm de profundo.  Sistema de fijaci\u00f3n Magic Fix y soporte en la parte superior para asegurar la sujeci\u00f3n de la mochila al carro.  Env\u00edo gratis.  Env\u00edo gratis.  &nbsp;\" \/>\n<meta property=\"og:url\" content=\"https:\/\/www.enabags.es\/index.php\/producto\/carro-para-mochilas-escolares-color-negro\/\" \/>\n<meta property=\"og:site_name\" content=\"Enabags\" \/>\n<meta property=\"article:publisher\" content=\"https:\/\/www.facebook.com\/enabags.es\/\" \/>\n<meta property=\"article:modified_time\" content=\"2023-11-04T09:48:14+00:00\" \/>\n<meta property=\"og:image\" content=\"https:\/\/www.enabags.es\/wp-content\/uploads\/2023\/08\/CARRO-MOCHILA-ESCOLAR-NEGRO.jpg\" \/>\n\t<meta property=\"og:image:width\" content=\"1000\" \/>\n\t<meta property=\"og:image:height\" content=\"1000\" \/>\n\t<meta property=\"og:image:type\" content=\"image\/jpeg\" \/>\n<meta name=\"twitter:card\" content=\"summary_large_image\" \/>\n<script type=\"application\/ld+json\" class=\"yoast-schema-graph\">{\"@context\":\"https:\/\/schema.org\",\"@graph\":[{\"@type\":\"WebPage\",\"@id\":\"https:\/\/www.enabags.es\/index.php\/producto\/carro-para-mochilas-escolares-color-negro\/\",\"url\":\"https:\/\/www.enabags.es\/index.php\/producto\/carro-para-mochilas-escolares-color-negro\/\",\"name\":\"CARRO PARA MOCHILAS ESCOLARES COLOR NEGRO - Enabags\",\"isPartOf\":{\"@id\":\"https:\/\/www.enabags.es\/#website\"},\"datePublished\":\"2023-08-17T08:07:25+00:00\",\"dateModified\":\"2023-11-04T09:48:14+00:00\",\"breadcrumb\":{\"@id\":\"https:\/\/www.enabags.es\/index.php\/producto\/carro-para-mochilas-escolares-color-negro\/#breadcrumb\"},\"inLanguage\":\"es\",\"potentialAction\":[{\"@type\":\"ReadAction\",\"target\":[\"https:\/\/www.enabags.es\/index.php\/producto\/carro-para-mochilas-escolares-color-negro\/\"]}]},{\"@type\":\"BreadcrumbList\",\"@id\":\"https:\/\/www.enabags.es\/index.php\/producto\/carro-para-mochilas-escolares-color-negro\/#breadcrumb\",\"itemListElement\":[{\"@type\":\"ListItem\",\"position\":1,\"name\":\"Portada\",\"item\":\"https:\/\/www.enabags.es\/\"},{\"@type\":\"ListItem\",\"position\":2,\"name\":\"Tienda\",\"item\":\"https:\/\/www.enabags.es\/index.php\/tienda\/\"},{\"@type\":\"ListItem\",\"position\":3,\"name\":\"CARRO PARA MOCHILAS ESCOLARES COLOR NEGRO\"}]},{\"@type\":\"WebSite\",\"@id\":\"https:\/\/www.enabags.es\/#website\",\"url\":\"https:\/\/www.enabags.es\/\",\"name\":\"ENABAGS.ES\",\"description\":\"ENABAGS\",\"potentialAction\":[{\"@type\":\"SearchAction\",\"target\":{\"@type\":\"EntryPoint\",\"urlTemplate\":\"https:\/\/www.enabags.es\/?s={search_term_string}\"},\"query-input\":\"required name=search_term_string\"}],\"inLanguage\":\"es\"}]}<\/script>\n<!-- \/ Yoast SEO plugin. -->","yoast_head_json":{"title":"CARRO PARA MOCHILAS ESCOLARES COLOR NEGRO - Enabags","robots":{"index":"index","follow":"follow","max-snippet":"max-snippet:-1","max-image-preview":"max-image-preview:large","max-video-preview":"max-video-preview:-1"},"canonical":"https:\/\/www.enabags.es\/index.php\/producto\/carro-para-mochilas-escolares-color-negro\/","og_locale":"es_ES","og_type":"article","og_title":"CARRO PARA MOCHILAS ESCOLARES COLOR NEGRO - Enabags","og_description":"Marca:\u00a0Roll Road  Medidas:\u00a058.00 x 27.50 x 22.00 cm  Capacidad:  Material:\u00a0Polipropileno  Color:\u00a0Negro  Descripcion   Carro escolar de 84,5 cm de alto (extendido) fabricado en Polipropileno para aportarle resistencia y ligereza.  Perfecto para transportar mochilas de 38 cm a 45 cm de alto y hasta 20 cm de profundo.  Sistema de fijaci\u00f3n Magic Fix y soporte en la parte superior para asegurar la sujeci\u00f3n de la mochila al carro.  Env\u00edo gratis.  Env\u00edo gratis.  &nbsp;","og_url":"https:\/\/www.enabags.es\/index.php\/producto\/carro-para-mochilas-escolares-color-negro\/","og_site_name":"Enabags","article_publisher":"https:\/\/www.facebook.com\/enabags.es\/","article_modified_time":"2023-11-04T09:48:14+00:00","og_image":[{"width":1000,"height":1000,"url":"https:\/\/www.enabags.es\/wp-content\/uploads\/2023\/08\/CARRO-MOCHILA-ESCOLAR-NEGRO.jpg","type":"image\/jpeg"}],"twitter_card":"summary_large_image","schema":{"@context":"https:\/\/schema.org","@graph":[{"@type":"WebPage","@id":"https:\/\/www.enabags.es\/index.php\/producto\/carro-para-mochilas-escolares-color-negro\/","url":"https:\/\/www.enabags.es\/index.php\/producto\/carro-para-mochilas-escolares-color-negro\/","name":"CARRO PARA MOCHILAS ESCOLARES COLOR NEGRO - Enabags","isPartOf":{"@id":"https:\/\/www.enabags.es\/#website"},"datePublished":"2023-08-17T08:07:25+00:00","dateModified":"2023-11-04T09:48:14+00:00","breadcrumb":{"@id":"https:\/\/www.enabags.es\/index.php\/producto\/carro-para-mochilas-escolares-color-negro\/#breadcrumb"},"inLanguage":"es","potentialAction":[{"@type":"ReadAction","target":["https:\/\/www.enabags.es\/index.php\/producto\/carro-para-mochilas-escolares-color-negro\/"]}]},{"@type":"BreadcrumbList","@id":"https:\/\/www.enabags.es\/index.php\/producto\/carro-para-mochilas-escolares-color-negro\/#breadcrumb","itemListElement":[{"@type":"ListItem","position":1,"name":"Portada","item":"https:\/\/www.enabags.es\/"},{"@type":"ListItem","position":2,"name":"Tienda","item":"https:\/\/www.enabags.es\/index.php\/tienda\/"},{"@type":"ListItem","position":3,"name":"CARRO PARA MOCHILAS ESCOLARES COLOR NEGRO"}]},{"@type":"WebSite","@id":"https:\/\/www.enabags.es\/#website","url":"https:\/\/www.enabags.es\/","name":"ENABAGS.ES","description":"ENABAGS","potentialAction":[{"@type":"SearchAction","target":{"@type":"EntryPoint","urlTemplate":"https:\/\/www.enabags.es\/?s={search_term_string}"},"query-input":"required name=search_term_string"}],"inLanguage":"es"}]}},"_links":{"self":[{"href":"https:\/\/www.enabags.es\/index.php\/wp-json\/wp\/v2\/product\/2325","targetHints":{"allow":["GET"]}}],"collection":[{"href":"https:\/\/www.enabags.es\/index.php\/wp-json\/wp\/v2\/product"}],"about":[{"href":"https:\/\/www.enabags.es\/index.php\/wp-json\/wp\/v2\/types\/product"}],"replies":[{"embeddable":true,"href":"https:\/\/www.enabags.es\/index.php\/wp-json\/wp\/v2\/comments?post=2325"}],"wp:attachment":[{"href":"https:\/\/www.enabags.es\/index.php\/wp-json\/wp\/v2\/media?parent=2325"}],"wp:term":[{"taxonomy":"product_cat","embeddable":true,"href":"https:\/\/www.enabags.es\/index.php\/wp-json\/wp\/v2\/product_cat?post=2325"},{"taxonomy":"product_tag","embeddable":true,"href":"https:\/\/www.enabags.es\/index.php\/wp-json\/wp\/v2\/product_tag?post=2325"}],"curies":[{"name":"wp","href":"https:\/\/api.w.org\/{rel}","templated":true}]}}