{"id":226,"date":"2022-08-31T18:04:00","date_gmt":"2022-08-31T18:04:00","guid":{"rendered":"https:\/\/www.enabags.es\/?post_type=product&#038;p=226"},"modified":"2023-09-09T11:12:46","modified_gmt":"2023-09-09T11:12:46","slug":"maletin-portatil-negro","status":"publish","type":"product","link":"https:\/\/www.enabags.es\/index.php\/producto\/maletin-portatil-negro\/","title":{"rendered":"MALET\u00cdN PARA PORTATIL NEGRO"},"content":{"rendered":"<p style=\"text-align: left;\">Bolso de piel color negro para el port\u00e1til con cremallera. Con asas para la mano y con un asa extra\u00edble y ajustable estilo bandolera . Tiene detalles florales bordados. Un bolsillo exterior con cremallera en su parte posterior y otro en su parte delantera.<\/p>\n<p><em>Cuando tenemos una rutina bastante pesada, en la que se sale de casa a las 8 de la ma\u00f1ana y no vuelves hasta las 20.00 h tienes que llevarte desde el port\u00e1til hasta la comida e incluso ropa de recambio&#8230; mochilas, mochilas y m\u00e1s mochilas. Si nos organizamos, todo es mejor, con este malet\u00edn ahorrar\u00e1s espacio y tal vez&#8230; alguna mochila de m\u00e1s.\u00a0<\/em><\/p>\n<p style=\"text-align: center;\">\n","protected":false},"excerpt":{"rendered":"<p style=\"text-align: center;\">Bolso de piel color negro para el port\u00e1til con cremallera. Con asas para la mano y con un asa extra\u00edble y ajustable estilo bandolera . Tiene detalles florales bordados. Un bolsillo exterior con cremallera en su parte posterior y otro en su parte delantera.<\/p>\n<p style=\"text-align: center;\">MEDIDAS: 30 CM ALTO, 38 CM DE LARGO Y 8 CM DE ANCHO.<\/p>\n<p style=\"text-align: center;\">(Disponible en color negro y marr\u00f3n)<\/p>\n","protected":false},"featured_media":0,"comment_status":"open","ping_status":"closed","template":"","meta":[],"product_cat":[114,113,58,17],"product_tag":[],"class_list":["post-226","product","type-product","status-publish","hentry","product_cat-maletin-portatil-hombre","product_cat-mujer","product_cat-maletin-portatil","product_cat-ver-todo"],"yoast_head":"<!-- This site is optimized with the Yoast SEO plugin v21.9.1 - https:\/\/yoast.com\/wordpress\/plugins\/seo\/ -->\n<title>MALET\u00cdN PARA PORTATIL NEGRO - Enabags<\/title>\n<meta name=\"robots\" content=\"index, follow, max-snippet:-1, max-image-preview:large, max-video-preview:-1\" \/>\n<link rel=\"canonical\" href=\"https:\/\/www.enabags.es\/index.php\/producto\/maletin-portatil-negro\/\" \/>\n<meta property=\"og:locale\" content=\"es_ES\" \/>\n<meta property=\"og:type\" content=\"article\" \/>\n<meta property=\"og:title\" content=\"MALET\u00cdN PARA PORTATIL NEGRO - Enabags\" \/>\n<meta property=\"og:description\" content=\"Bolso de piel color negro para el port\u00e1til con cremallera. Con asas para la mano y con un asa extra\u00edble y ajustable estilo bandolera . Tiene detalles florales bordados. Un bolsillo exterior con cremallera en su parte posterior y otro en su parte delantera. MEDIDAS: 30 CM ALTO, 38 CM DE LARGO Y 8 CM DE ANCHO. (Disponible en color negro y marr\u00f3n)\" \/>\n<meta property=\"og:url\" content=\"https:\/\/www.enabags.es\/index.php\/producto\/maletin-portatil-negro\/\" \/>\n<meta property=\"og:site_name\" content=\"Enabags\" \/>\n<meta property=\"article:publisher\" content=\"https:\/\/www.facebook.com\/enabags.es\/\" \/>\n<meta property=\"article:modified_time\" content=\"2023-09-09T11:12:46+00:00\" \/>\n<meta property=\"og:image\" content=\"https:\/\/www.enabags.es\/wp-content\/uploads\/2022\/08\/MALEIN-PORTATIL-NEGRO-5.jpeg\" \/>\n\t<meta property=\"og:image:width\" content=\"768\" \/>\n\t<meta property=\"og:image:height\" content=\"1024\" \/>\n\t<meta property=\"og:image:type\" content=\"image\/jpeg\" \/>\n<meta name=\"twitter:card\" content=\"summary_large_image\" \/>\n<meta name=\"twitter:label1\" content=\"Tiempo de lectura\" \/>\n\t<meta name=\"twitter:data1\" content=\"1 minuto\" \/>\n<script type=\"application\/ld+json\" class=\"yoast-schema-graph\">{\"@context\":\"https:\/\/schema.org\",\"@graph\":[{\"@type\":\"WebPage\",\"@id\":\"https:\/\/www.enabags.es\/index.php\/producto\/maletin-portatil-negro\/\",\"url\":\"https:\/\/www.enabags.es\/index.php\/producto\/maletin-portatil-negro\/\",\"name\":\"MALET\u00cdN PARA PORTATIL NEGRO - Enabags\",\"isPartOf\":{\"@id\":\"https:\/\/www.enabags.es\/#website\"},\"datePublished\":\"2022-08-31T18:04:00+00:00\",\"dateModified\":\"2023-09-09T11:12:46+00:00\",\"breadcrumb\":{\"@id\":\"https:\/\/www.enabags.es\/index.php\/producto\/maletin-portatil-negro\/#breadcrumb\"},\"inLanguage\":\"es\",\"potentialAction\":[{\"@type\":\"ReadAction\",\"target\":[\"https:\/\/www.enabags.es\/index.php\/producto\/maletin-portatil-negro\/\"]}]},{\"@type\":\"BreadcrumbList\",\"@id\":\"https:\/\/www.enabags.es\/index.php\/producto\/maletin-portatil-negro\/#breadcrumb\",\"itemListElement\":[{\"@type\":\"ListItem\",\"position\":1,\"name\":\"Portada\",\"item\":\"https:\/\/www.enabags.es\/\"},{\"@type\":\"ListItem\",\"position\":2,\"name\":\"Tienda\",\"item\":\"https:\/\/www.enabags.es\/index.php\/tienda\/\"},{\"@type\":\"ListItem\",\"position\":3,\"name\":\"MALET\u00cdN PARA PORTATIL NEGRO\"}]},{\"@type\":\"WebSite\",\"@id\":\"https:\/\/www.enabags.es\/#website\",\"url\":\"https:\/\/www.enabags.es\/\",\"name\":\"ENABAGS.ES\",\"description\":\"ENABAGS\",\"potentialAction\":[{\"@type\":\"SearchAction\",\"target\":{\"@type\":\"EntryPoint\",\"urlTemplate\":\"https:\/\/www.enabags.es\/?s={search_term_string}\"},\"query-input\":\"required name=search_term_string\"}],\"inLanguage\":\"es\"}]}<\/script>\n<!-- \/ Yoast SEO plugin. -->","yoast_head_json":{"title":"MALET\u00cdN PARA PORTATIL NEGRO - Enabags","robots":{"index":"index","follow":"follow","max-snippet":"max-snippet:-1","max-image-preview":"max-image-preview:large","max-video-preview":"max-video-preview:-1"},"canonical":"https:\/\/www.enabags.es\/index.php\/producto\/maletin-portatil-negro\/","og_locale":"es_ES","og_type":"article","og_title":"MALET\u00cdN PARA PORTATIL NEGRO - Enabags","og_description":"Bolso de piel color negro para el port\u00e1til con cremallera. Con asas para la mano y con un asa extra\u00edble y ajustable estilo bandolera . Tiene detalles florales bordados. Un bolsillo exterior con cremallera en su parte posterior y otro en su parte delantera. MEDIDAS: 30 CM ALTO, 38 CM DE LARGO Y 8 CM DE ANCHO. (Disponible en color negro y marr\u00f3n)","og_url":"https:\/\/www.enabags.es\/index.php\/producto\/maletin-portatil-negro\/","og_site_name":"Enabags","article_publisher":"https:\/\/www.facebook.com\/enabags.es\/","article_modified_time":"2023-09-09T11:12:46+00:00","og_image":[{"width":768,"height":1024,"url":"https:\/\/www.enabags.es\/wp-content\/uploads\/2022\/08\/MALEIN-PORTATIL-NEGRO-5.jpeg","type":"image\/jpeg"}],"twitter_card":"summary_large_image","twitter_misc":{"Tiempo de lectura":"1 minuto"},"schema":{"@context":"https:\/\/schema.org","@graph":[{"@type":"WebPage","@id":"https:\/\/www.enabags.es\/index.php\/producto\/maletin-portatil-negro\/","url":"https:\/\/www.enabags.es\/index.php\/producto\/maletin-portatil-negro\/","name":"MALET\u00cdN PARA PORTATIL NEGRO - Enabags","isPartOf":{"@id":"https:\/\/www.enabags.es\/#website"},"datePublished":"2022-08-31T18:04:00+00:00","dateModified":"2023-09-09T11:12:46+00:00","breadcrumb":{"@id":"https:\/\/www.enabags.es\/index.php\/producto\/maletin-portatil-negro\/#breadcrumb"},"inLanguage":"es","potentialAction":[{"@type":"ReadAction","target":["https:\/\/www.enabags.es\/index.php\/producto\/maletin-portatil-negro\/"]}]},{"@type":"BreadcrumbList","@id":"https:\/\/www.enabags.es\/index.php\/producto\/maletin-portatil-negro\/#breadcrumb","itemListElement":[{"@type":"ListItem","position":1,"name":"Portada","item":"https:\/\/www.enabags.es\/"},{"@type":"ListItem","position":2,"name":"Tienda","item":"https:\/\/www.enabags.es\/index.php\/tienda\/"},{"@type":"ListItem","position":3,"name":"MALET\u00cdN PARA PORTATIL NEGRO"}]},{"@type":"WebSite","@id":"https:\/\/www.enabags.es\/#website","url":"https:\/\/www.enabags.es\/","name":"ENABAGS.ES","description":"ENABAGS","potentialAction":[{"@type":"SearchAction","target":{"@type":"EntryPoint","urlTemplate":"https:\/\/www.enabags.es\/?s={search_term_string}"},"query-input":"required name=search_term_string"}],"inLanguage":"es"}]}},"_links":{"self":[{"href":"https:\/\/www.enabags.es\/index.php\/wp-json\/wp\/v2\/product\/226","targetHints":{"allow":["GET"]}}],"collection":[{"href":"https:\/\/www.enabags.es\/index.php\/wp-json\/wp\/v2\/product"}],"about":[{"href":"https:\/\/www.enabags.es\/index.php\/wp-json\/wp\/v2\/types\/product"}],"replies":[{"embeddable":true,"href":"https:\/\/www.enabags.es\/index.php\/wp-json\/wp\/v2\/comments?post=226"}],"wp:attachment":[{"href":"https:\/\/www.enabags.es\/index.php\/wp-json\/wp\/v2\/media?parent=226"}],"wp:term":[{"taxonomy":"product_cat","embeddable":true,"href":"https:\/\/www.enabags.es\/index.php\/wp-json\/wp\/v2\/product_cat?post=226"},{"taxonomy":"product_tag","embeddable":true,"href":"https:\/\/www.enabags.es\/index.php\/wp-json\/wp\/v2\/product_tag?post=226"}],"curies":[{"name":"wp","href":"https:\/\/api.w.org\/{rel}","templated":true}]}}