{"id":2239,"date":"2023-08-05T11:04:04","date_gmt":"2023-08-05T11:04:04","guid":{"rendered":"https:\/\/www.enabags.es\/?post_type=product&#038;p=2239"},"modified":"2025-06-02T11:59:16","modified_gmt":"2025-06-02T11:59:16","slug":"bolso-rafia-cuadros-con-asa-rigida-y-cordon-de-colgar","status":"publish","type":"product","link":"https:\/\/www.enabags.es\/index.php\/producto\/bolso-rafia-cuadros-con-asa-rigida-y-cordon-de-colgar\/","title":{"rendered":"BOLSO RAFIA CUADROS CON ASA R\u00cdGIDA Y CORDON DE COLGAR"},"content":{"rendered":"<p>Bolso de rafia con asa corta forrada y larga. Dibujos geom\u00e9tricos<\/p>\n<p>&#8220;Ideal para las noches de verano&#8230; \u00a1Me encanta el estilo que da esta bandolera!&#8221;<\/p>\n","protected":false},"excerpt":{"rendered":"<p>Bolso de rafia con asa corta forrada y larga. Dibujos geom\u00e9tricos<\/p>\n<p>&nbsp;<\/p>\n<table border=\"1\" cellspacing=\"0\" cellpadding=\"7\">\n<tbody>\n<tr>\n<td colspan=\"7\"><b>MEDIDAS<\/b><\/td>\n<\/tr>\n<tr>\n<td><b>ALTO<\/b><\/td>\n<td>41 CM<\/td>\n<\/tr>\n<tr>\n<td><b>ANCHO<\/b><\/td>\n<td>39 CM<\/td>\n<\/tr>\n<tr>\n<td><b>PROFUNDO<\/b><\/td>\n<td>12 CM<\/td>\n<\/tr>\n<\/tbody>\n<\/table>\n<p>&nbsp;<\/p>\n<p style=\"text-align: left;\">GASTOS DE ENV\u00cdO INCLUIDOS EN EL PRECIO.<\/p>\n<p>&nbsp;<\/p>\n","protected":false},"featured_media":0,"comment_status":"open","ping_status":"closed","template":"","meta":[],"product_cat":[154,126,64,33,17],"product_tag":[],"class_list":["post-2239","product","type-product","status-publish","hentry","product_cat-bolsos-coleccion-primavera-2024","product_cat-bolsos-verano-2024","product_cat-bandoleras-y-bolsos-de-hombro","product_cat-bolsos-pequenos","product_cat-ver-todo"],"yoast_head":"<!-- This site is optimized with the Yoast SEO plugin v21.9.1 - https:\/\/yoast.com\/wordpress\/plugins\/seo\/ -->\n<title>BOLSO RAFIA CUADROS CON ASA R\u00cdGIDA Y CORDON DE COLGAR - Enabags<\/title>\n<meta name=\"robots\" content=\"index, follow, max-snippet:-1, max-image-preview:large, max-video-preview:-1\" \/>\n<link rel=\"canonical\" href=\"https:\/\/www.enabags.es\/index.php\/producto\/bolso-rafia-cuadros-con-asa-rigida-y-cordon-de-colgar\/\" \/>\n<meta property=\"og:locale\" content=\"es_ES\" \/>\n<meta property=\"og:type\" content=\"article\" \/>\n<meta property=\"og:title\" content=\"BOLSO RAFIA CUADROS CON ASA R\u00cdGIDA Y CORDON DE COLGAR - Enabags\" \/>\n<meta property=\"og:description\" content=\"Bolso de rafia con asa corta forrada y larga. Dibujos geom\u00e9tricos  &nbsp;    MEDIDAS   ALTO 41 CM   ANCHO 39 CM   PROFUNDO 12 CM    &nbsp; GASTOS DE ENV\u00cdO INCLUIDOS EN EL PRECIO. &nbsp;\" \/>\n<meta property=\"og:url\" content=\"https:\/\/www.enabags.es\/index.php\/producto\/bolso-rafia-cuadros-con-asa-rigida-y-cordon-de-colgar\/\" \/>\n<meta property=\"og:site_name\" content=\"Enabags\" \/>\n<meta property=\"article:publisher\" content=\"https:\/\/www.facebook.com\/enabags.es\/\" \/>\n<meta property=\"article:modified_time\" content=\"2025-06-02T11:59:16+00:00\" \/>\n<meta property=\"og:image\" content=\"https:\/\/www.enabags.es\/wp-content\/uploads\/2023\/08\/BOLSO-CUADROS.jpg\" \/>\n\t<meta property=\"og:image:width\" content=\"452\" \/>\n\t<meta property=\"og:image:height\" content=\"584\" \/>\n\t<meta property=\"og:image:type\" content=\"image\/jpeg\" \/>\n<meta name=\"twitter:card\" content=\"summary_large_image\" \/>\n<script type=\"application\/ld+json\" class=\"yoast-schema-graph\">{\"@context\":\"https:\/\/schema.org\",\"@graph\":[{\"@type\":\"WebPage\",\"@id\":\"https:\/\/www.enabags.es\/index.php\/producto\/bolso-rafia-cuadros-con-asa-rigida-y-cordon-de-colgar\/\",\"url\":\"https:\/\/www.enabags.es\/index.php\/producto\/bolso-rafia-cuadros-con-asa-rigida-y-cordon-de-colgar\/\",\"name\":\"BOLSO RAFIA CUADROS CON ASA R\u00cdGIDA Y CORDON DE COLGAR - Enabags\",\"isPartOf\":{\"@id\":\"https:\/\/www.enabags.es\/#website\"},\"datePublished\":\"2023-08-05T11:04:04+00:00\",\"dateModified\":\"2025-06-02T11:59:16+00:00\",\"breadcrumb\":{\"@id\":\"https:\/\/www.enabags.es\/index.php\/producto\/bolso-rafia-cuadros-con-asa-rigida-y-cordon-de-colgar\/#breadcrumb\"},\"inLanguage\":\"es\",\"potentialAction\":[{\"@type\":\"ReadAction\",\"target\":[\"https:\/\/www.enabags.es\/index.php\/producto\/bolso-rafia-cuadros-con-asa-rigida-y-cordon-de-colgar\/\"]}]},{\"@type\":\"BreadcrumbList\",\"@id\":\"https:\/\/www.enabags.es\/index.php\/producto\/bolso-rafia-cuadros-con-asa-rigida-y-cordon-de-colgar\/#breadcrumb\",\"itemListElement\":[{\"@type\":\"ListItem\",\"position\":1,\"name\":\"Portada\",\"item\":\"https:\/\/www.enabags.es\/\"},{\"@type\":\"ListItem\",\"position\":2,\"name\":\"Tienda\",\"item\":\"https:\/\/www.enabags.es\/index.php\/tienda\/\"},{\"@type\":\"ListItem\",\"position\":3,\"name\":\"BOLSO RAFIA CUADROS CON ASA R\u00cdGIDA Y CORDON DE COLGAR\"}]},{\"@type\":\"WebSite\",\"@id\":\"https:\/\/www.enabags.es\/#website\",\"url\":\"https:\/\/www.enabags.es\/\",\"name\":\"ENABAGS.ES\",\"description\":\"ENABAGS\",\"potentialAction\":[{\"@type\":\"SearchAction\",\"target\":{\"@type\":\"EntryPoint\",\"urlTemplate\":\"https:\/\/www.enabags.es\/?s={search_term_string}\"},\"query-input\":\"required name=search_term_string\"}],\"inLanguage\":\"es\"}]}<\/script>\n<!-- \/ Yoast SEO plugin. -->","yoast_head_json":{"title":"BOLSO RAFIA CUADROS CON ASA R\u00cdGIDA Y CORDON DE COLGAR - Enabags","robots":{"index":"index","follow":"follow","max-snippet":"max-snippet:-1","max-image-preview":"max-image-preview:large","max-video-preview":"max-video-preview:-1"},"canonical":"https:\/\/www.enabags.es\/index.php\/producto\/bolso-rafia-cuadros-con-asa-rigida-y-cordon-de-colgar\/","og_locale":"es_ES","og_type":"article","og_title":"BOLSO RAFIA CUADROS CON ASA R\u00cdGIDA Y CORDON DE COLGAR - Enabags","og_description":"Bolso de rafia con asa corta forrada y larga. Dibujos geom\u00e9tricos  &nbsp;    MEDIDAS   ALTO 41 CM   ANCHO 39 CM   PROFUNDO 12 CM    &nbsp; GASTOS DE ENV\u00cdO INCLUIDOS EN EL PRECIO. &nbsp;","og_url":"https:\/\/www.enabags.es\/index.php\/producto\/bolso-rafia-cuadros-con-asa-rigida-y-cordon-de-colgar\/","og_site_name":"Enabags","article_publisher":"https:\/\/www.facebook.com\/enabags.es\/","article_modified_time":"2025-06-02T11:59:16+00:00","og_image":[{"width":452,"height":584,"url":"https:\/\/www.enabags.es\/wp-content\/uploads\/2023\/08\/BOLSO-CUADROS.jpg","type":"image\/jpeg"}],"twitter_card":"summary_large_image","schema":{"@context":"https:\/\/schema.org","@graph":[{"@type":"WebPage","@id":"https:\/\/www.enabags.es\/index.php\/producto\/bolso-rafia-cuadros-con-asa-rigida-y-cordon-de-colgar\/","url":"https:\/\/www.enabags.es\/index.php\/producto\/bolso-rafia-cuadros-con-asa-rigida-y-cordon-de-colgar\/","name":"BOLSO RAFIA CUADROS CON ASA R\u00cdGIDA Y CORDON DE COLGAR - Enabags","isPartOf":{"@id":"https:\/\/www.enabags.es\/#website"},"datePublished":"2023-08-05T11:04:04+00:00","dateModified":"2025-06-02T11:59:16+00:00","breadcrumb":{"@id":"https:\/\/www.enabags.es\/index.php\/producto\/bolso-rafia-cuadros-con-asa-rigida-y-cordon-de-colgar\/#breadcrumb"},"inLanguage":"es","potentialAction":[{"@type":"ReadAction","target":["https:\/\/www.enabags.es\/index.php\/producto\/bolso-rafia-cuadros-con-asa-rigida-y-cordon-de-colgar\/"]}]},{"@type":"BreadcrumbList","@id":"https:\/\/www.enabags.es\/index.php\/producto\/bolso-rafia-cuadros-con-asa-rigida-y-cordon-de-colgar\/#breadcrumb","itemListElement":[{"@type":"ListItem","position":1,"name":"Portada","item":"https:\/\/www.enabags.es\/"},{"@type":"ListItem","position":2,"name":"Tienda","item":"https:\/\/www.enabags.es\/index.php\/tienda\/"},{"@type":"ListItem","position":3,"name":"BOLSO RAFIA CUADROS CON ASA R\u00cdGIDA Y CORDON DE COLGAR"}]},{"@type":"WebSite","@id":"https:\/\/www.enabags.es\/#website","url":"https:\/\/www.enabags.es\/","name":"ENABAGS.ES","description":"ENABAGS","potentialAction":[{"@type":"SearchAction","target":{"@type":"EntryPoint","urlTemplate":"https:\/\/www.enabags.es\/?s={search_term_string}"},"query-input":"required name=search_term_string"}],"inLanguage":"es"}]}},"_links":{"self":[{"href":"https:\/\/www.enabags.es\/index.php\/wp-json\/wp\/v2\/product\/2239","targetHints":{"allow":["GET"]}}],"collection":[{"href":"https:\/\/www.enabags.es\/index.php\/wp-json\/wp\/v2\/product"}],"about":[{"href":"https:\/\/www.enabags.es\/index.php\/wp-json\/wp\/v2\/types\/product"}],"replies":[{"embeddable":true,"href":"https:\/\/www.enabags.es\/index.php\/wp-json\/wp\/v2\/comments?post=2239"}],"wp:attachment":[{"href":"https:\/\/www.enabags.es\/index.php\/wp-json\/wp\/v2\/media?parent=2239"}],"wp:term":[{"taxonomy":"product_cat","embeddable":true,"href":"https:\/\/www.enabags.es\/index.php\/wp-json\/wp\/v2\/product_cat?post=2239"},{"taxonomy":"product_tag","embeddable":true,"href":"https:\/\/www.enabags.es\/index.php\/wp-json\/wp\/v2\/product_tag?post=2239"}],"curies":[{"name":"wp","href":"https:\/\/api.w.org\/{rel}","templated":true}]}}