{"id":2026,"date":"2023-06-22T17:45:33","date_gmt":"2023-06-22T17:45:33","guid":{"rendered":"https:\/\/www.enabags.es\/?post_type=product&#038;p=2026"},"modified":"2024-03-28T10:44:04","modified_gmt":"2024-03-28T10:44:04","slug":"monedero-xs-blanco-crema","status":"publish","type":"product","link":"https:\/\/www.enabags.es\/index.php\/producto\/monedero-xs-blanco-crema\/","title":{"rendered":"MONEDERO XS BLANCO CREMA"},"content":{"rendered":"<p>Monedero circular, de tama\u00f1o peque\u00f1o y color <strong>blanco crema<\/strong>. Material similar a lana. Cierre de cremallera.<\/p>\n<p>&#8220;Este monedero es s\u00faper mono y pr\u00e1ctico. No ocupa nada de espacio en el bolso y puedo guardar objetos peque\u00f1os que siempre suelen perderse&#8230;&#8221;<\/p>\n","protected":false},"excerpt":{"rendered":"<p style=\"text-align: center;\">Monedero circular, de tama\u00f1o peque\u00f1o y color <strong>blanco crema<\/strong>. Material similar a lana. Cierre de cremallera.<\/p>\n<p style=\"text-align: center;\">GASTOS DE ENV\u00cdOS INCLUIDOS EN EL PRECIO.<\/p>\n","protected":false},"featured_media":0,"comment_status":"open","ping_status":"closed","template":"","meta":[],"product_cat":[154,126,33,127,17,34],"product_tag":[],"class_list":["post-2026","product","type-product","status-publish","hentry","product_cat-bolsos-coleccion-primavera-2024","product_cat-bolsos-verano-2024","product_cat-bolsos-pequenos","product_cat-complementos-mujer","product_cat-ver-todo","product_cat-carteras"],"yoast_head":"<!-- This site is optimized with the Yoast SEO plugin v21.9.1 - https:\/\/yoast.com\/wordpress\/plugins\/seo\/ -->\n<title>MONEDERO XS BLANCO CREMA - Enabags<\/title>\n<meta name=\"robots\" content=\"index, follow, max-snippet:-1, max-image-preview:large, max-video-preview:-1\" \/>\n<link rel=\"canonical\" href=\"https:\/\/www.enabags.es\/index.php\/producto\/monedero-xs-blanco-crema\/\" \/>\n<meta property=\"og:locale\" content=\"es_ES\" \/>\n<meta property=\"og:type\" content=\"article\" \/>\n<meta property=\"og:title\" content=\"MONEDERO XS BLANCO CREMA - Enabags\" \/>\n<meta property=\"og:description\" content=\"Monedero circular, de tama\u00f1o peque\u00f1o y color blanco crema. Material similar a lana. Cierre de cremallera. GASTOS DE ENV\u00cdOS INCLUIDOS EN EL PRECIO.\" \/>\n<meta property=\"og:url\" content=\"https:\/\/www.enabags.es\/index.php\/producto\/monedero-xs-blanco-crema\/\" \/>\n<meta property=\"og:site_name\" content=\"Enabags\" \/>\n<meta property=\"article:publisher\" content=\"https:\/\/www.facebook.com\/enabags.es\/\" \/>\n<meta property=\"article:modified_time\" content=\"2024-03-28T10:44:04+00:00\" \/>\n<meta property=\"og:image\" content=\"https:\/\/www.enabags.es\/wp-content\/uploads\/2023\/06\/WhatsApp-Image-2023-06-22-at-19.38.56-2.jpeg\" \/>\n\t<meta property=\"og:image:width\" content=\"1002\" \/>\n\t<meta property=\"og:image:height\" content=\"1024\" \/>\n\t<meta property=\"og:image:type\" content=\"image\/jpeg\" \/>\n<meta name=\"twitter:card\" content=\"summary_large_image\" \/>\n<script type=\"application\/ld+json\" class=\"yoast-schema-graph\">{\"@context\":\"https:\/\/schema.org\",\"@graph\":[{\"@type\":\"WebPage\",\"@id\":\"https:\/\/www.enabags.es\/index.php\/producto\/monedero-xs-blanco-crema\/\",\"url\":\"https:\/\/www.enabags.es\/index.php\/producto\/monedero-xs-blanco-crema\/\",\"name\":\"MONEDERO XS BLANCO CREMA - Enabags\",\"isPartOf\":{\"@id\":\"https:\/\/www.enabags.es\/#website\"},\"datePublished\":\"2023-06-22T17:45:33+00:00\",\"dateModified\":\"2024-03-28T10:44:04+00:00\",\"breadcrumb\":{\"@id\":\"https:\/\/www.enabags.es\/index.php\/producto\/monedero-xs-blanco-crema\/#breadcrumb\"},\"inLanguage\":\"es\",\"potentialAction\":[{\"@type\":\"ReadAction\",\"target\":[\"https:\/\/www.enabags.es\/index.php\/producto\/monedero-xs-blanco-crema\/\"]}]},{\"@type\":\"BreadcrumbList\",\"@id\":\"https:\/\/www.enabags.es\/index.php\/producto\/monedero-xs-blanco-crema\/#breadcrumb\",\"itemListElement\":[{\"@type\":\"ListItem\",\"position\":1,\"name\":\"Portada\",\"item\":\"https:\/\/www.enabags.es\/\"},{\"@type\":\"ListItem\",\"position\":2,\"name\":\"Tienda\",\"item\":\"https:\/\/www.enabags.es\/index.php\/tienda\/\"},{\"@type\":\"ListItem\",\"position\":3,\"name\":\"MONEDERO XS BLANCO CREMA\"}]},{\"@type\":\"WebSite\",\"@id\":\"https:\/\/www.enabags.es\/#website\",\"url\":\"https:\/\/www.enabags.es\/\",\"name\":\"ENABAGS.ES\",\"description\":\"ENABAGS\",\"potentialAction\":[{\"@type\":\"SearchAction\",\"target\":{\"@type\":\"EntryPoint\",\"urlTemplate\":\"https:\/\/www.enabags.es\/?s={search_term_string}\"},\"query-input\":\"required name=search_term_string\"}],\"inLanguage\":\"es\"}]}<\/script>\n<!-- \/ Yoast SEO plugin. -->","yoast_head_json":{"title":"MONEDERO XS BLANCO CREMA - Enabags","robots":{"index":"index","follow":"follow","max-snippet":"max-snippet:-1","max-image-preview":"max-image-preview:large","max-video-preview":"max-video-preview:-1"},"canonical":"https:\/\/www.enabags.es\/index.php\/producto\/monedero-xs-blanco-crema\/","og_locale":"es_ES","og_type":"article","og_title":"MONEDERO XS BLANCO CREMA - Enabags","og_description":"Monedero circular, de tama\u00f1o peque\u00f1o y color blanco crema. Material similar a lana. Cierre de cremallera. GASTOS DE ENV\u00cdOS INCLUIDOS EN EL PRECIO.","og_url":"https:\/\/www.enabags.es\/index.php\/producto\/monedero-xs-blanco-crema\/","og_site_name":"Enabags","article_publisher":"https:\/\/www.facebook.com\/enabags.es\/","article_modified_time":"2024-03-28T10:44:04+00:00","og_image":[{"width":1002,"height":1024,"url":"https:\/\/www.enabags.es\/wp-content\/uploads\/2023\/06\/WhatsApp-Image-2023-06-22-at-19.38.56-2.jpeg","type":"image\/jpeg"}],"twitter_card":"summary_large_image","schema":{"@context":"https:\/\/schema.org","@graph":[{"@type":"WebPage","@id":"https:\/\/www.enabags.es\/index.php\/producto\/monedero-xs-blanco-crema\/","url":"https:\/\/www.enabags.es\/index.php\/producto\/monedero-xs-blanco-crema\/","name":"MONEDERO XS BLANCO CREMA - Enabags","isPartOf":{"@id":"https:\/\/www.enabags.es\/#website"},"datePublished":"2023-06-22T17:45:33+00:00","dateModified":"2024-03-28T10:44:04+00:00","breadcrumb":{"@id":"https:\/\/www.enabags.es\/index.php\/producto\/monedero-xs-blanco-crema\/#breadcrumb"},"inLanguage":"es","potentialAction":[{"@type":"ReadAction","target":["https:\/\/www.enabags.es\/index.php\/producto\/monedero-xs-blanco-crema\/"]}]},{"@type":"BreadcrumbList","@id":"https:\/\/www.enabags.es\/index.php\/producto\/monedero-xs-blanco-crema\/#breadcrumb","itemListElement":[{"@type":"ListItem","position":1,"name":"Portada","item":"https:\/\/www.enabags.es\/"},{"@type":"ListItem","position":2,"name":"Tienda","item":"https:\/\/www.enabags.es\/index.php\/tienda\/"},{"@type":"ListItem","position":3,"name":"MONEDERO XS BLANCO CREMA"}]},{"@type":"WebSite","@id":"https:\/\/www.enabags.es\/#website","url":"https:\/\/www.enabags.es\/","name":"ENABAGS.ES","description":"ENABAGS","potentialAction":[{"@type":"SearchAction","target":{"@type":"EntryPoint","urlTemplate":"https:\/\/www.enabags.es\/?s={search_term_string}"},"query-input":"required name=search_term_string"}],"inLanguage":"es"}]}},"_links":{"self":[{"href":"https:\/\/www.enabags.es\/index.php\/wp-json\/wp\/v2\/product\/2026","targetHints":{"allow":["GET"]}}],"collection":[{"href":"https:\/\/www.enabags.es\/index.php\/wp-json\/wp\/v2\/product"}],"about":[{"href":"https:\/\/www.enabags.es\/index.php\/wp-json\/wp\/v2\/types\/product"}],"replies":[{"embeddable":true,"href":"https:\/\/www.enabags.es\/index.php\/wp-json\/wp\/v2\/comments?post=2026"}],"wp:attachment":[{"href":"https:\/\/www.enabags.es\/index.php\/wp-json\/wp\/v2\/media?parent=2026"}],"wp:term":[{"taxonomy":"product_cat","embeddable":true,"href":"https:\/\/www.enabags.es\/index.php\/wp-json\/wp\/v2\/product_cat?post=2026"},{"taxonomy":"product_tag","embeddable":true,"href":"https:\/\/www.enabags.es\/index.php\/wp-json\/wp\/v2\/product_tag?post=2026"}],"curies":[{"name":"wp","href":"https:\/\/api.w.org\/{rel}","templated":true}]}}