{"id":1376,"date":"2023-02-01T17:50:14","date_gmt":"2023-02-01T17:50:14","guid":{"rendered":"https:\/\/www.enabags.es\/?post_type=product&#038;p=1376"},"modified":"2023-04-04T09:43:40","modified_gmt":"2023-04-04T09:43:40","slug":"bufanda-azul-electrico-diente-de-leon","status":"publish","type":"product","link":"https:\/\/www.enabags.es\/index.php\/producto\/bufanda-azul-electrico-diente-de-leon\/","title":{"rendered":"BUFANDA MUJER AZUL EL\u00c9CTRICO (DIENTE DE LE\u00d3N)."},"content":{"rendered":"<p>Bufanda color AZUL, con detalles de diente de le\u00f3n. S\u00faper calentita y c\u00f3moda, ideal para un outfit formal o informal.<\/p>\n","protected":false},"excerpt":{"rendered":"<p>Bufanda color <strong>AZUL EL\u00c9CTRICO<\/strong>, con detalles de diente de le\u00f3n. S\u00faper calentita y c\u00f3moda, ideal para un outfit formal o informal.<\/p>\n<p>MEDIDAS: 200 CM X 70 CM<\/p>\n<p>COMPOSICI\u00d3N MATERIALES: 80 % LANA, 20 % VISCOSA.<\/p>\n<p>(Disponible en otros colores)<\/p>\n<p>GASTOS DE ENV\u00cdO INCLUIDOS EN EL PECIO.<\/p>\n","protected":false},"featured_media":0,"comment_status":"open","ping_status":"closed","template":"","meta":[],"product_cat":[113,120,17,94],"product_tag":[],"class_list":["post-1376","product","type-product","status-publish","hentry","product_cat-mujer","product_cat-bufandas-panuelos","product_cat-ver-todo","product_cat-complementos"],"yoast_head":"<!-- This site is optimized with the Yoast SEO plugin v21.9.1 - https:\/\/yoast.com\/wordpress\/plugins\/seo\/ -->\n<title>BUFANDA MUJER AZUL EL\u00c9CTRICO (DIENTE DE LE\u00d3N). - Enabags<\/title>\n<meta name=\"robots\" content=\"index, follow, max-snippet:-1, max-image-preview:large, max-video-preview:-1\" \/>\n<link rel=\"canonical\" href=\"https:\/\/www.enabags.es\/index.php\/producto\/bufanda-azul-electrico-diente-de-leon\/\" \/>\n<meta property=\"og:locale\" content=\"es_ES\" \/>\n<meta property=\"og:type\" content=\"article\" \/>\n<meta property=\"og:title\" content=\"BUFANDA MUJER AZUL EL\u00c9CTRICO (DIENTE DE LE\u00d3N). - Enabags\" \/>\n<meta property=\"og:description\" content=\"Bufanda color AZUL EL\u00c9CTRICO, con detalles de diente de le\u00f3n. S\u00faper calentita y c\u00f3moda, ideal para un outfit formal o informal.  MEDIDAS: 200 CM X 70 CM  COMPOSICI\u00d3N MATERIALES: 80 % LANA, 20 % VISCOSA.  (Disponible en otros colores)  GASTOS DE ENV\u00cdO INCLUIDOS EN EL PECIO.\" \/>\n<meta property=\"og:url\" content=\"https:\/\/www.enabags.es\/index.php\/producto\/bufanda-azul-electrico-diente-de-leon\/\" \/>\n<meta property=\"og:site_name\" content=\"Enabags\" \/>\n<meta property=\"article:publisher\" content=\"https:\/\/www.facebook.com\/enabags.es\/\" \/>\n<meta property=\"article:modified_time\" content=\"2023-04-04T09:43:40+00:00\" \/>\n<meta property=\"og:image\" content=\"https:\/\/www.enabags.es\/wp-content\/uploads\/2023\/02\/WhatsApp-Image-2023-02-02-at-17.08.48-3.jpeg\" \/>\n\t<meta property=\"og:image:width\" content=\"1024\" \/>\n\t<meta property=\"og:image:height\" content=\"768\" \/>\n\t<meta property=\"og:image:type\" content=\"image\/jpeg\" \/>\n<meta name=\"twitter:card\" content=\"summary_large_image\" \/>\n<script type=\"application\/ld+json\" class=\"yoast-schema-graph\">{\"@context\":\"https:\/\/schema.org\",\"@graph\":[{\"@type\":\"WebPage\",\"@id\":\"https:\/\/www.enabags.es\/index.php\/producto\/bufanda-azul-electrico-diente-de-leon\/\",\"url\":\"https:\/\/www.enabags.es\/index.php\/producto\/bufanda-azul-electrico-diente-de-leon\/\",\"name\":\"BUFANDA MUJER AZUL EL\u00c9CTRICO (DIENTE DE LE\u00d3N). - Enabags\",\"isPartOf\":{\"@id\":\"https:\/\/www.enabags.es\/#website\"},\"datePublished\":\"2023-02-01T17:50:14+00:00\",\"dateModified\":\"2023-04-04T09:43:40+00:00\",\"breadcrumb\":{\"@id\":\"https:\/\/www.enabags.es\/index.php\/producto\/bufanda-azul-electrico-diente-de-leon\/#breadcrumb\"},\"inLanguage\":\"es\",\"potentialAction\":[{\"@type\":\"ReadAction\",\"target\":[\"https:\/\/www.enabags.es\/index.php\/producto\/bufanda-azul-electrico-diente-de-leon\/\"]}]},{\"@type\":\"BreadcrumbList\",\"@id\":\"https:\/\/www.enabags.es\/index.php\/producto\/bufanda-azul-electrico-diente-de-leon\/#breadcrumb\",\"itemListElement\":[{\"@type\":\"ListItem\",\"position\":1,\"name\":\"Portada\",\"item\":\"https:\/\/www.enabags.es\/\"},{\"@type\":\"ListItem\",\"position\":2,\"name\":\"Tienda\",\"item\":\"https:\/\/www.enabags.es\/index.php\/tienda\/\"},{\"@type\":\"ListItem\",\"position\":3,\"name\":\"BUFANDA MUJER AZUL EL\u00c9CTRICO (DIENTE DE LE\u00d3N).\"}]},{\"@type\":\"WebSite\",\"@id\":\"https:\/\/www.enabags.es\/#website\",\"url\":\"https:\/\/www.enabags.es\/\",\"name\":\"ENABAGS.ES\",\"description\":\"ENABAGS\",\"potentialAction\":[{\"@type\":\"SearchAction\",\"target\":{\"@type\":\"EntryPoint\",\"urlTemplate\":\"https:\/\/www.enabags.es\/?s={search_term_string}\"},\"query-input\":\"required name=search_term_string\"}],\"inLanguage\":\"es\"}]}<\/script>\n<!-- \/ Yoast SEO plugin. -->","yoast_head_json":{"title":"BUFANDA MUJER AZUL EL\u00c9CTRICO (DIENTE DE LE\u00d3N). - Enabags","robots":{"index":"index","follow":"follow","max-snippet":"max-snippet:-1","max-image-preview":"max-image-preview:large","max-video-preview":"max-video-preview:-1"},"canonical":"https:\/\/www.enabags.es\/index.php\/producto\/bufanda-azul-electrico-diente-de-leon\/","og_locale":"es_ES","og_type":"article","og_title":"BUFANDA MUJER AZUL EL\u00c9CTRICO (DIENTE DE LE\u00d3N). - Enabags","og_description":"Bufanda color AZUL EL\u00c9CTRICO, con detalles de diente de le\u00f3n. S\u00faper calentita y c\u00f3moda, ideal para un outfit formal o informal.  MEDIDAS: 200 CM X 70 CM  COMPOSICI\u00d3N MATERIALES: 80 % LANA, 20 % VISCOSA.  (Disponible en otros colores)  GASTOS DE ENV\u00cdO INCLUIDOS EN EL PECIO.","og_url":"https:\/\/www.enabags.es\/index.php\/producto\/bufanda-azul-electrico-diente-de-leon\/","og_site_name":"Enabags","article_publisher":"https:\/\/www.facebook.com\/enabags.es\/","article_modified_time":"2023-04-04T09:43:40+00:00","og_image":[{"width":1024,"height":768,"url":"https:\/\/www.enabags.es\/wp-content\/uploads\/2023\/02\/WhatsApp-Image-2023-02-02-at-17.08.48-3.jpeg","type":"image\/jpeg"}],"twitter_card":"summary_large_image","schema":{"@context":"https:\/\/schema.org","@graph":[{"@type":"WebPage","@id":"https:\/\/www.enabags.es\/index.php\/producto\/bufanda-azul-electrico-diente-de-leon\/","url":"https:\/\/www.enabags.es\/index.php\/producto\/bufanda-azul-electrico-diente-de-leon\/","name":"BUFANDA MUJER AZUL EL\u00c9CTRICO (DIENTE DE LE\u00d3N). - Enabags","isPartOf":{"@id":"https:\/\/www.enabags.es\/#website"},"datePublished":"2023-02-01T17:50:14+00:00","dateModified":"2023-04-04T09:43:40+00:00","breadcrumb":{"@id":"https:\/\/www.enabags.es\/index.php\/producto\/bufanda-azul-electrico-diente-de-leon\/#breadcrumb"},"inLanguage":"es","potentialAction":[{"@type":"ReadAction","target":["https:\/\/www.enabags.es\/index.php\/producto\/bufanda-azul-electrico-diente-de-leon\/"]}]},{"@type":"BreadcrumbList","@id":"https:\/\/www.enabags.es\/index.php\/producto\/bufanda-azul-electrico-diente-de-leon\/#breadcrumb","itemListElement":[{"@type":"ListItem","position":1,"name":"Portada","item":"https:\/\/www.enabags.es\/"},{"@type":"ListItem","position":2,"name":"Tienda","item":"https:\/\/www.enabags.es\/index.php\/tienda\/"},{"@type":"ListItem","position":3,"name":"BUFANDA MUJER AZUL EL\u00c9CTRICO (DIENTE DE LE\u00d3N)."}]},{"@type":"WebSite","@id":"https:\/\/www.enabags.es\/#website","url":"https:\/\/www.enabags.es\/","name":"ENABAGS.ES","description":"ENABAGS","potentialAction":[{"@type":"SearchAction","target":{"@type":"EntryPoint","urlTemplate":"https:\/\/www.enabags.es\/?s={search_term_string}"},"query-input":"required name=search_term_string"}],"inLanguage":"es"}]}},"_links":{"self":[{"href":"https:\/\/www.enabags.es\/index.php\/wp-json\/wp\/v2\/product\/1376","targetHints":{"allow":["GET"]}}],"collection":[{"href":"https:\/\/www.enabags.es\/index.php\/wp-json\/wp\/v2\/product"}],"about":[{"href":"https:\/\/www.enabags.es\/index.php\/wp-json\/wp\/v2\/types\/product"}],"replies":[{"embeddable":true,"href":"https:\/\/www.enabags.es\/index.php\/wp-json\/wp\/v2\/comments?post=1376"}],"wp:attachment":[{"href":"https:\/\/www.enabags.es\/index.php\/wp-json\/wp\/v2\/media?parent=1376"}],"wp:term":[{"taxonomy":"product_cat","embeddable":true,"href":"https:\/\/www.enabags.es\/index.php\/wp-json\/wp\/v2\/product_cat?post=1376"},{"taxonomy":"product_tag","embeddable":true,"href":"https:\/\/www.enabags.es\/index.php\/wp-json\/wp\/v2\/product_tag?post=1376"}],"curies":[{"name":"wp","href":"https:\/\/api.w.org\/{rel}","templated":true}]}}