{"id":1367,"date":"2023-02-01T17:19:44","date_gmt":"2023-02-01T17:19:44","guid":{"rendered":"https:\/\/www.enabags.es\/?post_type=product&#038;p=1367"},"modified":"2023-09-23T09:08:06","modified_gmt":"2023-09-23T09:08:06","slug":"shopper-neopreno-personalizado-beige","status":"publish","type":"product","link":"https:\/\/www.enabags.es\/index.php\/producto\/shopper-neopreno-personalizado-beige\/","title":{"rendered":"BOLSO SHOPPER NEOPRENO BEIGE (Opci\u00f3n de personalizar)"},"content":{"rendered":"<p>Bolso grande de neopreno, color <strong>BEIGE OSCURO<\/strong>. Asas en forma de cuerda que atraviesan por el exterior del bolso (como en la foto). No tiene cierre. Incluye un neceser peque\u00f1o en su interior, acoplable a las asas del bolso. Se agranda con ayuda de unos botones que tiene en sus laterales.<\/p>\n<p>&#8220;Esta nueva tendencia del neopreno es fascinante, son bolsos muy muy c\u00f3modos de llevar a cualquier parte. Adem\u00e1s, puedes darle un toque personal a\u00f1adiendo tus iniciales o tu nombre, es genial!&#8221;<\/p>\n","protected":false},"excerpt":{"rendered":"<p style=\"text-align: center;\">Bolso grande de neopreno, color <strong>BEIGE OSCURO<\/strong>. Asas en forma de cuerda que atraviesan por el exterior del bolso (como en la foto). No tiene cierre. Incluye un neceser peque\u00f1o en su interior, acoplable a las asas del bolso. Se agranda con ayuda de unos botones que tiene en sus laterales.<\/p>\n<p style=\"text-align: center;\"><strong>PERSONALIZABLE: A\u00d1ADE TUS INICIALES O TU NOMBRE AL BOLSO (GRABADO A L\u00c1SER)<\/strong><\/p>\n<p style=\"text-align: center;\">GASTOS DE ENV\u00cdO INCLUIDOS EN EL PRECIO.<\/p>\n<p style=\"text-align: center;\">MEDIDAS: 38 CM (LARGO) X 20 CM (ANCHO) X 30 CM (ALTO).<\/p>\n<p style=\"text-align: center;\">(Disponible en otro color)<\/p>\n","protected":false},"featured_media":0,"comment_status":"open","ping_status":"closed","template":"","meta":[],"product_cat":[154,113,119,32,17,86],"product_tag":[],"class_list":["post-1367","product","type-product","status-publish","hentry","product_cat-bolsos-coleccion-primavera-2024","product_cat-mujer","product_cat-bolsos-neopreno","product_cat-bolsos-grandes","product_cat-ver-todo","product_cat-bolsos-personalizables-con-letras-grabadas"],"yoast_head":"<!-- This site is optimized with the Yoast SEO plugin v21.9.1 - https:\/\/yoast.com\/wordpress\/plugins\/seo\/ -->\n<title>BOLSO SHOPPER NEOPRENO BEIGE (Opci\u00f3n de personalizar) - Enabags<\/title>\n<meta name=\"robots\" content=\"index, follow, max-snippet:-1, max-image-preview:large, max-video-preview:-1\" \/>\n<link rel=\"canonical\" href=\"https:\/\/www.enabags.es\/index.php\/producto\/shopper-neopreno-personalizado-beige\/\" \/>\n<meta property=\"og:locale\" content=\"es_ES\" \/>\n<meta property=\"og:type\" content=\"article\" \/>\n<meta property=\"og:title\" content=\"BOLSO SHOPPER NEOPRENO BEIGE (Opci\u00f3n de personalizar) - Enabags\" \/>\n<meta property=\"og:description\" content=\"Bolso grande de neopreno, color BEIGE OSCURO. Asas en forma de cuerda que atraviesan por el exterior del bolso (como en la foto). No tiene cierre. Incluye un neceser peque\u00f1o en su interior, acoplable a las asas del bolso. Se agranda con ayuda de unos botones que tiene en sus laterales. PERSONALIZABLE: A\u00d1ADE TUS INICIALES O TU NOMBRE AL BOLSO (GRABADO A L\u00c1SER) GASTOS DE ENV\u00cdO INCLUIDOS EN EL PRECIO. MEDIDAS: 38 CM (LARGO) X 20 CM (ANCHO) X 30 CM (ALTO). (Disponible en otro color)\" \/>\n<meta property=\"og:url\" content=\"https:\/\/www.enabags.es\/index.php\/producto\/shopper-neopreno-personalizado-beige\/\" \/>\n<meta property=\"og:site_name\" content=\"Enabags\" \/>\n<meta property=\"article:publisher\" content=\"https:\/\/www.facebook.com\/enabags.es\/\" \/>\n<meta property=\"article:modified_time\" content=\"2023-09-23T09:08:06+00:00\" \/>\n<meta property=\"og:image\" content=\"https:\/\/www.enabags.es\/wp-content\/uploads\/2023\/02\/WhatsApp-Image-2023-02-02-at-16.56.02-12.jpeg\" \/>\n\t<meta property=\"og:image:width\" content=\"764\" \/>\n\t<meta property=\"og:image:height\" content=\"1024\" \/>\n\t<meta property=\"og:image:type\" content=\"image\/jpeg\" \/>\n<meta name=\"twitter:card\" content=\"summary_large_image\" \/>\n<script type=\"application\/ld+json\" class=\"yoast-schema-graph\">{\"@context\":\"https:\/\/schema.org\",\"@graph\":[{\"@type\":\"WebPage\",\"@id\":\"https:\/\/www.enabags.es\/index.php\/producto\/shopper-neopreno-personalizado-beige\/\",\"url\":\"https:\/\/www.enabags.es\/index.php\/producto\/shopper-neopreno-personalizado-beige\/\",\"name\":\"BOLSO SHOPPER NEOPRENO BEIGE (Opci\u00f3n de personalizar) - Enabags\",\"isPartOf\":{\"@id\":\"https:\/\/www.enabags.es\/#website\"},\"datePublished\":\"2023-02-01T17:19:44+00:00\",\"dateModified\":\"2023-09-23T09:08:06+00:00\",\"breadcrumb\":{\"@id\":\"https:\/\/www.enabags.es\/index.php\/producto\/shopper-neopreno-personalizado-beige\/#breadcrumb\"},\"inLanguage\":\"es\",\"potentialAction\":[{\"@type\":\"ReadAction\",\"target\":[\"https:\/\/www.enabags.es\/index.php\/producto\/shopper-neopreno-personalizado-beige\/\"]}]},{\"@type\":\"BreadcrumbList\",\"@id\":\"https:\/\/www.enabags.es\/index.php\/producto\/shopper-neopreno-personalizado-beige\/#breadcrumb\",\"itemListElement\":[{\"@type\":\"ListItem\",\"position\":1,\"name\":\"Portada\",\"item\":\"https:\/\/www.enabags.es\/\"},{\"@type\":\"ListItem\",\"position\":2,\"name\":\"Tienda\",\"item\":\"https:\/\/www.enabags.es\/index.php\/tienda\/\"},{\"@type\":\"ListItem\",\"position\":3,\"name\":\"BOLSO SHOPPER NEOPRENO BEIGE (Opci\u00f3n de personalizar)\"}]},{\"@type\":\"WebSite\",\"@id\":\"https:\/\/www.enabags.es\/#website\",\"url\":\"https:\/\/www.enabags.es\/\",\"name\":\"ENABAGS.ES\",\"description\":\"ENABAGS\",\"potentialAction\":[{\"@type\":\"SearchAction\",\"target\":{\"@type\":\"EntryPoint\",\"urlTemplate\":\"https:\/\/www.enabags.es\/?s={search_term_string}\"},\"query-input\":\"required name=search_term_string\"}],\"inLanguage\":\"es\"}]}<\/script>\n<!-- \/ Yoast SEO plugin. -->","yoast_head_json":{"title":"BOLSO SHOPPER NEOPRENO BEIGE (Opci\u00f3n de personalizar) - Enabags","robots":{"index":"index","follow":"follow","max-snippet":"max-snippet:-1","max-image-preview":"max-image-preview:large","max-video-preview":"max-video-preview:-1"},"canonical":"https:\/\/www.enabags.es\/index.php\/producto\/shopper-neopreno-personalizado-beige\/","og_locale":"es_ES","og_type":"article","og_title":"BOLSO SHOPPER NEOPRENO BEIGE (Opci\u00f3n de personalizar) - Enabags","og_description":"Bolso grande de neopreno, color BEIGE OSCURO. Asas en forma de cuerda que atraviesan por el exterior del bolso (como en la foto). No tiene cierre. Incluye un neceser peque\u00f1o en su interior, acoplable a las asas del bolso. Se agranda con ayuda de unos botones que tiene en sus laterales. PERSONALIZABLE: A\u00d1ADE TUS INICIALES O TU NOMBRE AL BOLSO (GRABADO A L\u00c1SER) GASTOS DE ENV\u00cdO INCLUIDOS EN EL PRECIO. MEDIDAS: 38 CM (LARGO) X 20 CM (ANCHO) X 30 CM (ALTO). (Disponible en otro color)","og_url":"https:\/\/www.enabags.es\/index.php\/producto\/shopper-neopreno-personalizado-beige\/","og_site_name":"Enabags","article_publisher":"https:\/\/www.facebook.com\/enabags.es\/","article_modified_time":"2023-09-23T09:08:06+00:00","og_image":[{"width":764,"height":1024,"url":"https:\/\/www.enabags.es\/wp-content\/uploads\/2023\/02\/WhatsApp-Image-2023-02-02-at-16.56.02-12.jpeg","type":"image\/jpeg"}],"twitter_card":"summary_large_image","schema":{"@context":"https:\/\/schema.org","@graph":[{"@type":"WebPage","@id":"https:\/\/www.enabags.es\/index.php\/producto\/shopper-neopreno-personalizado-beige\/","url":"https:\/\/www.enabags.es\/index.php\/producto\/shopper-neopreno-personalizado-beige\/","name":"BOLSO SHOPPER NEOPRENO BEIGE (Opci\u00f3n de personalizar) - Enabags","isPartOf":{"@id":"https:\/\/www.enabags.es\/#website"},"datePublished":"2023-02-01T17:19:44+00:00","dateModified":"2023-09-23T09:08:06+00:00","breadcrumb":{"@id":"https:\/\/www.enabags.es\/index.php\/producto\/shopper-neopreno-personalizado-beige\/#breadcrumb"},"inLanguage":"es","potentialAction":[{"@type":"ReadAction","target":["https:\/\/www.enabags.es\/index.php\/producto\/shopper-neopreno-personalizado-beige\/"]}]},{"@type":"BreadcrumbList","@id":"https:\/\/www.enabags.es\/index.php\/producto\/shopper-neopreno-personalizado-beige\/#breadcrumb","itemListElement":[{"@type":"ListItem","position":1,"name":"Portada","item":"https:\/\/www.enabags.es\/"},{"@type":"ListItem","position":2,"name":"Tienda","item":"https:\/\/www.enabags.es\/index.php\/tienda\/"},{"@type":"ListItem","position":3,"name":"BOLSO SHOPPER NEOPRENO BEIGE (Opci\u00f3n de personalizar)"}]},{"@type":"WebSite","@id":"https:\/\/www.enabags.es\/#website","url":"https:\/\/www.enabags.es\/","name":"ENABAGS.ES","description":"ENABAGS","potentialAction":[{"@type":"SearchAction","target":{"@type":"EntryPoint","urlTemplate":"https:\/\/www.enabags.es\/?s={search_term_string}"},"query-input":"required name=search_term_string"}],"inLanguage":"es"}]}},"_links":{"self":[{"href":"https:\/\/www.enabags.es\/index.php\/wp-json\/wp\/v2\/product\/1367","targetHints":{"allow":["GET"]}}],"collection":[{"href":"https:\/\/www.enabags.es\/index.php\/wp-json\/wp\/v2\/product"}],"about":[{"href":"https:\/\/www.enabags.es\/index.php\/wp-json\/wp\/v2\/types\/product"}],"replies":[{"embeddable":true,"href":"https:\/\/www.enabags.es\/index.php\/wp-json\/wp\/v2\/comments?post=1367"}],"wp:attachment":[{"href":"https:\/\/www.enabags.es\/index.php\/wp-json\/wp\/v2\/media?parent=1367"}],"wp:term":[{"taxonomy":"product_cat","embeddable":true,"href":"https:\/\/www.enabags.es\/index.php\/wp-json\/wp\/v2\/product_cat?post=1367"},{"taxonomy":"product_tag","embeddable":true,"href":"https:\/\/www.enabags.es\/index.php\/wp-json\/wp\/v2\/product_tag?post=1367"}],"curies":[{"name":"wp","href":"https:\/\/api.w.org\/{rel}","templated":true}]}}