{"id":1236,"date":"2022-12-09T16:42:12","date_gmt":"2022-12-09T16:42:12","guid":{"rendered":"https:\/\/www.enabags.es\/?post_type=product&#038;p=1236"},"modified":"2024-03-28T10:38:00","modified_gmt":"2024-03-28T10:38:00","slug":"bandolera-panete-personalizable-gris","status":"publish","type":"product","link":"https:\/\/www.enabags.es\/index.php\/producto\/bandolera-panete-personalizable-gris\/","title":{"rendered":"BANDOLERA PA\u00d1ETE FIELTRO GRIS (Con opci\u00f3n de personalizar)"},"content":{"rendered":"<p>Bandolera de filtro, tama\u00f1o mediano y color <b>GRIS<\/b>, personalizado con las iniciales o el nombre grabado. Cierre de bot\u00f3n con im\u00e1n (en forma de tapa) y cierre de cremallera. Correa ajustable para el hombro de piel color negro. Detalle de piel en su exterior. Dispone de bastante espacio en su interior.<\/p>\n<p><em>&#8220;Me encanta esta nueva tendencia de los bolsos personalizados, los veo en todas partes: metro, universidad, supermercado, centros comerciales&#8230; y a gente de todas las edades. Lo que m\u00e1s me gusta es el toque personal que puedes proporcionarle al bolso, cuando veo una inicial siempre trato de adivinar los posibles nombres de la due\u00f1a del bolso \u00bfSoy la \u00fanica a la que le pasa?&#8221;<\/em><\/p>\n","protected":false},"excerpt":{"rendered":"<p style=\"text-align: center;\">Bandolera de filtro, tama\u00f1o mediano y color <b>GRIS<\/b>, personalizable con las iniciales o el nombre grabado. Cierre de bot\u00f3n con im\u00e1n (en forma de tapa) y cierre de cremallera. Correa ajustable para el hombro de piel color negro. Detalle de piel en su exterior. Dispone de bastante espacio en su interior.<\/p>\n<p style=\"text-align: center;\">GASTOS DE ENV\u00cdO YA INCLUIDOS EN EL PRECIO.<\/p>\n<p style=\"text-align: center;\">(Disponible en otros modelos)<\/p>\n<p style=\"text-align: center;\">MEDIDAS: 21 cm ALTO x 33 cm LARGO x 8 cm ANCHO.<\/p>\n","protected":false},"featured_media":0,"comment_status":"open","ping_status":"closed","template":"","meta":[],"product_cat":[113,64,115,17,86],"product_tag":[],"class_list":["post-1236","product","type-product","status-publish","hentry","product_cat-mujer","product_cat-bandoleras-y-bolsos-de-hombro","product_cat-bolsos-shopper-panete","product_cat-ver-todo","product_cat-bolsos-personalizables-con-letras-grabadas"],"yoast_head":"<!-- This site is optimized with the Yoast SEO plugin v21.9.1 - https:\/\/yoast.com\/wordpress\/plugins\/seo\/ -->\n<title>BANDOLERA PA\u00d1ETE FIELTRO GRIS (Con opci\u00f3n de personalizar) - Enabags<\/title>\n<meta name=\"description\" content=\"BANDOLERA PA\u00d1ETE FIELTRO GRIS (Con opci\u00f3n de personalizar)\" \/>\n<meta name=\"robots\" content=\"index, follow, max-snippet:-1, max-image-preview:large, max-video-preview:-1\" \/>\n<link rel=\"canonical\" href=\"https:\/\/www.enabags.es\/index.php\/producto\/bandolera-panete-personalizable-gris\/\" \/>\n<meta property=\"og:locale\" content=\"es_ES\" \/>\n<meta property=\"og:type\" content=\"article\" \/>\n<meta property=\"og:title\" content=\"BANDOLERA PA\u00d1ETE FIELTRO GRIS (Con opci\u00f3n de personalizar) - Enabags\" \/>\n<meta property=\"og:description\" content=\"BANDOLERA PA\u00d1ETE FIELTRO GRIS (Con opci\u00f3n de personalizar)\" \/>\n<meta property=\"og:url\" content=\"https:\/\/www.enabags.es\/index.php\/producto\/bandolera-panete-personalizable-gris\/\" \/>\n<meta property=\"og:site_name\" content=\"Enabags\" \/>\n<meta property=\"article:publisher\" content=\"https:\/\/www.facebook.com\/enabags.es\/\" \/>\n<meta property=\"article:modified_time\" content=\"2024-03-28T10:38:00+00:00\" \/>\n<meta property=\"og:image\" content=\"https:\/\/www.enabags.es\/wp-content\/uploads\/2023\/02\/13.png\" \/>\n\t<meta property=\"og:image:width\" content=\"1080\" \/>\n\t<meta property=\"og:image:height\" content=\"1080\" \/>\n\t<meta property=\"og:image:type\" content=\"image\/png\" \/>\n<meta name=\"twitter:card\" content=\"summary_large_image\" \/>\n<meta name=\"twitter:label1\" content=\"Tiempo de lectura\" \/>\n\t<meta name=\"twitter:data1\" content=\"1 minuto\" \/>\n<script type=\"application\/ld+json\" class=\"yoast-schema-graph\">{\"@context\":\"https:\/\/schema.org\",\"@graph\":[{\"@type\":\"WebPage\",\"@id\":\"https:\/\/www.enabags.es\/index.php\/producto\/bandolera-panete-personalizable-gris\/\",\"url\":\"https:\/\/www.enabags.es\/index.php\/producto\/bandolera-panete-personalizable-gris\/\",\"name\":\"BANDOLERA PA\u00d1ETE FIELTRO GRIS (Con opci\u00f3n de personalizar) - Enabags\",\"isPartOf\":{\"@id\":\"https:\/\/www.enabags.es\/#website\"},\"datePublished\":\"2022-12-09T16:42:12+00:00\",\"dateModified\":\"2024-03-28T10:38:00+00:00\",\"description\":\"BANDOLERA PA\u00d1ETE FIELTRO GRIS (Con opci\u00f3n de personalizar)\",\"breadcrumb\":{\"@id\":\"https:\/\/www.enabags.es\/index.php\/producto\/bandolera-panete-personalizable-gris\/#breadcrumb\"},\"inLanguage\":\"es\",\"potentialAction\":[{\"@type\":\"ReadAction\",\"target\":[\"https:\/\/www.enabags.es\/index.php\/producto\/bandolera-panete-personalizable-gris\/\"]}]},{\"@type\":\"BreadcrumbList\",\"@id\":\"https:\/\/www.enabags.es\/index.php\/producto\/bandolera-panete-personalizable-gris\/#breadcrumb\",\"itemListElement\":[{\"@type\":\"ListItem\",\"position\":1,\"name\":\"Portada\",\"item\":\"https:\/\/www.enabags.es\/\"},{\"@type\":\"ListItem\",\"position\":2,\"name\":\"Tienda\",\"item\":\"https:\/\/www.enabags.es\/index.php\/tienda\/\"},{\"@type\":\"ListItem\",\"position\":3,\"name\":\"BANDOLERA PA\u00d1ETE FIELTRO GRIS (Con opci\u00f3n de personalizar)\"}]},{\"@type\":\"WebSite\",\"@id\":\"https:\/\/www.enabags.es\/#website\",\"url\":\"https:\/\/www.enabags.es\/\",\"name\":\"ENABAGS.ES\",\"description\":\"ENABAGS\",\"potentialAction\":[{\"@type\":\"SearchAction\",\"target\":{\"@type\":\"EntryPoint\",\"urlTemplate\":\"https:\/\/www.enabags.es\/?s={search_term_string}\"},\"query-input\":\"required name=search_term_string\"}],\"inLanguage\":\"es\"}]}<\/script>\n<!-- \/ Yoast SEO plugin. -->","yoast_head_json":{"title":"BANDOLERA PA\u00d1ETE FIELTRO GRIS (Con opci\u00f3n de personalizar) - Enabags","description":"BANDOLERA PA\u00d1ETE FIELTRO GRIS (Con opci\u00f3n de personalizar)","robots":{"index":"index","follow":"follow","max-snippet":"max-snippet:-1","max-image-preview":"max-image-preview:large","max-video-preview":"max-video-preview:-1"},"canonical":"https:\/\/www.enabags.es\/index.php\/producto\/bandolera-panete-personalizable-gris\/","og_locale":"es_ES","og_type":"article","og_title":"BANDOLERA PA\u00d1ETE FIELTRO GRIS (Con opci\u00f3n de personalizar) - Enabags","og_description":"BANDOLERA PA\u00d1ETE FIELTRO GRIS (Con opci\u00f3n de personalizar)","og_url":"https:\/\/www.enabags.es\/index.php\/producto\/bandolera-panete-personalizable-gris\/","og_site_name":"Enabags","article_publisher":"https:\/\/www.facebook.com\/enabags.es\/","article_modified_time":"2024-03-28T10:38:00+00:00","og_image":[{"width":1080,"height":1080,"url":"https:\/\/www.enabags.es\/wp-content\/uploads\/2023\/02\/13.png","type":"image\/png"}],"twitter_card":"summary_large_image","twitter_misc":{"Tiempo de lectura":"1 minuto"},"schema":{"@context":"https:\/\/schema.org","@graph":[{"@type":"WebPage","@id":"https:\/\/www.enabags.es\/index.php\/producto\/bandolera-panete-personalizable-gris\/","url":"https:\/\/www.enabags.es\/index.php\/producto\/bandolera-panete-personalizable-gris\/","name":"BANDOLERA PA\u00d1ETE FIELTRO GRIS (Con opci\u00f3n de personalizar) - Enabags","isPartOf":{"@id":"https:\/\/www.enabags.es\/#website"},"datePublished":"2022-12-09T16:42:12+00:00","dateModified":"2024-03-28T10:38:00+00:00","description":"BANDOLERA PA\u00d1ETE FIELTRO GRIS (Con opci\u00f3n de personalizar)","breadcrumb":{"@id":"https:\/\/www.enabags.es\/index.php\/producto\/bandolera-panete-personalizable-gris\/#breadcrumb"},"inLanguage":"es","potentialAction":[{"@type":"ReadAction","target":["https:\/\/www.enabags.es\/index.php\/producto\/bandolera-panete-personalizable-gris\/"]}]},{"@type":"BreadcrumbList","@id":"https:\/\/www.enabags.es\/index.php\/producto\/bandolera-panete-personalizable-gris\/#breadcrumb","itemListElement":[{"@type":"ListItem","position":1,"name":"Portada","item":"https:\/\/www.enabags.es\/"},{"@type":"ListItem","position":2,"name":"Tienda","item":"https:\/\/www.enabags.es\/index.php\/tienda\/"},{"@type":"ListItem","position":3,"name":"BANDOLERA PA\u00d1ETE FIELTRO GRIS (Con opci\u00f3n de personalizar)"}]},{"@type":"WebSite","@id":"https:\/\/www.enabags.es\/#website","url":"https:\/\/www.enabags.es\/","name":"ENABAGS.ES","description":"ENABAGS","potentialAction":[{"@type":"SearchAction","target":{"@type":"EntryPoint","urlTemplate":"https:\/\/www.enabags.es\/?s={search_term_string}"},"query-input":"required name=search_term_string"}],"inLanguage":"es"}]}},"_links":{"self":[{"href":"https:\/\/www.enabags.es\/index.php\/wp-json\/wp\/v2\/product\/1236","targetHints":{"allow":["GET"]}}],"collection":[{"href":"https:\/\/www.enabags.es\/index.php\/wp-json\/wp\/v2\/product"}],"about":[{"href":"https:\/\/www.enabags.es\/index.php\/wp-json\/wp\/v2\/types\/product"}],"replies":[{"embeddable":true,"href":"https:\/\/www.enabags.es\/index.php\/wp-json\/wp\/v2\/comments?post=1236"}],"wp:attachment":[{"href":"https:\/\/www.enabags.es\/index.php\/wp-json\/wp\/v2\/media?parent=1236"}],"wp:term":[{"taxonomy":"product_cat","embeddable":true,"href":"https:\/\/www.enabags.es\/index.php\/wp-json\/wp\/v2\/product_cat?post=1236"},{"taxonomy":"product_tag","embeddable":true,"href":"https:\/\/www.enabags.es\/index.php\/wp-json\/wp\/v2\/product_tag?post=1236"}],"curies":[{"name":"wp","href":"https:\/\/api.w.org\/{rel}","templated":true}]}}